{"id":3346,"date":"2024-09-18T11:02:24","date_gmt":"2024-09-18T09:02:24","guid":{"rendered":"https:\/\/nesputanavina.hr\/product\/philippe-viret-renaissance\/"},"modified":"2026-04-14T11:33:37","modified_gmt":"2026-04-14T09:33:37","slug":"philippe-viret-renaissance","status":"publish","type":"product","link":"https:\/\/nesputanavina.hr\/en\/shop\/philippe-viret-renaissance\/","title":{"rendered":"Renaissance 2019"},"content":{"rendered":"<p>Renaissance je kupa\u017ea Grenache, Syrah, Mourv\u00e8dre i Carignan sorti koje su klasi\u010dne za podneblje Ju\u017ene Rhone. Fermentira i odle\u017eava 4 godine u cementnim spremnicima te prolazi kroz dugu maceraciju od 45 dana. Kompleksno, punijeg tijela i svje\u017ee s notama zrelog bobi\u010dastog vo\u0107a i blage paprenosti. Bez dodanih sulfita.<\/p>\n","protected":false},"excerpt":{"rendered":"<p>Renaissance je kupa\u017ea Grenache, Syrah, Mourv\u00e8dre i Carignan sorti koje su klasi\u010dne za podneblje Ju\u017ene Rhone. Fermentira i odle\u017eava 4 godine u cementnim spremnicima te prolazi kroz dugu maceraciju od 45 dana. Kompleksno, punijeg tijela i svje\u017ee s notama zrelog bobi\u010dastog vo\u0107a i blage paprenosti. Bez dodanih sulfita.<\/p>\n","protected":false},"featured_media":3470,"template":"","meta":{"_acf_changed":false,"_et_pb_use_builder":"","_et_pb_old_content":"","_et_gb_content_width":"","inline_featured_image":false},"product_brand":[],"product_cat":[92],"product_tag":[],"class_list":{"0":"post-3346","1":"product","2":"type-product","3":"status-publish","4":"has-post-thumbnail","6":"product_cat-hiddenproducts","7":"pa_stil-vina-vocna-i-socna","8":"pa_stil-vina-bogata-i-slojevita","9":"pa_tip-vina-crvena","10":"pa_uzgoj-biodinamicki","11":"pa_volumen-boce-750ml","13":"first","14":"outofstock","15":"taxable","16":"shipping-taxable","17":"purchasable","18":"product-type-simple"},"acf":[],"_links":{"self":[{"href":"https:\/\/nesputanavina.hr\/en\/wp-json\/wp\/v2\/product\/3346","targetHints":{"allow":["GET"]}}],"collection":[{"href":"https:\/\/nesputanavina.hr\/en\/wp-json\/wp\/v2\/product"}],"about":[{"href":"https:\/\/nesputanavina.hr\/en\/wp-json\/wp\/v2\/types\/product"}],"wp:featuredmedia":[{"embeddable":true,"href":"https:\/\/nesputanavina.hr\/en\/wp-json\/wp\/v2\/media\/3470"}],"wp:attachment":[{"href":"https:\/\/nesputanavina.hr\/en\/wp-json\/wp\/v2\/media?parent=3346"}],"wp:term":[{"taxonomy":"product_brand","embeddable":true,"href":"https:\/\/nesputanavina.hr\/en\/wp-json\/wp\/v2\/product_brand?post=3346"},{"taxonomy":"product_cat","embeddable":true,"href":"https:\/\/nesputanavina.hr\/en\/wp-json\/wp\/v2\/product_cat?post=3346"},{"taxonomy":"product_tag","embeddable":true,"href":"https:\/\/nesputanavina.hr\/en\/wp-json\/wp\/v2\/product_tag?post=3346"}],"curies":[{"name":"wp","href":"https:\/\/api.w.org\/{rel}","templated":true}]}}