{"id":3347,"date":"2024-09-18T09:02:24","date_gmt":"2024-09-18T09:02:24","guid":{"rendered":"https:\/\/nesputanavina.hr\/product\/milan-nestarec-danger-380-v\/"},"modified":"2026-03-27T20:58:05","modified_gmt":"2026-03-27T19:58:05","slug":"milan-nestarec-danger-380-v","status":"publish","type":"product","link":"https:\/\/nesputanavina.hr\/en\/shop\/milan-nestarec-danger-380-v\/","title":{"rendered":"Danger 380 V 2024"},"content":{"rendered":"<p>Aromati\u010dno i vibrantno pjenu\u0161avo vino proizvedeno metodom koja se rijetko sre\u0107e. Vino prolazi re-fermentaciju sa smrznutim mo\u0161tom istih sorti neposredno prije buteljiranja. Rezultat je mineralan, citrusno osvje\u017eavaju\u0107 pjenu\u0161ac. Na nosu je blago reduktivan, dok su na nepcu posebno izra\u017eene note grejpa, limuna, zelene jabuke i bazge. Zavr\u0161etak je dug, suh i slankast. Vino se uvijek proizvodi u kombinaciji istih sorti: neuburger daje karakter, m\u00fcller thurgau lako\u0107u pijenja, a mu\u0161kat aromati\u010dnu \u017eivost.<\/p>\n","protected":false},"excerpt":{"rendered":"<p>Aromati\u010dno i vibrantno pjenu\u0161avo vino proizvedeno metodom koja se rijetko sre\u0107e. Vino prolazi re-fermentaciju sa smrznutim mo\u0161tom istih sorti neposredno prije buteljiranja. Rezultat je mineralan, citrusno osvje\u017eavaju\u0107 pjenu\u0161ac. Na nosu je blago reduktivan, dok su na nepcu posebno izra\u017eene note grejpa, limuna, zelene jabuke i bazge. Zavr\u0161etak je dug, suh i slankast. Vino se uvijek [&hellip;]<\/p>\n","protected":false},"featured_media":3464,"template":"","meta":{"_acf_changed":false,"_et_pb_use_builder":"","_et_pb_old_content":"","_et_gb_content_width":"","inline_featured_image":false},"product_brand":[],"product_cat":[122],"product_tag":[],"class_list":{"0":"post-3347","1":"product","2":"type-product","3":"status-publish","4":"has-post-thumbnail","6":"product_cat-aktivno","7":"pa_nesputani-izbor-hrskave-kiseline","8":"pa_nesputani-izbor-laganini-vina","9":"pa_stil-vina-lagana-i-svjeza","10":"pa_stil-vina-vocna-i-socna","11":"pa_tip-vina-pjenusavo-pet-nat","12":"pa_uzgoj-organski","13":"pa_volumen-boce-750ml","15":"first","16":"instock","17":"taxable","18":"shipping-taxable","19":"purchasable","20":"product-type-simple"},"acf":[],"_links":{"self":[{"href":"https:\/\/nesputanavina.hr\/en\/wp-json\/wp\/v2\/product\/3347","targetHints":{"allow":["GET"]}}],"collection":[{"href":"https:\/\/nesputanavina.hr\/en\/wp-json\/wp\/v2\/product"}],"about":[{"href":"https:\/\/nesputanavina.hr\/en\/wp-json\/wp\/v2\/types\/product"}],"wp:featuredmedia":[{"embeddable":true,"href":"https:\/\/nesputanavina.hr\/en\/wp-json\/wp\/v2\/media\/3464"}],"wp:attachment":[{"href":"https:\/\/nesputanavina.hr\/en\/wp-json\/wp\/v2\/media?parent=3347"}],"wp:term":[{"taxonomy":"product_brand","embeddable":true,"href":"https:\/\/nesputanavina.hr\/en\/wp-json\/wp\/v2\/product_brand?post=3347"},{"taxonomy":"product_cat","embeddable":true,"href":"https:\/\/nesputanavina.hr\/en\/wp-json\/wp\/v2\/product_cat?post=3347"},{"taxonomy":"product_tag","embeddable":true,"href":"https:\/\/nesputanavina.hr\/en\/wp-json\/wp\/v2\/product_tag?post=3347"}],"curies":[{"name":"wp","href":"https:\/\/api.w.org\/{rel}","templated":true}]}}