{"id":3350,"date":"2024-09-18T09:02:25","date_gmt":"2024-09-18T09:02:25","guid":{"rendered":"https:\/\/nesputanavina.hr\/product\/muster-sauvignon-vom-opok\/"},"modified":"2026-03-27T20:58:14","modified_gmt":"2026-03-27T19:58:14","slug":"muster-sauvignon-vom-opok","status":"publish","type":"product","link":"https:\/\/nesputanavina.hr\/en\/shop\/muster-sauvignon-vom-opok\/","title":{"rendered":"Sauvignon vom Opok 2021"},"content":{"rendered":"<p>Sepp Muster, legenda i uzor na svjetskoj vinskoj sceni, jedan od pionira prirodnog vinarstva u ju\u017enoj \u0160tajerskoj. Njegova linija \u201cvom Opok\u201d koja u prijevodu zna\u010di \u201csa opoke\u201d reflektira iznimnu mineralnost koja je izra\u017eena u vinima koja dolaze sa ovog tipa tla. Opoka je mje\u0161avina lapora, vapnenca, pje\u0161\u010denjaka i gline, a smatra se savr\u0161enim supstratom za uzgoj vinove loze. Ovo monosortno vino odi\u0161e elegancijom. Izra\u017eena mineralnost koja reflektira terroir, svje\u017eine u vidu visokih kiselina koje su divno ukomponirane u kompleksno tijelo \u010dija je bogata tekstura rezultat dozrijevanja na kvascima u velikim drvenim ba\u010dvama. Idealna temperatura poslu\u017eivanja je 12-14 C stupnjeva.<span class=\"Apple-converted-space\">\u00a0<\/span><\/p>\n","protected":false},"excerpt":{"rendered":"<p>Sepp Muster, legenda i uzor na svjetskoj vinskoj sceni, jedan od pionira prirodnog vinarstva u ju\u017enoj \u0160tajerskoj. Njegova linija \u201cvom Opok\u201d koja u prijevodu zna\u010di \u201csa opoke\u201d reflektira iznimnu mineralnost koja je izra\u017eena u vinima koja dolaze sa ovog tipa tla. Opoka je mje\u0161avina lapora, vapnenca, pje\u0161\u010denjaka i gline, a smatra se savr\u0161enim supstratom za [&hellip;]<\/p>\n","protected":false},"featured_media":3458,"template":"","meta":{"_acf_changed":false,"_et_pb_use_builder":"","_et_pb_old_content":"","_et_gb_content_width":"","inline_featured_image":false},"product_brand":[],"product_cat":[122,125],"product_tag":[],"class_list":{"0":"post-3350","1":"product","2":"type-product","3":"status-publish","4":"has-post-thumbnail","6":"product_cat-aktivno","7":"product_cat-nesputani-izbor","8":"pa_nesputani-izbor-hrana-za-misli","9":"pa_nesputani-izbor-hrskave-kiseline","10":"pa_stil-vina-mineralna-i-elegantna","11":"pa_stil-vina-bogata-i-slojevita","12":"pa_tip-vina-bijela","13":"pa_uzgoj-biodinamicki","14":"pa_volumen-boce-750ml","16":"first","17":"instock","18":"taxable","19":"shipping-taxable","20":"purchasable","21":"product-type-simple"},"acf":[],"_links":{"self":[{"href":"https:\/\/nesputanavina.hr\/en\/wp-json\/wp\/v2\/product\/3350","targetHints":{"allow":["GET"]}}],"collection":[{"href":"https:\/\/nesputanavina.hr\/en\/wp-json\/wp\/v2\/product"}],"about":[{"href":"https:\/\/nesputanavina.hr\/en\/wp-json\/wp\/v2\/types\/product"}],"wp:featuredmedia":[{"embeddable":true,"href":"https:\/\/nesputanavina.hr\/en\/wp-json\/wp\/v2\/media\/3458"}],"wp:attachment":[{"href":"https:\/\/nesputanavina.hr\/en\/wp-json\/wp\/v2\/media?parent=3350"}],"wp:term":[{"taxonomy":"product_brand","embeddable":true,"href":"https:\/\/nesputanavina.hr\/en\/wp-json\/wp\/v2\/product_brand?post=3350"},{"taxonomy":"product_cat","embeddable":true,"href":"https:\/\/nesputanavina.hr\/en\/wp-json\/wp\/v2\/product_cat?post=3350"},{"taxonomy":"product_tag","embeddable":true,"href":"https:\/\/nesputanavina.hr\/en\/wp-json\/wp\/v2\/product_tag?post=3350"}],"curies":[{"name":"wp","href":"https:\/\/api.w.org\/{rel}","templated":true}]}}