{"id":3351,"date":"2024-09-18T09:02:25","date_gmt":"2024-09-18T09:02:25","guid":{"rendered":"https:\/\/nesputanavina.hr\/product\/strohmeier-schilcher-frizzante\/"},"modified":"2026-04-14T11:33:36","modified_gmt":"2026-04-14T09:33:36","slug":"strohmeier-schilcher-frizzante","status":"publish","type":"product","link":"https:\/\/nesputanavina.hr\/en\/shop\/strohmeier-schilcher-frizzante\/","title":{"rendered":"Schilcher Frizzante"},"content":{"rendered":"<p>Strohmeier je jedan od pionira prirodnog vinarstva u Austriji. Poznat je po svom predanom radu u vinogradu koji se ve\u0107inski bazira na promatranju prirode i poticanju njene bioraznolikosti. Schilcher frizzante je ekspresivan i divlji \u2018fizz\u2019 koji pr\u0161ti crvenom naran\u010dom i rabarbarom. Napravljen je od \u0161tajerske autohtone sorte, blauer wildbacher, od koje se od davnina radio schilcher &#8211; pjenu\u0161avi rose. Strohmeierov odli\u010dno uta\u017eava \u017ee\u0111 i pozor, pozor, brzo se pije!<\/p>\n","protected":false},"excerpt":{"rendered":"<p>Strohmeier je jedan od pionira prirodnog vinarstva u Austriji. Poznat je po svom predanom radu u vinogradu koji se ve\u0107inski bazira na promatranju prirode i poticanju njene bioraznolikosti. Schilcher frizzante je ekspresivan i divlji \u2018fizz\u2019 koji pr\u0161ti crvenom naran\u010dom i rabarbarom. Napravljen je od \u0161tajerske autohtone sorte, blauer wildbacher, od koje se od davnina radio [&hellip;]<\/p>\n","protected":false},"featured_media":3460,"template":"","meta":{"_acf_changed":false,"_et_pb_use_builder":"","_et_pb_old_content":"","_et_gb_content_width":"","inline_featured_image":false},"product_brand":[],"product_cat":[92],"product_tag":[],"class_list":{"0":"post-3351","1":"product","2":"type-product","3":"status-publish","4":"has-post-thumbnail","6":"product_cat-hiddenproducts","7":"pa_stil-vina-lagana-i-svjeza","8":"pa_tip-vina-pjenusavo-tradicionalna-metoda","9":"pa_uzgoj-biodinamicki","10":"pa_volumen-boce-750ml","12":"first","13":"outofstock","14":"taxable","15":"shipping-taxable","16":"purchasable","17":"product-type-simple"},"acf":[],"_links":{"self":[{"href":"https:\/\/nesputanavina.hr\/en\/wp-json\/wp\/v2\/product\/3351","targetHints":{"allow":["GET"]}}],"collection":[{"href":"https:\/\/nesputanavina.hr\/en\/wp-json\/wp\/v2\/product"}],"about":[{"href":"https:\/\/nesputanavina.hr\/en\/wp-json\/wp\/v2\/types\/product"}],"wp:featuredmedia":[{"embeddable":true,"href":"https:\/\/nesputanavina.hr\/en\/wp-json\/wp\/v2\/media\/3460"}],"wp:attachment":[{"href":"https:\/\/nesputanavina.hr\/en\/wp-json\/wp\/v2\/media?parent=3351"}],"wp:term":[{"taxonomy":"product_brand","embeddable":true,"href":"https:\/\/nesputanavina.hr\/en\/wp-json\/wp\/v2\/product_brand?post=3351"},{"taxonomy":"product_cat","embeddable":true,"href":"https:\/\/nesputanavina.hr\/en\/wp-json\/wp\/v2\/product_cat?post=3351"},{"taxonomy":"product_tag","embeddable":true,"href":"https:\/\/nesputanavina.hr\/en\/wp-json\/wp\/v2\/product_tag?post=3351"}],"curies":[{"name":"wp","href":"https:\/\/api.w.org\/{rel}","templated":true}]}}