{"id":3352,"date":"2024-09-18T09:02:25","date_gmt":"2024-09-18T09:02:25","guid":{"rendered":"https:\/\/nesputanavina.hr\/product\/meinklang-foam-vulkan\/"},"modified":"2026-04-14T11:33:41","modified_gmt":"2026-04-14T09:33:41","slug":"meinklang-foam-vulkan","status":"publish","type":"product","link":"https:\/\/nesputanavina.hr\/en\/shop\/meinklang-foam-vulkan\/","title":{"rendered":"Foam Vulkan 2025"},"content":{"rendered":"<p>Meinklang Foam Vulkan donosi pravu erupciju svje\u017eine! Rije\u010d je o pet-natu koji dolazi s vinograda u podno\u017eju planine Soml\u00f3 u Ma\u0111arskoj, na granici s Austrijom, te je kupa\u017ea autohtonih ma\u0111arskih sorti harslevel\u00fc i juhfark. Karakterizira ga &#8216;hrskavost&#8217; i svje\u017eina u kombinaciji s kremastim, kva\u0161\u010danim mjehuri\u0107ima i izuzetnom vo\u0107no\u0161\u0107u koja podsje\u0107a na kru\u0161ke, grejp i limetu.<\/p>\n","protected":false},"excerpt":{"rendered":"<p>Meinklang Foam Vulkan donosi pravu erupciju svje\u017eine! Rije\u010d je o pet-natu koji dolazi s vinograda u podno\u017eju planine Soml\u00f3 u Ma\u0111arskoj, na granici s Austrijom, te je kupa\u017ea autohtonih ma\u0111arskih sorti harslevel\u00fc i juhfark. Karakterizira ga &#8216;hrskavost&#8217; i svje\u017eina u kombinaciji s kremastim, kva\u0161\u010danim mjehuri\u0107ima i izuzetnom vo\u0107no\u0161\u0107u koja podsje\u0107a na kru\u0161ke, grejp i limetu.<\/p>\n","protected":false},"featured_media":3456,"template":"","meta":{"_acf_changed":false,"_et_pb_use_builder":"","_et_pb_old_content":"","_et_gb_content_width":"","inline_featured_image":false},"product_brand":[],"product_cat":[92],"product_tag":[],"class_list":{"0":"post-3352","1":"product","2":"type-product","3":"status-publish","4":"has-post-thumbnail","6":"product_cat-hiddenproducts","7":"pa_stil-vina-lagana-i-svjeza","8":"pa_tip-vina-pjenusavo-pet-nat","9":"pa_uzgoj-biodinamicki","10":"pa_volumen-boce-750ml","12":"first","13":"outofstock","14":"taxable","15":"shipping-taxable","16":"purchasable","17":"product-type-simple"},"acf":[],"_links":{"self":[{"href":"https:\/\/nesputanavina.hr\/en\/wp-json\/wp\/v2\/product\/3352","targetHints":{"allow":["GET"]}}],"collection":[{"href":"https:\/\/nesputanavina.hr\/en\/wp-json\/wp\/v2\/product"}],"about":[{"href":"https:\/\/nesputanavina.hr\/en\/wp-json\/wp\/v2\/types\/product"}],"wp:featuredmedia":[{"embeddable":true,"href":"https:\/\/nesputanavina.hr\/en\/wp-json\/wp\/v2\/media\/3456"}],"wp:attachment":[{"href":"https:\/\/nesputanavina.hr\/en\/wp-json\/wp\/v2\/media?parent=3352"}],"wp:term":[{"taxonomy":"product_brand","embeddable":true,"href":"https:\/\/nesputanavina.hr\/en\/wp-json\/wp\/v2\/product_brand?post=3352"},{"taxonomy":"product_cat","embeddable":true,"href":"https:\/\/nesputanavina.hr\/en\/wp-json\/wp\/v2\/product_cat?post=3352"},{"taxonomy":"product_tag","embeddable":true,"href":"https:\/\/nesputanavina.hr\/en\/wp-json\/wp\/v2\/product_tag?post=3352"}],"curies":[{"name":"wp","href":"https:\/\/api.w.org\/{rel}","templated":true}]}}