{"id":3357,"date":"2024-09-18T09:02:26","date_gmt":"2024-09-18T09:02:26","guid":{"rendered":"https:\/\/nesputanavina.hr\/product\/f-cornelissen-susucaru-rosso\/"},"modified":"2026-04-14T11:33:37","modified_gmt":"2026-04-14T09:33:37","slug":"f-cornelissen-susucaru-rosso","status":"publish","type":"product","link":"https:\/\/nesputanavina.hr\/en\/shop\/f-cornelissen-susucaru-rosso\/","title":{"rendered":"Susucaru Rosso 2022"},"content":{"rendered":"<p>Netipi\u010dno lagano crveno vino velikana prirodnog vinarstva, Franka Cornelissena. Ova kupa\u017ea crvenih sorti ve\u0107inom se oslanja na autohtonu sicilijansku sortu nerello mascalese. Vinogradi se nalaze na obroncima vulkana Etne, na visokim nadmorskim visinama. Specifi\u010dnost vulkanskog tla definira ovo vino, daju\u0107i mu dimljeni i mineralni karakter, uz herbalne note i arome tamnog bobi\u010dastog vo\u0107a. Preporu\u010duje se serviranje na temperaturi od 12-14 stupnjeva.<\/p>\n","protected":false},"excerpt":{"rendered":"<p>Netipi\u010dno lagano crveno vino velikana prirodnog vinarstva, Franka Cornelissena. Ova kupa\u017ea crvenih sorti ve\u0107inom se oslanja na autohtonu sicilijansku sortu nerello mascalese. Vinogradi se nalaze na obroncima vulkana Etne, na visokim nadmorskim visinama. Specifi\u010dnost vulkanskog tla definira ovo vino, daju\u0107i mu dimljeni i mineralni karakter, uz herbalne note i arome tamnog bobi\u010dastog vo\u0107a. Preporu\u010duje se [&hellip;]<\/p>\n","protected":false},"featured_media":3451,"template":"","meta":{"_acf_changed":false,"_et_pb_use_builder":"","_et_pb_old_content":"","_et_gb_content_width":"","inline_featured_image":false},"product_brand":[],"product_cat":[122],"product_tag":[],"class_list":{"0":"post-3357","1":"product","2":"type-product","3":"status-publish","4":"has-post-thumbnail","6":"product_cat-aktivno","7":"pa_stil-vina-lagana-i-svjeza","8":"pa_tip-vina-crvena","9":"pa_uzgoj-organski","10":"pa_volumen-boce-750ml","12":"first","13":"instock","14":"taxable","15":"shipping-taxable","16":"purchasable","17":"product-type-simple"},"acf":[],"_links":{"self":[{"href":"https:\/\/nesputanavina.hr\/en\/wp-json\/wp\/v2\/product\/3357","targetHints":{"allow":["GET"]}}],"collection":[{"href":"https:\/\/nesputanavina.hr\/en\/wp-json\/wp\/v2\/product"}],"about":[{"href":"https:\/\/nesputanavina.hr\/en\/wp-json\/wp\/v2\/types\/product"}],"wp:featuredmedia":[{"embeddable":true,"href":"https:\/\/nesputanavina.hr\/en\/wp-json\/wp\/v2\/media\/3451"}],"wp:attachment":[{"href":"https:\/\/nesputanavina.hr\/en\/wp-json\/wp\/v2\/media?parent=3357"}],"wp:term":[{"taxonomy":"product_brand","embeddable":true,"href":"https:\/\/nesputanavina.hr\/en\/wp-json\/wp\/v2\/product_brand?post=3357"},{"taxonomy":"product_cat","embeddable":true,"href":"https:\/\/nesputanavina.hr\/en\/wp-json\/wp\/v2\/product_cat?post=3357"},{"taxonomy":"product_tag","embeddable":true,"href":"https:\/\/nesputanavina.hr\/en\/wp-json\/wp\/v2\/product_tag?post=3357"}],"curies":[{"name":"wp","href":"https:\/\/api.w.org\/{rel}","templated":true}]}}