{"id":3444,"date":"2024-09-26T09:58:18","date_gmt":"2024-09-26T09:58:18","guid":{"rendered":"https:\/\/nesputanavina.hr\/shop\/j-bourdy-cotes-du-jura-rouge\/"},"modified":"2026-03-27T20:58:05","modified_gmt":"2026-03-27T19:58:05","slug":"j-bourdy-cotes-du-jura-rouge","status":"publish","type":"product","link":"https:\/\/nesputanavina.hr\/en\/shop\/j-bourdy-cotes-du-jura-rouge\/","title":{"rendered":"Cotes du Jura Rouge 2020"},"content":{"rendered":"<p>Domaine Bourdy C\u00f4tes du Jura Rouge 2020 je vino napravljeno od klasi\u010dnih sorti iz Jura regije. Na nosu o\u010dekujte zemljane tonove pomije\u0161ane s crvenim vo\u0107em \u2013 misli na vi\u0161nje, maline, uz suptilan da\u0161ak za\u010dina i suhog bilja. Na nepcu je skladno, sa svje\u017einom i mineralno\u0161\u0107u koja vas tjera da ga pijete br\u017ee nego \u0161to ste planirali.<\/p>\n","protected":false},"excerpt":{"rendered":"<p>Domaine Bourdy C\u00f4tes du Jura Rouge 2020 je vino napravljeno od klasi\u010dnih sorti iz Jura regije. Na nosu o\u010dekujte zemljane tonove pomije\u0161ane s crvenim vo\u0107em \u2013 misli na vi\u0161nje, maline, uz suptilan da\u0161ak za\u010dina i suhog bilja. Na nepcu je skladno, sa svje\u017einom i mineralno\u0161\u0107u koja vas tjera da ga pijete br\u017ee nego \u0161to ste [&hellip;]<\/p>\n","protected":false},"featured_media":3447,"template":"","meta":{"_acf_changed":false,"_et_pb_use_builder":"","_et_pb_old_content":"","_et_gb_content_width":"","inline_featured_image":false},"product_brand":[],"product_cat":[122],"product_tag":[],"class_list":{"0":"post-3444","1":"product","2":"type-product","3":"status-publish","4":"has-post-thumbnail","6":"product_cat-aktivno","7":"pa_stil-vina-mineralna-i-elegantna","8":"pa_tip-vina-crvena","9":"pa_uzgoj-biodinamicki","10":"pa_volumen-boce-750ml","12":"first","13":"instock","14":"taxable","15":"shipping-taxable","16":"purchasable","17":"product-type-simple"},"acf":[],"_links":{"self":[{"href":"https:\/\/nesputanavina.hr\/en\/wp-json\/wp\/v2\/product\/3444","targetHints":{"allow":["GET"]}}],"collection":[{"href":"https:\/\/nesputanavina.hr\/en\/wp-json\/wp\/v2\/product"}],"about":[{"href":"https:\/\/nesputanavina.hr\/en\/wp-json\/wp\/v2\/types\/product"}],"wp:featuredmedia":[{"embeddable":true,"href":"https:\/\/nesputanavina.hr\/en\/wp-json\/wp\/v2\/media\/3447"}],"wp:attachment":[{"href":"https:\/\/nesputanavina.hr\/en\/wp-json\/wp\/v2\/media?parent=3444"}],"wp:term":[{"taxonomy":"product_brand","embeddable":true,"href":"https:\/\/nesputanavina.hr\/en\/wp-json\/wp\/v2\/product_brand?post=3444"},{"taxonomy":"product_cat","embeddable":true,"href":"https:\/\/nesputanavina.hr\/en\/wp-json\/wp\/v2\/product_cat?post=3444"},{"taxonomy":"product_tag","embeddable":true,"href":"https:\/\/nesputanavina.hr\/en\/wp-json\/wp\/v2\/product_tag?post=3444"}],"curies":[{"name":"wp","href":"https:\/\/api.w.org\/{rel}","templated":true}]}}