{"id":3611,"date":"2024-10-08T16:47:02","date_gmt":"2024-10-08T16:47:02","guid":{"rendered":"https:\/\/nesputanavina.hr\/shop\/milan-nestarec-nase\/"},"modified":"2026-04-14T11:33:26","modified_gmt":"2026-04-14T09:33:26","slug":"milan-nestarec-nase","status":"publish","type":"product","link":"https:\/\/nesputanavina.hr\/en\/shop\/milan-nestarec-nase\/","title":{"rendered":"Na\u0161e 2022"},"content":{"rendered":"<p>Milan Nestarec <em>Na\u0161e<\/em> predstavlja drugu berbu ovog vina i nastaje iz mladog vinograda koji je zasadio 2017. godine, smje\u0161tenog odmah ispod njegove nove vinarije. Ovaj komad zemlje donosi \u017eivahno i ekscentri\u010dno vino koje je odraz Milanovog vremena provedenog na toj parceli. Kao pet-nat, vino se odlikuje nje\u017enim mjehuri\u0107ima i veselim karakterom, dok spaja aromati\u010dne i citrusne note. Ove osobine \u010dine ga savr\u0161enim izborom za one koji cijene kreativnost i slobodu u vinarstvu. Iako je Nestarec poznat po starim vinogradima, <em>Na\u0161e<\/em> dokazuje da mladi vinogradi tako\u0111er mogu pru\u017eiti izvanredno vino s vlastitim identitetom.<\/p>\n","protected":false},"excerpt":{"rendered":"<p>Milan Nestarec Na\u0161e predstavlja drugu berbu ovog vina i nastaje iz mladog vinograda koji je zasadio 2017. godine, smje\u0161tenog odmah ispod njegove nove vinarije. Ovaj komad zemlje donosi \u017eivahno i ekscentri\u010dno vino koje je odraz Milanovog vremena provedenog na toj parceli. Kao pet-nat, vino se odlikuje nje\u017enim mjehuri\u0107ima i veselim karakterom, dok spaja aromati\u010dne i [&hellip;]<\/p>\n","protected":false},"featured_media":4203,"template":"","meta":{"_acf_changed":false,"_et_pb_use_builder":"","_et_pb_old_content":"","_et_gb_content_width":"","inline_featured_image":false},"product_brand":[],"product_cat":[92],"product_tag":[],"class_list":{"0":"post-3611","1":"product","2":"type-product","3":"status-publish","4":"has-post-thumbnail","6":"product_cat-hiddenproducts","7":"pa_nesputani-izbor-laganini-vina","8":"pa_stil-vina-lagana-i-svjeza","9":"pa_tip-vina-pjenusavo-pet-nat","10":"pa_uzgoj-organski","11":"pa_volumen-boce-750ml","13":"first","14":"outofstock","15":"taxable","16":"shipping-taxable","17":"purchasable","18":"product-type-simple"},"acf":[],"_links":{"self":[{"href":"https:\/\/nesputanavina.hr\/en\/wp-json\/wp\/v2\/product\/3611","targetHints":{"allow":["GET"]}}],"collection":[{"href":"https:\/\/nesputanavina.hr\/en\/wp-json\/wp\/v2\/product"}],"about":[{"href":"https:\/\/nesputanavina.hr\/en\/wp-json\/wp\/v2\/types\/product"}],"wp:featuredmedia":[{"embeddable":true,"href":"https:\/\/nesputanavina.hr\/en\/wp-json\/wp\/v2\/media\/4203"}],"wp:attachment":[{"href":"https:\/\/nesputanavina.hr\/en\/wp-json\/wp\/v2\/media?parent=3611"}],"wp:term":[{"taxonomy":"product_brand","embeddable":true,"href":"https:\/\/nesputanavina.hr\/en\/wp-json\/wp\/v2\/product_brand?post=3611"},{"taxonomy":"product_cat","embeddable":true,"href":"https:\/\/nesputanavina.hr\/en\/wp-json\/wp\/v2\/product_cat?post=3611"},{"taxonomy":"product_tag","embeddable":true,"href":"https:\/\/nesputanavina.hr\/en\/wp-json\/wp\/v2\/product_tag?post=3611"}],"curies":[{"name":"wp","href":"https:\/\/api.w.org\/{rel}","templated":true}]}}