{"id":3613,"date":"2024-10-08T16:47:03","date_gmt":"2024-10-08T16:47:03","guid":{"rendered":"https:\/\/nesputanavina.hr\/shop\/dluhe-grefty-rosa-mixtura\/"},"modified":"2026-03-27T20:58:05","modified_gmt":"2026-03-27T19:58:05","slug":"dluhe-grefty-rosa-mixtura","status":"publish","type":"product","link":"https:\/\/nesputanavina.hr\/en\/shop\/dluhe-grefty-rosa-mixtura\/","title":{"rendered":"Rosa Mixtura 2022"},"content":{"rendered":"<div class=\"flex-shrink-0 flex flex-col relative items-end\">\n<div class=\"pt-0\">\n<div class=\"gizmo-bot-avatar flex h-8 w-8 items-center justify-center overflow-hidden rounded-full\">\n<div class=\"relative p-1 rounded-sm flex items-center justify-center bg-token-main-surface-primary text-token-text-primary h-8 w-8\">Dluhe Grefty Rosa Mixtura ros\u00e9 je so\u010dno, lagano vino koje pr\u0161ti aromama svje\u017eeg crvenog bobi\u010dastog vo\u0107a te ima lijepi mineralni zavr\u0161etak. Njegov opu\u0161ten i nepretenciozan karakter \u010dini ga savr\u0161enim izborom za sve koji vole u\u017eivati u laganim, svje\u017eim i pitkim vinima.<\/div>\n<\/div>\n<\/div>\n<\/div>\n","protected":false},"excerpt":{"rendered":"<p>Dluhe Grefty Rosa Mixtura ros\u00e9 je so\u010dno, lagano vino koje pr\u0161ti aromama svje\u017eeg crvenog bobi\u010dastog vo\u0107a te ima lijepi mineralni zavr\u0161etak. Njegov opu\u0161ten i nepretenciozan karakter \u010dini ga savr\u0161enim izborom za sve koji vole u\u017eivati u laganim, svje\u017eim i pitkim vinima.<\/p>\n","protected":false},"featured_media":4199,"template":"","meta":{"_acf_changed":false,"_et_pb_use_builder":"","_et_pb_old_content":"","_et_gb_content_width":"","inline_featured_image":false},"product_brand":[],"product_cat":[122],"product_tag":[],"class_list":{"0":"post-3613","1":"product","2":"type-product","3":"status-publish","4":"has-post-thumbnail","6":"product_cat-aktivno","7":"pa_nesputani-izbor-hrskave-kiseline","8":"pa_stil-vina-lagana-i-svjeza","9":"pa_stil-vina-mineralna-i-elegantna","10":"pa_tip-vina-crvena","11":"pa_uzgoj-organski","12":"pa_volumen-boce-750ml","14":"first","15":"instock","16":"taxable","17":"shipping-taxable","18":"purchasable","19":"product-type-simple"},"acf":[],"_links":{"self":[{"href":"https:\/\/nesputanavina.hr\/en\/wp-json\/wp\/v2\/product\/3613","targetHints":{"allow":["GET"]}}],"collection":[{"href":"https:\/\/nesputanavina.hr\/en\/wp-json\/wp\/v2\/product"}],"about":[{"href":"https:\/\/nesputanavina.hr\/en\/wp-json\/wp\/v2\/types\/product"}],"wp:featuredmedia":[{"embeddable":true,"href":"https:\/\/nesputanavina.hr\/en\/wp-json\/wp\/v2\/media\/4199"}],"wp:attachment":[{"href":"https:\/\/nesputanavina.hr\/en\/wp-json\/wp\/v2\/media?parent=3613"}],"wp:term":[{"taxonomy":"product_brand","embeddable":true,"href":"https:\/\/nesputanavina.hr\/en\/wp-json\/wp\/v2\/product_brand?post=3613"},{"taxonomy":"product_cat","embeddable":true,"href":"https:\/\/nesputanavina.hr\/en\/wp-json\/wp\/v2\/product_cat?post=3613"},{"taxonomy":"product_tag","embeddable":true,"href":"https:\/\/nesputanavina.hr\/en\/wp-json\/wp\/v2\/product_tag?post=3613"}],"curies":[{"name":"wp","href":"https:\/\/api.w.org\/{rel}","templated":true}]}}