{"id":3621,"date":"2024-10-08T16:47:05","date_gmt":"2024-10-08T16:47:05","guid":{"rendered":"https:\/\/nesputanavina.hr\/shop\/strohmeier-blanc-dorange\/"},"modified":"2026-02-17T15:34:43","modified_gmt":"2026-02-17T14:34:43","slug":"strohmeier-blanc-dorange","status":"publish","type":"product","link":"https:\/\/nesputanavina.hr\/en\/shop\/strohmeier-blanc-dorange\/","title":{"rendered":"Blanc d&#8217;Orange No.4"},"content":{"rendered":"<p>Naran\u010dasti pjenu\u0161ac se ne susre\u0107e tako \u010desto, pogotovo ne u ovako izvanrednoj kvaliteti. Sauvignon blanc i pinot bijeli prolaze trotjednu maceraciju na ko\u017eicama i mije\u0161aju se s direktno pre\u0161anim zweigeltom iz vinograda s minimalnom rezidbom. Vino odle\u017eava osam mjeseci u drvenim ba\u010dvama, a sekundarna fermentacija odvija se u boci, bez dodatka sumpora. Franz Strohmeier je uspio proizvesti savr\u0161eno mineralan i slo\u017een pjenu\u0161ac kojeg krase note ko\u0161tuni\u010davog vo\u0107a, suhe trave i slanih citrusa.<\/p>\n","protected":false},"excerpt":{"rendered":"<p>Naran\u010dasti pjenu\u0161ac se ne susre\u0107e tako \u010desto, pogotovo ne u ovako izvanrednoj kvaliteti. Sauvignon blanc i pinot bijeli prolaze trotjednu maceraciju na ko\u017eicama i mije\u0161aju se s direktno pre\u0161anim zweigeltom iz vinograda s minimalnom rezidbom. Vino odle\u017eava osam mjeseci u drvenim ba\u010dvama, a sekundarna fermentacija odvija se u boci, bez dodatka sumpora. Franz Strohmeier je [&hellip;]<\/p>\n","protected":false},"featured_media":4185,"template":"","meta":{"_acf_changed":false,"_et_pb_use_builder":"","_et_pb_old_content":"","_et_gb_content_width":"","inline_featured_image":false},"product_brand":[],"product_cat":[92],"product_tag":[],"class_list":{"0":"post-3621","1":"product","2":"type-product","3":"status-publish","4":"has-post-thumbnail","6":"product_cat-hiddenproducts","7":"pa_nesputani-izbor-hrana-za-misli","8":"pa_stil-vina-mineralna-i-elegantna","9":"pa_tip-vina-pjenusavo-tradicionalna-metoda","10":"pa_uzgoj-biodinamicki","11":"pa_volumen-boce-750ml","13":"first","14":"outofstock","15":"taxable","16":"shipping-taxable","17":"purchasable","18":"product-type-simple"},"acf":[],"_links":{"self":[{"href":"https:\/\/nesputanavina.hr\/en\/wp-json\/wp\/v2\/product\/3621","targetHints":{"allow":["GET"]}}],"collection":[{"href":"https:\/\/nesputanavina.hr\/en\/wp-json\/wp\/v2\/product"}],"about":[{"href":"https:\/\/nesputanavina.hr\/en\/wp-json\/wp\/v2\/types\/product"}],"wp:featuredmedia":[{"embeddable":true,"href":"https:\/\/nesputanavina.hr\/en\/wp-json\/wp\/v2\/media\/4185"}],"wp:attachment":[{"href":"https:\/\/nesputanavina.hr\/en\/wp-json\/wp\/v2\/media?parent=3621"}],"wp:term":[{"taxonomy":"product_brand","embeddable":true,"href":"https:\/\/nesputanavina.hr\/en\/wp-json\/wp\/v2\/product_brand?post=3621"},{"taxonomy":"product_cat","embeddable":true,"href":"https:\/\/nesputanavina.hr\/en\/wp-json\/wp\/v2\/product_cat?post=3621"},{"taxonomy":"product_tag","embeddable":true,"href":"https:\/\/nesputanavina.hr\/en\/wp-json\/wp\/v2\/product_tag?post=3621"}],"curies":[{"name":"wp","href":"https:\/\/api.w.org\/{rel}","templated":true}]}}