{"id":3622,"date":"2024-10-08T16:47:05","date_gmt":"2024-10-08T16:47:05","guid":{"rendered":"https:\/\/nesputanavina.hr\/shop\/strohmeier-cat-silver\/"},"modified":"2026-03-27T20:58:14","modified_gmt":"2026-03-27T19:58:14","slug":"strohmeier-cat-silver","status":"publish","type":"product","link":"https:\/\/nesputanavina.hr\/en\/shop\/strohmeier-cat-silver\/","title":{"rendered":"Cat-Silver No.4"},"content":{"rendered":"<p>Franz Strohmeier svoje vino Cat-silver nazvao je prema nijansi svjetlucavog sjaja silikatnog kamenja koje prekriva njegove vinograde, reflektiraju\u0107i sun\u010deve zrake poput sjajne ma\u010dje dlake. Ova simboli\u010dna boja vodi tematsku nit kroz stvaranje vina koje odra\u017eava bogatstvo svih sorti koje rastu u njegovim vinogradima u zapadnoj \u0160tajerskoj. Cat Silver je rezultat Franzove vje\u0161tine u kombiniranju vi\u0161e od deset razli\u010ditih crnih i bijelih sorti gro\u017e\u0111a. Ta mje\u0161avina daje vinu harmoni\u010dnu kompleksnost koja isti\u010de njegov umjetni\u010dki talent. Na nepcu se vino otvara bogatim vo\u0107nim aromama kru\u0161aka i breskvi, dok slane herbalne note pru\u017eaju dubinu i slojevitost. Taninska struktura dodaje posebnu teksturu, stvaraju\u0107i predivan balans izme\u0111u vo\u0107nosti i mineralnosti, koja reflektira jedinstven terroir vinograda.<\/p>\n","protected":false},"excerpt":{"rendered":"<p>Franz Strohmeier svoje vino Cat-silver nazvao je prema nijansi svjetlucavog sjaja silikatnog kamenja koje prekriva njegove vinograde, reflektiraju\u0107i sun\u010deve zrake poput sjajne ma\u010dje dlake. Ova simboli\u010dna boja vodi tematsku nit kroz stvaranje vina koje odra\u017eava bogatstvo svih sorti koje rastu u njegovim vinogradima u zapadnoj \u0160tajerskoj. Cat Silver je rezultat Franzove vje\u0161tine u kombiniranju vi\u0161e [&hellip;]<\/p>\n","protected":false},"featured_media":4187,"template":"","meta":{"_acf_changed":false,"_et_pb_use_builder":"","_et_pb_old_content":"","_et_gb_content_width":"","inline_featured_image":false},"product_brand":[],"product_cat":[122,125],"product_tag":[],"class_list":{"0":"post-3622","1":"product","2":"type-product","3":"status-publish","4":"has-post-thumbnail","6":"product_cat-aktivno","7":"product_cat-nesputani-izbor","8":"pa_nesputani-izbor-hrana-za-misli","9":"pa_stil-vina-mineralna-i-elegantna","10":"pa_stil-vina-bogata-i-slojevita","11":"pa_tip-vina-bijela-macerirana","12":"pa_uzgoj-biodinamicki","13":"pa_volumen-boce-750ml","15":"first","16":"instock","17":"taxable","18":"shipping-taxable","19":"purchasable","20":"product-type-simple"},"acf":[],"_links":{"self":[{"href":"https:\/\/nesputanavina.hr\/en\/wp-json\/wp\/v2\/product\/3622","targetHints":{"allow":["GET"]}}],"collection":[{"href":"https:\/\/nesputanavina.hr\/en\/wp-json\/wp\/v2\/product"}],"about":[{"href":"https:\/\/nesputanavina.hr\/en\/wp-json\/wp\/v2\/types\/product"}],"wp:featuredmedia":[{"embeddable":true,"href":"https:\/\/nesputanavina.hr\/en\/wp-json\/wp\/v2\/media\/4187"}],"wp:attachment":[{"href":"https:\/\/nesputanavina.hr\/en\/wp-json\/wp\/v2\/media?parent=3622"}],"wp:term":[{"taxonomy":"product_brand","embeddable":true,"href":"https:\/\/nesputanavina.hr\/en\/wp-json\/wp\/v2\/product_brand?post=3622"},{"taxonomy":"product_cat","embeddable":true,"href":"https:\/\/nesputanavina.hr\/en\/wp-json\/wp\/v2\/product_cat?post=3622"},{"taxonomy":"product_tag","embeddable":true,"href":"https:\/\/nesputanavina.hr\/en\/wp-json\/wp\/v2\/product_tag?post=3622"}],"curies":[{"name":"wp","href":"https:\/\/api.w.org\/{rel}","templated":true}]}}