{"id":3629,"date":"2024-10-08T16:47:07","date_gmt":"2024-10-08T16:47:07","guid":{"rendered":"https:\/\/nesputanavina.hr\/shop\/j-zillinger-velue-weiss\/"},"modified":"2026-04-14T11:33:25","modified_gmt":"2026-04-14T09:33:25","slug":"j-zillinger-velue-weiss","status":"publish","type":"product","link":"https:\/\/nesputanavina.hr\/en\/shop\/j-zillinger-velue-weiss\/","title":{"rendered":"Velue Weiss 2023"},"content":{"rendered":"<div class=\"flex max-w-full flex-col flex-grow\">\n<div class=\"min-h-8 text-message flex w-full flex-col items-end gap-2 whitespace-normal break-words [.text-message+&amp;]:mt-5\" dir=\"auto\" data-message-author-role=\"assistant\" data-message-id=\"4fc89f56-ba7f-4bb0-adc3-8102f06c1889\" data-message-model-slug=\"gpt-4o\">\n<div class=\"flex w-full flex-col gap-1 empty:hidden first:pt-[3px]\">\n<div class=\"markdown prose w-full break-words dark:prose-invert light\">\n<p>Johannes Zillinger Velue Weiss je lagano i aromati\u010dno vino koje savr\u0161eno balansira svje\u017einu i vo\u0107nost. Ova kupa\u017ea uklju\u010duje zeleni veltlinac, rizling i mu\u0161kat, \u0161to joj daje slojevit i privla\u010dan karakter. Na nosu se osjete note zelene jabuke, citrusa te nje\u017eni cvjetni tonovi. Na nepcu dominira hrskava mineralnost, svje\u017ee kiseline, uz laganu za\u010dinsku notu. Idealno za lagana jela ili kao osvje\u017eavaju\u0107i aperitiv.<\/p>\n<\/div>\n<\/div>\n<\/div>\n<\/div>\n","protected":false},"excerpt":{"rendered":"<p>Johannes Zillinger Velue Weiss je lagano i aromati\u010dno vino koje savr\u0161eno balansira svje\u017einu i vo\u0107nost. Ova kupa\u017ea uklju\u010duje zeleni veltlinac, rizling i mu\u0161kat, \u0161to joj daje slojevit i privla\u010dan karakter. Na nosu se osjete note zelene jabuke, citrusa te nje\u017eni cvjetni tonovi. Na nepcu dominira hrskava mineralnost, svje\u017ee kiseline, uz laganu za\u010dinsku notu. Idealno za [&hellip;]<\/p>\n","protected":false},"featured_media":4174,"template":"","meta":{"_acf_changed":false,"_et_pb_use_builder":"","_et_pb_old_content":"","_et_gb_content_width":"","inline_featured_image":false},"product_brand":[],"product_cat":[92],"product_tag":[],"class_list":{"0":"post-3629","1":"product","2":"type-product","3":"status-publish","4":"has-post-thumbnail","6":"product_cat-hiddenproducts","7":"pa_nesputani-izbor-hrskave-kiseline","8":"pa_nesputani-izbor-laganini-vina","9":"pa_stil-vina-lagana-i-svjeza","10":"pa_tip-vina-bijela","11":"pa_uzgoj-biodinamicki","12":"pa_volumen-boce-750ml","14":"first","15":"outofstock","16":"taxable","17":"shipping-taxable","18":"purchasable","19":"product-type-simple"},"acf":[],"_links":{"self":[{"href":"https:\/\/nesputanavina.hr\/en\/wp-json\/wp\/v2\/product\/3629","targetHints":{"allow":["GET"]}}],"collection":[{"href":"https:\/\/nesputanavina.hr\/en\/wp-json\/wp\/v2\/product"}],"about":[{"href":"https:\/\/nesputanavina.hr\/en\/wp-json\/wp\/v2\/types\/product"}],"wp:featuredmedia":[{"embeddable":true,"href":"https:\/\/nesputanavina.hr\/en\/wp-json\/wp\/v2\/media\/4174"}],"wp:attachment":[{"href":"https:\/\/nesputanavina.hr\/en\/wp-json\/wp\/v2\/media?parent=3629"}],"wp:term":[{"taxonomy":"product_brand","embeddable":true,"href":"https:\/\/nesputanavina.hr\/en\/wp-json\/wp\/v2\/product_brand?post=3629"},{"taxonomy":"product_cat","embeddable":true,"href":"https:\/\/nesputanavina.hr\/en\/wp-json\/wp\/v2\/product_cat?post=3629"},{"taxonomy":"product_tag","embeddable":true,"href":"https:\/\/nesputanavina.hr\/en\/wp-json\/wp\/v2\/product_tag?post=3629"}],"curies":[{"name":"wp","href":"https:\/\/api.w.org\/{rel}","templated":true}]}}