{"id":3630,"date":"2024-10-08T16:47:08","date_gmt":"2024-10-08T16:47:08","guid":{"rendered":"https:\/\/nesputanavina.hr\/shop\/judith-beck-hunny-bunny\/"},"modified":"2026-04-14T11:33:41","modified_gmt":"2026-04-14T09:33:41","slug":"judith-beck-hunny-bunny","status":"publish","type":"product","link":"https:\/\/nesputanavina.hr\/en\/shop\/judith-beck-hunny-bunny\/","title":{"rendered":"Hunny Bunny 2022"},"content":{"rendered":"<div class=\"flex max-w-full flex-col flex-grow\">\n<div class=\"min-h-8 text-message flex w-full flex-col items-end gap-2 whitespace-normal break-words [.text-message+&amp;]:mt-5\" dir=\"auto\" data-message-author-role=\"assistant\" data-message-id=\"fc44070f-933c-4ad2-b882-0b34f037e367\" data-message-model-slug=\"gpt-4o-mini\">\n<div class=\"flex w-full flex-col gap-1 empty:hidden first:pt-[3px]\">\n<div class=\"markdown prose w-full break-words dark:prose-invert dark\">\n<p>Zasigurno jedan od favorita! Ova lagana frankovka, koja je macerirana samo tri dana, rezultat je Judithinog istra\u017eivanja potencijala ove lokalne sorte s kojom se bavi od samih po\u010detaka. Vino je prozra\u010dnog tijela, izra\u017eene svje\u017eine i ni\u017eih alkohola, s so\u010dnim karakterom i obiljem crvenog bobi\u010dastog vo\u0107a. Kada se lagano rashladi, predstavlja pravo osvje\u017eenje. Jedini problem je \u0161to boca uvijek prebrzo nestane!<\/p>\n<\/div>\n<\/div>\n<\/div>\n<\/div>\n<div class=\"mb-2 flex gap-3 empty:hidden -ml-2\">\n<div class=\"items-center justify-start rounded-xl p-1 flex\">\n<div class=\"flex items-center\">\n<div class=\"flex items-center pb-0\"><\/div>\n<\/div>\n<\/div>\n<\/div>\n","protected":false},"excerpt":{"rendered":"<p>Zasigurno jedan od favorita! Ova lagana frankovka, koja je macerirana samo tri dana, rezultat je Judithinog istra\u017eivanja potencijala ove lokalne sorte s kojom se bavi od samih po\u010detaka. Vino je prozra\u010dnog tijela, izra\u017eene svje\u017eine i ni\u017eih alkohola, s so\u010dnim karakterom i obiljem crvenog bobi\u010dastog vo\u0107a. Kada se lagano rashladi, predstavlja pravo osvje\u017eenje. Jedini problem je [&hellip;]<\/p>\n","protected":false},"featured_media":4165,"template":"","meta":{"_acf_changed":false,"_et_pb_use_builder":"","_et_pb_old_content":"","_et_gb_content_width":"","inline_featured_image":false},"product_brand":[],"product_cat":[122],"product_tag":[],"class_list":{"0":"post-3630","1":"product","2":"type-product","3":"status-publish","4":"has-post-thumbnail","6":"product_cat-aktivno","7":"pa_nesputani-izbor-hrskave-kiseline","8":"pa_nesputani-izbor-laganini-vina","9":"pa_stil-vina-lagana-i-svjeza","10":"pa_tip-vina-crvena","11":"pa_uzgoj-biodinamicki","12":"pa_volumen-boce-750ml","14":"first","15":"outofstock","16":"taxable","17":"shipping-taxable","18":"purchasable","19":"product-type-simple"},"acf":[],"_links":{"self":[{"href":"https:\/\/nesputanavina.hr\/en\/wp-json\/wp\/v2\/product\/3630","targetHints":{"allow":["GET"]}}],"collection":[{"href":"https:\/\/nesputanavina.hr\/en\/wp-json\/wp\/v2\/product"}],"about":[{"href":"https:\/\/nesputanavina.hr\/en\/wp-json\/wp\/v2\/types\/product"}],"wp:featuredmedia":[{"embeddable":true,"href":"https:\/\/nesputanavina.hr\/en\/wp-json\/wp\/v2\/media\/4165"}],"wp:attachment":[{"href":"https:\/\/nesputanavina.hr\/en\/wp-json\/wp\/v2\/media?parent=3630"}],"wp:term":[{"taxonomy":"product_brand","embeddable":true,"href":"https:\/\/nesputanavina.hr\/en\/wp-json\/wp\/v2\/product_brand?post=3630"},{"taxonomy":"product_cat","embeddable":true,"href":"https:\/\/nesputanavina.hr\/en\/wp-json\/wp\/v2\/product_cat?post=3630"},{"taxonomy":"product_tag","embeddable":true,"href":"https:\/\/nesputanavina.hr\/en\/wp-json\/wp\/v2\/product_tag?post=3630"}],"curies":[{"name":"wp","href":"https:\/\/api.w.org\/{rel}","templated":true}]}}