{"id":3637,"date":"2024-10-08T16:47:09","date_gmt":"2024-10-08T16:47:09","guid":{"rendered":"https:\/\/nesputanavina.hr\/shop\/domaine-de-lecu-marguerite\/"},"modified":"2026-04-14T11:33:32","modified_gmt":"2026-04-14T09:33:32","slug":"domaine-de-lecu-marguerite","status":"publish","type":"product","link":"https:\/\/nesputanavina.hr\/en\/shop\/domaine-de-lecu-marguerite\/","title":{"rendered":"Marguerite 2020"},"content":{"rendered":"<div class=\"flex-shrink-0 flex flex-col relative items-end\">\n<div class=\"pt-0\">\n<div class=\"gizmo-bot-avatar flex h-8 w-8 items-center justify-center overflow-hidden rounded-full\">\n<div class=\"relative p-1 rounded-sm flex items-center justify-center bg-token-main-surface-primary text-token-text-primary h-8 w-8\">Domaine de l&#8217;Ecu, jedna od vode\u0107ih vinarija u svijetu prirodnog vinarstva, pionir je organske proizvodnje od 1972., a biodinami\u010dku praksu uveo je 1998. godine. Njihovo vino Marguerite odra\u017eava tu filozofiju kroz eleganciju i izrazitu mineralnost. Vino je odle\u017ealo na finom talogu, \u0161to mu daje suptilnu kremoznost, dok svje\u017eina citrusa dominira aromatskim profilom. Kremasta tekstura savr\u0161eno je izbalansirana kredastom i slankastom mineralno\u0161\u0107u, \u0161to ga \u010dini izvrsnim pratiteljem laganih, svje\u017eih morskih jela i povrtnih salata.<\/div>\n<\/div>\n<\/div>\n<\/div>\n","protected":false},"excerpt":{"rendered":"<p>Domaine de l&#8217;Ecu, jedna od vode\u0107ih vinarija u svijetu prirodnog vinarstva, pionir je organske proizvodnje od 1972., a biodinami\u010dku praksu uveo je 1998. godine. Njihovo vino Marguerite odra\u017eava tu filozofiju kroz eleganciju i izrazitu mineralnost. Vino je odle\u017ealo na finom talogu, \u0161to mu daje suptilnu kremoznost, dok svje\u017eina citrusa dominira aromatskim profilom. Kremasta tekstura savr\u0161eno [&hellip;]<\/p>\n","protected":false},"featured_media":4156,"template":"","meta":{"_acf_changed":false,"_et_pb_use_builder":"","_et_pb_old_content":"","_et_gb_content_width":"","inline_featured_image":false},"product_brand":[],"product_cat":[92],"product_tag":[],"class_list":{"0":"post-3637","1":"product","2":"type-product","3":"status-publish","4":"has-post-thumbnail","6":"product_cat-hiddenproducts","7":"pa_nesputani-izbor-laganini-vina","8":"pa_stil-vina-lagana-i-svjeza","9":"pa_tip-vina-bijela","10":"pa_uzgoj-biodinamicki","11":"pa_volumen-boce-750ml","13":"first","14":"outofstock","15":"taxable","16":"shipping-taxable","17":"purchasable","18":"product-type-simple"},"acf":[],"_links":{"self":[{"href":"https:\/\/nesputanavina.hr\/en\/wp-json\/wp\/v2\/product\/3637","targetHints":{"allow":["GET"]}}],"collection":[{"href":"https:\/\/nesputanavina.hr\/en\/wp-json\/wp\/v2\/product"}],"about":[{"href":"https:\/\/nesputanavina.hr\/en\/wp-json\/wp\/v2\/types\/product"}],"wp:featuredmedia":[{"embeddable":true,"href":"https:\/\/nesputanavina.hr\/en\/wp-json\/wp\/v2\/media\/4156"}],"wp:attachment":[{"href":"https:\/\/nesputanavina.hr\/en\/wp-json\/wp\/v2\/media?parent=3637"}],"wp:term":[{"taxonomy":"product_brand","embeddable":true,"href":"https:\/\/nesputanavina.hr\/en\/wp-json\/wp\/v2\/product_brand?post=3637"},{"taxonomy":"product_cat","embeddable":true,"href":"https:\/\/nesputanavina.hr\/en\/wp-json\/wp\/v2\/product_cat?post=3637"},{"taxonomy":"product_tag","embeddable":true,"href":"https:\/\/nesputanavina.hr\/en\/wp-json\/wp\/v2\/product_tag?post=3637"}],"curies":[{"name":"wp","href":"https:\/\/api.w.org\/{rel}","templated":true}]}}