{"id":3638,"date":"2024-10-08T16:47:10","date_gmt":"2024-10-08T16:47:10","guid":{"rendered":"https:\/\/nesputanavina.hr\/shop\/f-cornelissen-susucaru-rosato\/"},"modified":"2026-04-14T11:33:37","modified_gmt":"2026-04-14T09:33:37","slug":"f-cornelissen-susucaru-rosato","status":"publish","type":"product","link":"https:\/\/nesputanavina.hr\/en\/shop\/f-cornelissen-susucaru-rosato\/","title":{"rendered":"Susucaru rossato 2022"},"content":{"rendered":"<p>Ovaj netipi\u010dan ros\u00e9 Franka Cornelissena predstavlja spoj bijelih i crvenih sicilijanskih sorti gro\u017e\u0111a koje dolaze s visokih nadmorskih visina na obroncima vulkana Etne. Njegov specifi\u010dan terroir, bogat vulkanskim tlom, oboga\u0107uje vino dimljenim i mineralnim karakterom, \u0161to ga \u010dini jedinstvenim. Fermentacija s kontaktom na ko\u017eicama daje vinu dodatnu teksturu i identitet, dok potpuno dovr\u0161ena malolakti\u010dka fermentacija osigurava gusto\u0107u i stabilnost. Ovaj ros\u00e9 se mo\u017ee poslu\u017eiti i kao lagano crveno vino te odli\u010dno pristaje uz razli\u010dita jela. Idealno je poslu\u017eiti na temperaturi od 12-14\u00b0C.<\/p>\n","protected":false},"excerpt":{"rendered":"<p>Ovaj netipi\u010dan ros\u00e9 Franka Cornelissena predstavlja spoj bijelih i crvenih sicilijanskih sorti gro\u017e\u0111a koje dolaze s visokih nadmorskih visina na obroncima vulkana Etne. Njegov specifi\u010dan terroir, bogat vulkanskim tlom, oboga\u0107uje vino dimljenim i mineralnim karakterom, \u0161to ga \u010dini jedinstvenim. Fermentacija s kontaktom na ko\u017eicama daje vinu dodatnu teksturu i identitet, dok potpuno dovr\u0161ena malolakti\u010dka fermentacija [&hellip;]<\/p>\n","protected":false},"featured_media":4139,"template":"","meta":{"_acf_changed":false,"_et_pb_use_builder":"","_et_pb_old_content":"","_et_gb_content_width":"","inline_featured_image":false},"product_brand":[],"product_cat":[92],"product_tag":[],"class_list":{"0":"post-3638","1":"product","2":"type-product","3":"status-publish","4":"has-post-thumbnail","6":"product_cat-hiddenproducts","7":"pa_nesputani-izbor-laganini-vina","8":"pa_stil-vina-lagana-i-svjeza","9":"pa_tip-vina-rose","10":"pa_uzgoj-organski","11":"pa_volumen-boce-750ml","13":"first","14":"outofstock","15":"taxable","16":"shipping-taxable","17":"purchasable","18":"product-type-simple"},"acf":[],"_links":{"self":[{"href":"https:\/\/nesputanavina.hr\/en\/wp-json\/wp\/v2\/product\/3638","targetHints":{"allow":["GET"]}}],"collection":[{"href":"https:\/\/nesputanavina.hr\/en\/wp-json\/wp\/v2\/product"}],"about":[{"href":"https:\/\/nesputanavina.hr\/en\/wp-json\/wp\/v2\/types\/product"}],"wp:featuredmedia":[{"embeddable":true,"href":"https:\/\/nesputanavina.hr\/en\/wp-json\/wp\/v2\/media\/4139"}],"wp:attachment":[{"href":"https:\/\/nesputanavina.hr\/en\/wp-json\/wp\/v2\/media?parent=3638"}],"wp:term":[{"taxonomy":"product_brand","embeddable":true,"href":"https:\/\/nesputanavina.hr\/en\/wp-json\/wp\/v2\/product_brand?post=3638"},{"taxonomy":"product_cat","embeddable":true,"href":"https:\/\/nesputanavina.hr\/en\/wp-json\/wp\/v2\/product_cat?post=3638"},{"taxonomy":"product_tag","embeddable":true,"href":"https:\/\/nesputanavina.hr\/en\/wp-json\/wp\/v2\/product_tag?post=3638"}],"curies":[{"name":"wp","href":"https:\/\/api.w.org\/{rel}","templated":true}]}}