{"id":3639,"date":"2024-10-08T16:47:10","date_gmt":"2024-10-08T16:47:10","guid":{"rendered":"https:\/\/nesputanavina.hr\/shop\/f-cornelissen-munjebel\/"},"modified":"2026-04-14T11:33:37","modified_gmt":"2026-04-14T09:33:37","slug":"f-cornelissen-munjebel","status":"publish","type":"product","link":"https:\/\/nesputanavina.hr\/en\/shop\/f-cornelissen-munjebel\/","title":{"rendered":"Munjebel 2020"},"content":{"rendered":"<p>Frank Cornelissen Munjebel Rosso 2020 je prirodno vino koje odra\u017eava specifi\u010dnost vulkanskog terroira planine Etna. Proizvedeno je od autohtone sorte nerello mascalese, koja je sinonim za eleganciju i kompleksnost vina s ovog podru\u010dja. Gro\u017e\u0111e dolazi iz starih vinograda na visokim nadmorskim visinama, gdje vulkansko tlo bogato mineralima daje vinu jedinstvenu dubinu i svje\u017einu. Munjebel Rosso fermentira spontano, bez dodavanja komercijalnih kvasaca, te odle\u017eava u neutralnim spremnicima kako bi se o\u010duvala \u010disto\u0107a okusa i autenti\u010dnost sorte. Vino nudi slo\u017eene arome crvenog vo\u0107a, za\u010dina, dimnih nota i minerala, dok na nepcu pru\u017ea suptilan, ali sna\u017ean dojam, s finim taninima i dugim, elegantnim zavr\u0161etkom.<\/p>\n","protected":false},"excerpt":{"rendered":"<p>Frank Cornelissen Munjebel Rosso 2020 je prirodno vino koje odra\u017eava specifi\u010dnost vulkanskog terroira planine Etna. Proizvedeno je od autohtone sorte nerello mascalese, koja je sinonim za eleganciju i kompleksnost vina s ovog podru\u010dja. Gro\u017e\u0111e dolazi iz starih vinograda na visokim nadmorskim visinama, gdje vulkansko tlo bogato mineralima daje vinu jedinstvenu dubinu i svje\u017einu. Munjebel Rosso [&hellip;]<\/p>\n","protected":false},"featured_media":4154,"template":"","meta":{"_acf_changed":false,"_et_pb_use_builder":"","_et_pb_old_content":"","_et_gb_content_width":"","inline_featured_image":false},"product_brand":[],"product_cat":[92],"product_tag":[],"class_list":{"0":"post-3639","1":"product","2":"type-product","3":"status-publish","4":"has-post-thumbnail","6":"product_cat-hiddenproducts","7":"pa_nesputani-izbor-hrana-za-misli","8":"pa_stil-vina-mineralna-i-elegantna","9":"pa_stil-vina-bogata-i-slojevita","10":"pa_tip-vina-crvena","11":"pa_uzgoj-organski","12":"pa_volumen-boce-750ml","14":"first","15":"outofstock","16":"taxable","17":"shipping-taxable","18":"purchasable","19":"product-type-simple"},"acf":[],"_links":{"self":[{"href":"https:\/\/nesputanavina.hr\/en\/wp-json\/wp\/v2\/product\/3639","targetHints":{"allow":["GET"]}}],"collection":[{"href":"https:\/\/nesputanavina.hr\/en\/wp-json\/wp\/v2\/product"}],"about":[{"href":"https:\/\/nesputanavina.hr\/en\/wp-json\/wp\/v2\/types\/product"}],"wp:featuredmedia":[{"embeddable":true,"href":"https:\/\/nesputanavina.hr\/en\/wp-json\/wp\/v2\/media\/4154"}],"wp:attachment":[{"href":"https:\/\/nesputanavina.hr\/en\/wp-json\/wp\/v2\/media?parent=3639"}],"wp:term":[{"taxonomy":"product_brand","embeddable":true,"href":"https:\/\/nesputanavina.hr\/en\/wp-json\/wp\/v2\/product_brand?post=3639"},{"taxonomy":"product_cat","embeddable":true,"href":"https:\/\/nesputanavina.hr\/en\/wp-json\/wp\/v2\/product_cat?post=3639"},{"taxonomy":"product_tag","embeddable":true,"href":"https:\/\/nesputanavina.hr\/en\/wp-json\/wp\/v2\/product_tag?post=3639"}],"curies":[{"name":"wp","href":"https:\/\/api.w.org\/{rel}","templated":true}]}}