{"id":3643,"date":"2024-10-08T16:47:11","date_gmt":"2024-10-08T16:47:11","guid":{"rendered":"https:\/\/nesputanavina.hr\/shop\/microbio-microbio\/"},"modified":"2026-03-27T20:58:23","modified_gmt":"2026-03-27T19:58:23","slug":"microbio-microbio","status":"publish","type":"product","link":"https:\/\/nesputanavina.hr\/en\/shop\/microbio-microbio\/","title":{"rendered":"Microbio 2021"},"content":{"rendered":"<div class=\"flex-shrink-0 flex flex-col relative items-end\">\n<div class=\"pt-0\">\n<div class=\"gizmo-bot-avatar flex h-8 w-8 items-center justify-center overflow-hidden rounded-full\">\n<div class=\"relative p-1 rounded-sm flex items-center justify-center bg-token-main-surface-primary text-token-text-primary h-8 w-8\">Microbio Verdejo 2021 je 100% Verdejo koji dolazi sa starih, necijepljenih loza koje rastu na visokim nadmorskim visinama. Ovaj poseban terroir, uz prirodan pristup vinara, stvara iznimno ekspresivno vino koje odra\u017eava svoju slobodnu prirodu. Vino se isti\u010de izra\u017eenim salinitetom i osvje\u017eavaju\u0107im karakterom, s aromama citrusa, breskve i kru\u0161ke. Fermentirano u starim drvenim ba\u010dvama, uz minimalne intervencije, nagla\u0161ava autenti\u010dne karakteristike tla koje je nekada bilo prekriveno morem.<\/div>\n<\/div>\n<\/div>\n<\/div>\n","protected":false},"excerpt":{"rendered":"<p>Microbio Verdejo 2021 je 100% Verdejo koji dolazi sa starih, necijepljenih loza koje rastu na visokim nadmorskim visinama. Ovaj poseban terroir, uz prirodan pristup vinara, stvara iznimno ekspresivno vino koje odra\u017eava svoju slobodnu prirodu. Vino se isti\u010de izra\u017eenim salinitetom i osvje\u017eavaju\u0107im karakterom, s aromama citrusa, breskve i kru\u0161ke. Fermentirano u starim drvenim ba\u010dvama, uz minimalne [&hellip;]<\/p>\n","protected":false},"featured_media":3729,"template":"","meta":{"_acf_changed":false,"_et_pb_use_builder":"","_et_pb_old_content":"","_et_gb_content_width":"","inline_featured_image":false},"product_brand":[],"product_cat":[122],"product_tag":[],"class_list":{"0":"post-3643","1":"product","2":"type-product","3":"status-publish","4":"has-post-thumbnail","6":"product_cat-aktivno","7":"pa_stil-vina-mineralna-i-elegantna","8":"pa_tip-vina-bijela","9":"pa_uzgoj-organski","10":"pa_volumen-boce-750ml","12":"first","13":"instock","14":"taxable","15":"shipping-taxable","16":"purchasable","17":"product-type-simple"},"acf":[],"_links":{"self":[{"href":"https:\/\/nesputanavina.hr\/en\/wp-json\/wp\/v2\/product\/3643","targetHints":{"allow":["GET"]}}],"collection":[{"href":"https:\/\/nesputanavina.hr\/en\/wp-json\/wp\/v2\/product"}],"about":[{"href":"https:\/\/nesputanavina.hr\/en\/wp-json\/wp\/v2\/types\/product"}],"wp:featuredmedia":[{"embeddable":true,"href":"https:\/\/nesputanavina.hr\/en\/wp-json\/wp\/v2\/media\/3729"}],"wp:attachment":[{"href":"https:\/\/nesputanavina.hr\/en\/wp-json\/wp\/v2\/media?parent=3643"}],"wp:term":[{"taxonomy":"product_brand","embeddable":true,"href":"https:\/\/nesputanavina.hr\/en\/wp-json\/wp\/v2\/product_brand?post=3643"},{"taxonomy":"product_cat","embeddable":true,"href":"https:\/\/nesputanavina.hr\/en\/wp-json\/wp\/v2\/product_cat?post=3643"},{"taxonomy":"product_tag","embeddable":true,"href":"https:\/\/nesputanavina.hr\/en\/wp-json\/wp\/v2\/product_tag?post=3643"}],"curies":[{"name":"wp","href":"https:\/\/api.w.org\/{rel}","templated":true}]}}