{"id":3644,"date":"2024-10-08T16:47:11","date_gmt":"2024-10-08T16:47:11","guid":{"rendered":"https:\/\/nesputanavina.hr\/shop\/microbio-correcaminos\/"},"modified":"2026-04-14T11:33:46","modified_gmt":"2026-04-14T09:33:46","slug":"microbio-correcaminos","status":"publish","type":"product","link":"https:\/\/nesputanavina.hr\/en\/shop\/microbio-correcaminos\/","title":{"rendered":"Correcaminos 2022"},"content":{"rendered":"<p><span style=\"font-weight: 400;\">Ismael Gozalo je peta generacija vinara u obitelji, a dolazi iz malog mjesta Nieva, po kojem je ovaj pet-nat dobio ime. Usmjeren je na rad s autohtonom sortom verdejo, koja u njegovim rukama pokazuje svoj puni potencijal kroz primjenu razli\u010ditih vinifikacijskih tehnika. Tako\u0111er, njeguje stare vinograde na 800-900 metara nadmorske visine te radi s necijepljenom lozom, \u0161to je danas prava rijetkost. Correcaminos je odle\u017eao nekoliko mjeseci na vlastitom talogu u inoxu, \u0161to mu daje kva\u0161\u010dane note i kremoznu strukturu. Vino je svje\u017ee, s lijepim tijelom i blagom puno\u0107om, a na nepcu donosi okuse limuna, jabuke i blagih tropskih nota.<\/span><\/p>\n<p><br style=\"font-weight: 400;\" \/><br style=\"font-weight: 400;\" \/><\/p>\n","protected":false},"excerpt":{"rendered":"<p>Ismael Gozalo je peta generacija vinara u obitelji, a dolazi iz malog mjesta Nieva, po kojem je ovaj pet-nat dobio ime. Usmjeren je na rad s autohtonom sortom verdejo, koja u njegovim rukama pokazuje svoj puni potencijal kroz primjenu razli\u010ditih vinifikacijskih tehnika. Tako\u0111er, njeguje stare vinograde na 800-900 metara nadmorske visine te radi s necijepljenom [&hellip;]<\/p>\n","protected":false},"featured_media":4103,"template":"","meta":{"_acf_changed":false,"_et_pb_use_builder":"","_et_pb_old_content":"","_et_gb_content_width":"","inline_featured_image":false},"product_brand":[],"product_cat":[122],"product_tag":[],"class_list":{"0":"post-3644","1":"product","2":"type-product","3":"status-publish","4":"has-post-thumbnail","6":"product_cat-aktivno","7":"pa_nesputani-izbor-laganini-vina","8":"pa_stil-vina-lagana-i-svjeza","9":"pa_tip-vina-bijela","10":"pa_uzgoj-organski","11":"pa_volumen-boce-750ml","13":"first","14":"outofstock","15":"taxable","16":"shipping-taxable","17":"purchasable","18":"product-type-simple"},"acf":[],"_links":{"self":[{"href":"https:\/\/nesputanavina.hr\/en\/wp-json\/wp\/v2\/product\/3644","targetHints":{"allow":["GET"]}}],"collection":[{"href":"https:\/\/nesputanavina.hr\/en\/wp-json\/wp\/v2\/product"}],"about":[{"href":"https:\/\/nesputanavina.hr\/en\/wp-json\/wp\/v2\/types\/product"}],"wp:featuredmedia":[{"embeddable":true,"href":"https:\/\/nesputanavina.hr\/en\/wp-json\/wp\/v2\/media\/4103"}],"wp:attachment":[{"href":"https:\/\/nesputanavina.hr\/en\/wp-json\/wp\/v2\/media?parent=3644"}],"wp:term":[{"taxonomy":"product_brand","embeddable":true,"href":"https:\/\/nesputanavina.hr\/en\/wp-json\/wp\/v2\/product_brand?post=3644"},{"taxonomy":"product_cat","embeddable":true,"href":"https:\/\/nesputanavina.hr\/en\/wp-json\/wp\/v2\/product_cat?post=3644"},{"taxonomy":"product_tag","embeddable":true,"href":"https:\/\/nesputanavina.hr\/en\/wp-json\/wp\/v2\/product_tag?post=3644"}],"curies":[{"name":"wp","href":"https:\/\/api.w.org\/{rel}","templated":true}]}}