{"id":3646,"date":"2024-10-08T16:47:12","date_gmt":"2024-10-08T16:47:12","guid":{"rendered":"https:\/\/nesputanavina.hr\/shop\/heinrich-pinot-noir\/"},"modified":"2026-03-27T20:58:21","modified_gmt":"2026-03-27T19:58:21","slug":"heinrich-pinot-noir","status":"publish","type":"product","link":"https:\/\/nesputanavina.hr\/en\/shop\/heinrich-pinot-noir\/","title":{"rendered":"Pinot Noir 2023"},"content":{"rendered":"<p data-pm-slice=\"1 1 []\">Heinrich Pinot Noir 2022 nudi bogatstvo okusa uz iznimnu lako\u0107u pijenja. Vino dolazi iz biodinami\u010dkih vinograda smje\u0161tenih u Burgenlandu, na tlima bogatim vapnencem i \u0161kriljevcem, \u0161to dodatno doprinosi njegovoj kompleksnosti i mineralnosti. U nosu se osje\u0107aju mirisi crvenog bobi\u010dastog vo\u0107a, dok je okus profinjen, uravnote\u017een i pun \u017eivosti, s osvje\u017eavaju\u0107om kiselinom koja nagla\u0161ava vo\u0107nost. Slobodno blago rashladiti.<\/p>\n","protected":false},"excerpt":{"rendered":"<p>Heinrich Pinot Noir 2022 nudi bogatstvo okusa uz iznimnu lako\u0107u pijenja. Vino dolazi iz biodinami\u010dkih vinograda smje\u0161tenih u Burgenlandu, na tlima bogatim vapnencem i \u0161kriljevcem, \u0161to dodatno doprinosi njegovoj kompleksnosti i mineralnosti. U nosu se osje\u0107aju mirisi crvenog bobi\u010dastog vo\u0107a, dok je okus profinjen, uravnote\u017een i pun \u017eivosti, s osvje\u017eavaju\u0107om kiselinom koja nagla\u0161ava vo\u0107nost. Slobodno [&hellip;]<\/p>\n","protected":false},"featured_media":4101,"template":"","meta":{"_acf_changed":false,"_et_pb_use_builder":"","_et_pb_old_content":"","_et_gb_content_width":"","inline_featured_image":false},"product_brand":[],"product_cat":[122],"product_tag":[],"class_list":{"0":"post-3646","1":"product","2":"type-product","3":"status-publish","4":"has-post-thumbnail","6":"product_cat-aktivno","7":"pa_nesputani-izbor-laganini-vina","8":"pa_stil-vina-lagana-i-svjeza","9":"pa_stil-vina-vocna-i-socna","10":"pa_tip-vina-crvena","11":"pa_uzgoj-biodinamicki","12":"pa_volumen-boce-750ml","14":"first","15":"instock","16":"taxable","17":"shipping-taxable","18":"purchasable","19":"product-type-simple"},"acf":[],"_links":{"self":[{"href":"https:\/\/nesputanavina.hr\/en\/wp-json\/wp\/v2\/product\/3646","targetHints":{"allow":["GET"]}}],"collection":[{"href":"https:\/\/nesputanavina.hr\/en\/wp-json\/wp\/v2\/product"}],"about":[{"href":"https:\/\/nesputanavina.hr\/en\/wp-json\/wp\/v2\/types\/product"}],"wp:featuredmedia":[{"embeddable":true,"href":"https:\/\/nesputanavina.hr\/en\/wp-json\/wp\/v2\/media\/4101"}],"wp:attachment":[{"href":"https:\/\/nesputanavina.hr\/en\/wp-json\/wp\/v2\/media?parent=3646"}],"wp:term":[{"taxonomy":"product_brand","embeddable":true,"href":"https:\/\/nesputanavina.hr\/en\/wp-json\/wp\/v2\/product_brand?post=3646"},{"taxonomy":"product_cat","embeddable":true,"href":"https:\/\/nesputanavina.hr\/en\/wp-json\/wp\/v2\/product_cat?post=3646"},{"taxonomy":"product_tag","embeddable":true,"href":"https:\/\/nesputanavina.hr\/en\/wp-json\/wp\/v2\/product_tag?post=3646"}],"curies":[{"name":"wp","href":"https:\/\/api.w.org\/{rel}","templated":true}]}}