{"id":3648,"date":"2024-10-08T16:47:12","date_gmt":"2024-10-08T16:47:12","guid":{"rendered":"https:\/\/nesputanavina.hr\/shop\/mlecnik-rebula\/"},"modified":"2026-03-27T20:58:12","modified_gmt":"2026-03-27T19:58:12","slug":"mlecnik-rebula","status":"publish","type":"product","link":"https:\/\/nesputanavina.hr\/en\/shop\/mlecnik-rebula\/","title":{"rendered":"Rebula 2018"},"content":{"rendered":"<p>Mle\u010dnik Rebula 2018 je vino duboke jantarne boje, koje savr\u0161eno spaja prirodni pristup s tradicijom. Bogato je tercijarnim aromama poput zemlje, dima, drva i suhog vo\u0107a, uz nje\u017ene medne note. Na nepcu je suho, s uravnote\u017eenom kiselinom i blagom trpkosti koja daje dodatnu dimenziju. Zrelo i potpuno razvijeno, nudi dug, skladan zavr\u0161etak. Ovo je vino koje prkosi prolaznosti, ostavljaju\u0107i trajan dojam na svakog tko ga proba.<\/p>\n","protected":false},"excerpt":{"rendered":"<p>Mle\u010dnik Rebula 2018 je vino duboke jantarne boje, koje savr\u0161eno spaja prirodni pristup s tradicijom. Bogato je tercijarnim aromama poput zemlje, dima, drva i suhog vo\u0107a, uz nje\u017ene medne note. Na nepcu je suho, s uravnote\u017eenom kiselinom i blagom trpkosti koja daje dodatnu dimenziju. Zrelo i potpuno razvijeno, nudi dug, skladan zavr\u0161etak. Ovo je vino [&hellip;]<\/p>\n","protected":false},"featured_media":4099,"template":"","meta":{"_acf_changed":false,"_et_pb_use_builder":"","_et_pb_old_content":"","_et_gb_content_width":"","inline_featured_image":false},"product_brand":[],"product_cat":[122],"product_tag":[],"class_list":{"0":"post-3648","1":"product","2":"type-product","3":"status-publish","4":"has-post-thumbnail","6":"product_cat-aktivno","7":"pa_nesputani-izbor-hrana-za-misli","8":"pa_nesputani-izbor-rariteti","9":"pa_stil-vina-mineralna-i-elegantna","10":"pa_stil-vina-bogata-i-slojevita","11":"pa_tip-vina-bijela-macerirana","12":"pa_uzgoj-organski","13":"pa_volumen-boce-750ml","15":"first","16":"instock","17":"taxable","18":"shipping-taxable","19":"purchasable","20":"product-type-simple"},"acf":[],"_links":{"self":[{"href":"https:\/\/nesputanavina.hr\/en\/wp-json\/wp\/v2\/product\/3648","targetHints":{"allow":["GET"]}}],"collection":[{"href":"https:\/\/nesputanavina.hr\/en\/wp-json\/wp\/v2\/product"}],"about":[{"href":"https:\/\/nesputanavina.hr\/en\/wp-json\/wp\/v2\/types\/product"}],"wp:featuredmedia":[{"embeddable":true,"href":"https:\/\/nesputanavina.hr\/en\/wp-json\/wp\/v2\/media\/4099"}],"wp:attachment":[{"href":"https:\/\/nesputanavina.hr\/en\/wp-json\/wp\/v2\/media?parent=3648"}],"wp:term":[{"taxonomy":"product_brand","embeddable":true,"href":"https:\/\/nesputanavina.hr\/en\/wp-json\/wp\/v2\/product_brand?post=3648"},{"taxonomy":"product_cat","embeddable":true,"href":"https:\/\/nesputanavina.hr\/en\/wp-json\/wp\/v2\/product_cat?post=3648"},{"taxonomy":"product_tag","embeddable":true,"href":"https:\/\/nesputanavina.hr\/en\/wp-json\/wp\/v2\/product_tag?post=3648"}],"curies":[{"name":"wp","href":"https:\/\/api.w.org\/{rel}","templated":true}]}}