{"id":3649,"date":"2024-10-08T16:47:13","date_gmt":"2024-10-08T16:47:13","guid":{"rendered":"https:\/\/nesputanavina.hr\/shop\/kmetija-stekar-pinot-draga\/"},"modified":"2026-03-27T20:58:15","modified_gmt":"2026-03-27T19:58:15","slug":"kmetija-stekar-pinot-draga","status":"publish","type":"product","link":"https:\/\/nesputanavina.hr\/en\/shop\/kmetija-stekar-pinot-draga\/","title":{"rendered":"Pinot Draga 2015"},"content":{"rendered":"<p><span style=\"font-weight: 400;\">Kmetija \u0160tekar Pinot Draga 2015 je vino za one koji vole malo &#8216;divljine&#8217; u \u010da\u0161i. Tamara i Janko \u0160tekar stvaraju vina s puno karaktera, odra\u017eavaju\u0107i slobodan i nekonvencionalan pristup vinifikaciji. Ovaj pinot sivi fermentira spontano, bez dodatka kvasaca, a vino se ne filtrira, \u010dime se zadr\u017eava maksimalna kompleksnost i teksturalna dubina. U okusu dominiraju ko\u0161tuni\u010davi plodovi poput breskve i marelice, s nagla\u0161enom mineralno\u0161\u0107u na zavr\u0161etku. Provokativna kiselina dodaje strukturu i vitalnost ovom slojevitom vinu.<\/span><\/p>\n<p><br style=\"font-weight: 400;\" \/><br style=\"font-weight: 400;\" \/><\/p>\n","protected":false},"excerpt":{"rendered":"<p>Kmetija \u0160tekar Pinot Draga 2015 je vino za one koji vole malo &#8216;divljine&#8217; u \u010da\u0161i. Tamara i Janko \u0160tekar stvaraju vina s puno karaktera, odra\u017eavaju\u0107i slobodan i nekonvencionalan pristup vinifikaciji. Ovaj pinot sivi fermentira spontano, bez dodatka kvasaca, a vino se ne filtrira, \u010dime se zadr\u017eava maksimalna kompleksnost i teksturalna dubina. U okusu dominiraju ko\u0161tuni\u010davi [&hellip;]<\/p>\n","protected":false},"featured_media":3700,"template":"","meta":{"_acf_changed":false,"_et_pb_use_builder":"","_et_pb_old_content":"","_et_gb_content_width":"","inline_featured_image":false},"product_brand":[],"product_cat":[122],"product_tag":[],"class_list":{"0":"post-3649","1":"product","2":"type-product","3":"status-publish","4":"has-post-thumbnail","6":"product_cat-aktivno","7":"pa_nesputani-izbor-hrana-za-misli","8":"pa_nesputani-izbor-rariteti","9":"pa_stil-vina-bogata-i-slojevita","10":"pa_tip-vina-bijela-macerirana","11":"pa_uzgoj-organski","12":"pa_volumen-boce-750ml","14":"first","15":"instock","16":"taxable","17":"shipping-taxable","18":"purchasable","19":"product-type-simple"},"acf":[],"_links":{"self":[{"href":"https:\/\/nesputanavina.hr\/en\/wp-json\/wp\/v2\/product\/3649","targetHints":{"allow":["GET"]}}],"collection":[{"href":"https:\/\/nesputanavina.hr\/en\/wp-json\/wp\/v2\/product"}],"about":[{"href":"https:\/\/nesputanavina.hr\/en\/wp-json\/wp\/v2\/types\/product"}],"wp:featuredmedia":[{"embeddable":true,"href":"https:\/\/nesputanavina.hr\/en\/wp-json\/wp\/v2\/media\/3700"}],"wp:attachment":[{"href":"https:\/\/nesputanavina.hr\/en\/wp-json\/wp\/v2\/media?parent=3649"}],"wp:term":[{"taxonomy":"product_brand","embeddable":true,"href":"https:\/\/nesputanavina.hr\/en\/wp-json\/wp\/v2\/product_brand?post=3649"},{"taxonomy":"product_cat","embeddable":true,"href":"https:\/\/nesputanavina.hr\/en\/wp-json\/wp\/v2\/product_cat?post=3649"},{"taxonomy":"product_tag","embeddable":true,"href":"https:\/\/nesputanavina.hr\/en\/wp-json\/wp\/v2\/product_tag?post=3649"}],"curies":[{"name":"wp","href":"https:\/\/api.w.org\/{rel}","templated":true}]}}