{"id":3650,"date":"2024-10-08T16:47:13","date_gmt":"2024-10-08T16:47:13","guid":{"rendered":"https:\/\/nesputanavina.hr\/shop\/kmetija-stekar-jankot\/"},"modified":"2026-03-27T20:58:15","modified_gmt":"2026-03-27T19:58:15","slug":"kmetija-stekar-jankot","status":"publish","type":"product","link":"https:\/\/nesputanavina.hr\/en\/shop\/kmetija-stekar-jankot\/","title":{"rendered":"Jankot 2020"},"content":{"rendered":"<p>Jankot 2020 vino iz Kmetije \u0160tekar izvanredan je primjer lokalne sorte friulano, duboko ukorijenjene u regiji Gori\u0161ka Brda, Slovenija. Ovo prirodno vino, koje Tamara i Janko proizvode uz minimalne intervencije, odlikuje se spontanom fermentacijom bez dodatka kvasaca i filtracije. Macerirano je na ko\u017eicama kroz dulje razdoblje, \u0161to doprinosi njegovoj slo\u017eenoj strukturi i bogatstvu okusa. Posebnost ovog vina je odle\u017eavanje u ba\u010dvama od bagrema, \u0161to nagla\u0161ava njegov karakter. Na nosu se osje\u0107aju zreli ko\u0161tuni\u010davi plodovi poput marelice i breskve, uz zemljane i herbalne note. Na nepcu vino nudi bogatu teksturu s vibrantnom kiselinom, slojevitom mineralno\u0161\u0107u i dugotrajnim, impresivnim zavr\u0161etkom. Za one koje vole osebujna, autenti\u010dna vina \u017eivih kiselina!<\/p>\n","protected":false},"excerpt":{"rendered":"<p>Jankot 2020 vino iz Kmetije \u0160tekar izvanredan je primjer lokalne sorte friulano, duboko ukorijenjene u regiji Gori\u0161ka Brda, Slovenija. Ovo prirodno vino, koje Tamara i Janko proizvode uz minimalne intervencije, odlikuje se spontanom fermentacijom bez dodatka kvasaca i filtracije. Macerirano je na ko\u017eicama kroz dulje razdoblje, \u0161to doprinosi njegovoj slo\u017eenoj strukturi i bogatstvu okusa. Posebnost [&hellip;]<\/p>\n","protected":false},"featured_media":3698,"template":"","meta":{"_acf_changed":false,"_et_pb_use_builder":"","_et_pb_old_content":"","_et_gb_content_width":"","inline_featured_image":false},"product_brand":[],"product_cat":[122],"product_tag":[],"class_list":{"0":"post-3650","1":"product","2":"type-product","3":"status-publish","4":"has-post-thumbnail","6":"product_cat-aktivno","7":"pa_nesputani-izbor-hrana-za-misli","8":"pa_stil-vina-bogata-i-slojevita","9":"pa_tip-vina-bijela-macerirana","10":"pa_uzgoj-organski","11":"pa_volumen-boce-750ml","13":"first","14":"instock","15":"taxable","16":"shipping-taxable","17":"purchasable","18":"product-type-simple"},"acf":[],"_links":{"self":[{"href":"https:\/\/nesputanavina.hr\/en\/wp-json\/wp\/v2\/product\/3650","targetHints":{"allow":["GET"]}}],"collection":[{"href":"https:\/\/nesputanavina.hr\/en\/wp-json\/wp\/v2\/product"}],"about":[{"href":"https:\/\/nesputanavina.hr\/en\/wp-json\/wp\/v2\/types\/product"}],"wp:featuredmedia":[{"embeddable":true,"href":"https:\/\/nesputanavina.hr\/en\/wp-json\/wp\/v2\/media\/3698"}],"wp:attachment":[{"href":"https:\/\/nesputanavina.hr\/en\/wp-json\/wp\/v2\/media?parent=3650"}],"wp:term":[{"taxonomy":"product_brand","embeddable":true,"href":"https:\/\/nesputanavina.hr\/en\/wp-json\/wp\/v2\/product_brand?post=3650"},{"taxonomy":"product_cat","embeddable":true,"href":"https:\/\/nesputanavina.hr\/en\/wp-json\/wp\/v2\/product_cat?post=3650"},{"taxonomy":"product_tag","embeddable":true,"href":"https:\/\/nesputanavina.hr\/en\/wp-json\/wp\/v2\/product_tag?post=3650"}],"curies":[{"name":"wp","href":"https:\/\/api.w.org\/{rel}","templated":true}]}}