{"id":3651,"date":"2024-10-08T16:47:13","date_gmt":"2024-10-08T16:47:13","guid":{"rendered":"https:\/\/nesputanavina.hr\/shop\/kmetija-stekar-malvazija\/"},"modified":"2026-03-27T20:58:15","modified_gmt":"2026-03-27T19:58:15","slug":"kmetija-stekar-malvazija","status":"publish","type":"product","link":"https:\/\/nesputanavina.hr\/en\/shop\/kmetija-stekar-malvazija\/","title":{"rendered":"Malvazija 2020"},"content":{"rendered":"<p>Kmetija \u0160tekar Malvazija je vino koje odmah privu\u010de pa\u017enju svojim \u017eivahnim karakterom. Ovaj oran\u017e proizvod je dugotrajne maceracije te nosi na sebi upe\u010datljive i zavodljive kiseline, koje mu daju izvanrednu svje\u017einu i \u010dine ga iznimno pitkim. Na nosu se otkrivaju primamljive arome tropskog vo\u0107a \u2013 mango i ananas vode glavnu rije\u010d \u2013 dok na nepcu dominiraju slojevi bogate strukture i energi\u010dne svje\u017eine. Pravi energetski napitak!<\/p>\n","protected":false},"excerpt":{"rendered":"<p>Kmetija \u0160tekar Malvazija je vino koje odmah privu\u010de pa\u017enju svojim \u017eivahnim karakterom. Ovaj oran\u017e proizvod je dugotrajne maceracije te nosi na sebi upe\u010datljive i zavodljive kiseline, koje mu daju izvanrednu svje\u017einu i \u010dine ga iznimno pitkim. Na nosu se otkrivaju primamljive arome tropskog vo\u0107a \u2013 mango i ananas vode glavnu rije\u010d \u2013 dok na nepcu [&hellip;]<\/p>\n","protected":false},"featured_media":3703,"template":"","meta":{"_acf_changed":false,"_et_pb_use_builder":"","_et_pb_old_content":"","_et_gb_content_width":"","inline_featured_image":false},"product_brand":[],"product_cat":[122],"product_tag":[],"class_list":{"0":"post-3651","1":"product","2":"type-product","3":"status-publish","4":"has-post-thumbnail","6":"product_cat-aktivno","7":"pa_nesputani-izbor-hrana-za-misli","8":"pa_stil-vina-bogata-i-slojevita","9":"pa_tip-vina-bijela-macerirana","10":"pa_uzgoj-organski","11":"pa_volumen-boce-750ml","13":"first","14":"instock","15":"taxable","16":"shipping-taxable","17":"purchasable","18":"product-type-simple"},"acf":[],"_links":{"self":[{"href":"https:\/\/nesputanavina.hr\/en\/wp-json\/wp\/v2\/product\/3651","targetHints":{"allow":["GET"]}}],"collection":[{"href":"https:\/\/nesputanavina.hr\/en\/wp-json\/wp\/v2\/product"}],"about":[{"href":"https:\/\/nesputanavina.hr\/en\/wp-json\/wp\/v2\/types\/product"}],"wp:featuredmedia":[{"embeddable":true,"href":"https:\/\/nesputanavina.hr\/en\/wp-json\/wp\/v2\/media\/3703"}],"wp:attachment":[{"href":"https:\/\/nesputanavina.hr\/en\/wp-json\/wp\/v2\/media?parent=3651"}],"wp:term":[{"taxonomy":"product_brand","embeddable":true,"href":"https:\/\/nesputanavina.hr\/en\/wp-json\/wp\/v2\/product_brand?post=3651"},{"taxonomy":"product_cat","embeddable":true,"href":"https:\/\/nesputanavina.hr\/en\/wp-json\/wp\/v2\/product_cat?post=3651"},{"taxonomy":"product_tag","embeddable":true,"href":"https:\/\/nesputanavina.hr\/en\/wp-json\/wp\/v2\/product_tag?post=3651"}],"curies":[{"name":"wp","href":"https:\/\/api.w.org\/{rel}","templated":true}]}}