{"id":3652,"date":"2024-10-08T16:47:14","date_gmt":"2024-10-08T16:47:14","guid":{"rendered":"https:\/\/nesputanavina.hr\/shop\/keltis-cuvee-extreme\/"},"modified":"2026-03-27T20:58:08","modified_gmt":"2026-03-27T19:58:08","slug":"keltis-cuvee-extreme","status":"publish","type":"product","link":"https:\/\/nesputanavina.hr\/en\/shop\/keltis-cuvee-extreme\/","title":{"rendered":"Cuvee Extreme 2018"},"content":{"rendered":"<p data-pm-slice=\"1 1 []\">Keltis Cuvee Extreme je jedno od onih vina koje vas odmah privu\u010de svojom bogatom i slojevitom strukturom. Njegova srednje duboka zlatno-\u017euta boja rezultat je duge maceracije, \u0161to se odmah osjeti u \u010da\u0161i. Na nosu dolazi do izra\u017eaja \u010dvrst i mirisan karakter, s bogatim tonovima zrelog i su\u0161enog vo\u0107a, poput marelica i kru\u0161aka. U ustima je jo\u0161 zanimljivije \u2013 vo\u0107ni tonovi pro\u017eeti su blagim balzami\u010dnim i herbalnim nijansama koje vino \u010dine punim i zaokru\u017eenim. Ovo je vino sa sna\u017enim karakterom, stvoreno za one koji u\u017eivaju u kompleksnim, ali izrazito pitkim vinima.<\/p>\n","protected":false},"excerpt":{"rendered":"<p>Keltis Cuvee Extreme je jedno od onih vina koje vas odmah privu\u010de svojom bogatom i slojevitom strukturom. Njegova srednje duboka zlatno-\u017euta boja rezultat je duge maceracije, \u0161to se odmah osjeti u \u010da\u0161i. Na nosu dolazi do izra\u017eaja \u010dvrst i mirisan karakter, s bogatim tonovima zrelog i su\u0161enog vo\u0107a, poput marelica i kru\u0161aka. U ustima je [&hellip;]<\/p>\n","protected":false},"featured_media":3697,"template":"","meta":{"_acf_changed":false,"_et_pb_use_builder":"","_et_pb_old_content":"","_et_gb_content_width":"","inline_featured_image":false},"product_brand":[],"product_cat":[122],"product_tag":[],"class_list":{"0":"post-3652","1":"product","2":"type-product","3":"status-publish","4":"has-post-thumbnail","6":"product_cat-aktivno","7":"pa_nesputani-izbor-hrana-za-misli","8":"pa_stil-vina-bogata-i-slojevita","9":"pa_tip-vina-bijela-macerirana","10":"pa_uzgoj-biodinamicki","11":"pa_volumen-boce-750ml","13":"first","14":"outofstock","15":"taxable","16":"shipping-taxable","17":"purchasable","18":"product-type-simple"},"acf":[],"_links":{"self":[{"href":"https:\/\/nesputanavina.hr\/en\/wp-json\/wp\/v2\/product\/3652","targetHints":{"allow":["GET"]}}],"collection":[{"href":"https:\/\/nesputanavina.hr\/en\/wp-json\/wp\/v2\/product"}],"about":[{"href":"https:\/\/nesputanavina.hr\/en\/wp-json\/wp\/v2\/types\/product"}],"wp:featuredmedia":[{"embeddable":true,"href":"https:\/\/nesputanavina.hr\/en\/wp-json\/wp\/v2\/media\/3697"}],"wp:attachment":[{"href":"https:\/\/nesputanavina.hr\/en\/wp-json\/wp\/v2\/media?parent=3652"}],"wp:term":[{"taxonomy":"product_brand","embeddable":true,"href":"https:\/\/nesputanavina.hr\/en\/wp-json\/wp\/v2\/product_brand?post=3652"},{"taxonomy":"product_cat","embeddable":true,"href":"https:\/\/nesputanavina.hr\/en\/wp-json\/wp\/v2\/product_cat?post=3652"},{"taxonomy":"product_tag","embeddable":true,"href":"https:\/\/nesputanavina.hr\/en\/wp-json\/wp\/v2\/product_tag?post=3652"}],"curies":[{"name":"wp","href":"https:\/\/api.w.org\/{rel}","templated":true}]}}