{"id":3659,"date":"2024-10-08T16:47:18","date_gmt":"2024-10-08T16:47:18","guid":{"rendered":"https:\/\/nesputanavina.hr\/shop\/r-suman-chardonnay\/"},"modified":"2026-03-27T20:58:22","modified_gmt":"2026-03-27T19:58:22","slug":"r-suman-chardonnay","status":"publish","type":"product","link":"https:\/\/nesputanavina.hr\/en\/shop\/r-suman-chardonnay\/","title":{"rendered":"Chardonnay 2021"},"content":{"rendered":"<p>\u0160uman Chardonnay 2021 vino je za znati\u017eeljne koji \u017eele istra\u017eiti \u0161to zna\u010di pravi biodinami\u010dki pristup, ali i za one koji su ve\u0107 &#8220;navu\u010deni&#8221; na prirodnost i autenti\u010dnost u \u010da\u0161i. Nakon spontane fermentacije s nekoliko dana maceracije, vino je odle\u017ealo dvije godine u starim hrastovim ba\u010dvama. Bez dodatka sulfita, nefiltrirano i nefino, zadr\u017eava punu \u010disto\u0107u terroira. Radovan ne macerira vina samo radi oran\u017e stila; on vjeruje da kroz kontakt s ko\u017eicom vino crpi sve informacije iz prirode i nastavlja pri\u010dati njenu pri\u010du, pritom postaju\u0107i stabilnije. Chardonnay se isti\u010de bogatom teksturom, suptilnim slojevima zrelog vo\u0107a i izra\u017eenom mineralno\u0161\u0107u. Elegantan, kompleksan i osvje\u017eavaju\u0107i izbor.<\/p>\n","protected":false},"excerpt":{"rendered":"<p>\u0160uman Chardonnay 2021 vino je za znati\u017eeljne koji \u017eele istra\u017eiti \u0161to zna\u010di pravi biodinami\u010dki pristup, ali i za one koji su ve\u0107 &#8220;navu\u010deni&#8221; na prirodnost i autenti\u010dnost u \u010da\u0161i. Nakon spontane fermentacije s nekoliko dana maceracije, vino je odle\u017ealo dvije godine u starim hrastovim ba\u010dvama. Bez dodatka sulfita, nefiltrirano i nefino, zadr\u017eava punu \u010disto\u0107u terroira. [&hellip;]<\/p>\n","protected":false},"featured_media":4095,"template":"","meta":{"_acf_changed":false,"_et_pb_use_builder":"","_et_pb_old_content":"","_et_gb_content_width":"","inline_featured_image":false},"product_brand":[],"product_cat":[122],"product_tag":[],"class_list":{"0":"post-3659","1":"product","2":"type-product","3":"status-publish","4":"has-post-thumbnail","6":"product_cat-aktivno","7":"pa_nesputani-izbor-hrana-za-misli","8":"pa_nesputani-izbor-rariteti","9":"pa_stil-vina-bogata-i-slojevita","10":"pa_tip-vina-bijela-macerirana","11":"pa_uzgoj-biodinamicki","12":"pa_volumen-boce-750ml","14":"first","15":"outofstock","16":"taxable","17":"shipping-taxable","18":"purchasable","19":"product-type-simple"},"acf":[],"_links":{"self":[{"href":"https:\/\/nesputanavina.hr\/en\/wp-json\/wp\/v2\/product\/3659","targetHints":{"allow":["GET"]}}],"collection":[{"href":"https:\/\/nesputanavina.hr\/en\/wp-json\/wp\/v2\/product"}],"about":[{"href":"https:\/\/nesputanavina.hr\/en\/wp-json\/wp\/v2\/types\/product"}],"wp:featuredmedia":[{"embeddable":true,"href":"https:\/\/nesputanavina.hr\/en\/wp-json\/wp\/v2\/media\/4095"}],"wp:attachment":[{"href":"https:\/\/nesputanavina.hr\/en\/wp-json\/wp\/v2\/media?parent=3659"}],"wp:term":[{"taxonomy":"product_brand","embeddable":true,"href":"https:\/\/nesputanavina.hr\/en\/wp-json\/wp\/v2\/product_brand?post=3659"},{"taxonomy":"product_cat","embeddable":true,"href":"https:\/\/nesputanavina.hr\/en\/wp-json\/wp\/v2\/product_cat?post=3659"},{"taxonomy":"product_tag","embeddable":true,"href":"https:\/\/nesputanavina.hr\/en\/wp-json\/wp\/v2\/product_tag?post=3659"}],"curies":[{"name":"wp","href":"https:\/\/api.w.org\/{rel}","templated":true}]}}