{"id":4218,"date":"2024-10-23T20:37:47","date_gmt":"2024-10-23T18:37:47","guid":{"rendered":"https:\/\/nesputanavina.hr\/shop\/m-vajcner-pinot-noir-satov\/"},"modified":"2026-04-14T11:33:29","modified_gmt":"2026-04-14T09:33:29","slug":"m-vajcner-pinot-noir-satov","status":"publish","type":"product","link":"https:\/\/nesputanavina.hr\/en\/shop\/m-vajcner-pinot-noir-satov\/","title":{"rendered":"Pinot Noir \u0160atov 2022"},"content":{"rendered":"<p>Ovo je izrazito lagano i svje\u017ee crveno vino s vrlo niskim udjelom alkohola od samo 9,5 %, \u0161to ga \u010dini idealnim za one koji u\u017eivaju u pitkim i so\u010dnim vinima. Na nosu se isti\u010du izra\u017eene note brusnice i \u0161ipka, koje pridonose njegovom vo\u0107nom karakteru, dok mineralne note daju dodatnu dimenziju. Osvje\u017eavaju\u0107e, s lako\u0107om prolazi nepce, nagla\u0161avaju\u0107i prirodnu vo\u0107nost i vitalnost sorte. Preporu\u010duje se dobro rashladiti kako bi se naglasile sve fine arome i osvje\u017eavaju\u0107i elementi.<\/p>\n","protected":false},"excerpt":{"rendered":"<p>Ovo je izrazito lagano i svje\u017ee crveno vino s vrlo niskim udjelom alkohola od samo 9,5 %, \u0161to ga \u010dini idealnim za one koji u\u017eivaju u pitkim i so\u010dnim vinima. Na nosu se isti\u010du izra\u017eene note brusnice i \u0161ipka, koje pridonose njegovom vo\u0107nom karakteru, dok mineralne note daju dodatnu dimenziju. Osvje\u017eavaju\u0107e, s lako\u0107om prolazi nepce, [&hellip;]<\/p>\n","protected":false},"featured_media":4226,"template":"","meta":{"_acf_changed":false,"_et_pb_use_builder":"","_et_pb_old_content":"","_et_gb_content_width":"","inline_featured_image":false},"product_brand":[],"product_cat":[122],"product_tag":[],"class_list":{"0":"post-4218","1":"product","2":"type-product","3":"status-publish","4":"has-post-thumbnail","6":"product_cat-aktivno","7":"pa_nesputani-izbor-laganini-vina","8":"pa_stil-vina-lagana-i-svjeza","9":"pa_tip-vina-crvena","10":"pa_uzgoj-organski","11":"pa_volumen-boce-750ml","13":"first","14":"instock","15":"taxable","16":"shipping-taxable","17":"purchasable","18":"product-type-simple"},"acf":[],"_links":{"self":[{"href":"https:\/\/nesputanavina.hr\/en\/wp-json\/wp\/v2\/product\/4218","targetHints":{"allow":["GET"]}}],"collection":[{"href":"https:\/\/nesputanavina.hr\/en\/wp-json\/wp\/v2\/product"}],"about":[{"href":"https:\/\/nesputanavina.hr\/en\/wp-json\/wp\/v2\/types\/product"}],"wp:featuredmedia":[{"embeddable":true,"href":"https:\/\/nesputanavina.hr\/en\/wp-json\/wp\/v2\/media\/4226"}],"wp:attachment":[{"href":"https:\/\/nesputanavina.hr\/en\/wp-json\/wp\/v2\/media?parent=4218"}],"wp:term":[{"taxonomy":"product_brand","embeddable":true,"href":"https:\/\/nesputanavina.hr\/en\/wp-json\/wp\/v2\/product_brand?post=4218"},{"taxonomy":"product_cat","embeddable":true,"href":"https:\/\/nesputanavina.hr\/en\/wp-json\/wp\/v2\/product_cat?post=4218"},{"taxonomy":"product_tag","embeddable":true,"href":"https:\/\/nesputanavina.hr\/en\/wp-json\/wp\/v2\/product_tag?post=4218"}],"curies":[{"name":"wp","href":"https:\/\/api.w.org\/{rel}","templated":true}]}}