{"id":4219,"date":"2024-10-23T20:37:47","date_gmt":"2024-10-23T18:37:47","guid":{"rendered":"https:\/\/nesputanavina.hr\/shop\/m-vajcner-dekadence\/"},"modified":"2026-04-14T11:33:29","modified_gmt":"2026-04-14T09:33:29","slug":"m-vajcner-dekadence","status":"publish","type":"product","link":"https:\/\/nesputanavina.hr\/en\/shop\/m-vajcner-dekadence\/","title":{"rendered":"Dekadence 2021\/2023"},"content":{"rendered":"<div class=\"flex-shrink-0 flex flex-col relative items-end\">\n<div>\n<div class=\"pt-0\">\n<div class=\"gizmo-bot-avatar flex h-8 w-8 items-center justify-center overflow-hidden rounded-full\">\n<div class=\"relative p-1 rounded-sm flex items-center justify-center bg-token-main-surface-primary text-token-text-primary h-8 w-8\">Dekadence Martin Vaj\u010dner Pinot Noir dolazi iz vinogorja Znojmo, s lokaliteta Havran\u00edky \u2013 Star\u00e9 vinice. Nastalo iz pa\u017eljivo uzgojenog pinota crnog, \u010dije su bobice macerirane 12 mjeseci na ko\u017eicama u moravskim amforama, dok je dozrijevanje obavljeno u francuskim hrastovim ba\u010dvama. Jedinstvenost Dekadence le\u017ei u dodatku mje\u0161avine frankovke i gra\u0161evine, fermentiranih djelomi\u010dno karbonskom maceracijom, \u0161to vinu daje lijepu razigranost, lako\u0107u i privla\u010dne, dekadentne arome.<\/div>\n<\/div>\n<\/div>\n<\/div>\n<\/div>\n","protected":false},"excerpt":{"rendered":"<p>Dekadence Martin Vaj\u010dner Pinot Noir dolazi iz vinogorja Znojmo, s lokaliteta Havran\u00edky \u2013 Star\u00e9 vinice. Nastalo iz pa\u017eljivo uzgojenog pinota crnog, \u010dije su bobice macerirane 12 mjeseci na ko\u017eicama u moravskim amforama, dok je dozrijevanje obavljeno u francuskim hrastovim ba\u010dvama. Jedinstvenost Dekadence le\u017ei u dodatku mje\u0161avine frankovke i gra\u0161evine, fermentiranih djelomi\u010dno karbonskom maceracijom, \u0161to vinu [&hellip;]<\/p>\n","protected":false},"featured_media":4225,"template":"","meta":{"_acf_changed":false,"_et_pb_use_builder":"","_et_pb_old_content":"","_et_gb_content_width":"","inline_featured_image":false},"product_brand":[],"product_cat":[92],"product_tag":[],"class_list":{"0":"post-4219","1":"product","2":"type-product","3":"status-publish","4":"has-post-thumbnail","6":"product_cat-hiddenproducts","7":"pa_nesputani-izbor-laganini-vina","8":"pa_stil-vina-vocna-i-socna","9":"pa_tip-vina-crvena","10":"pa_uzgoj-biodinamicki","11":"pa_volumen-boce-750ml","13":"first","14":"outofstock","15":"taxable","16":"shipping-taxable","17":"purchasable","18":"product-type-simple"},"acf":[],"_links":{"self":[{"href":"https:\/\/nesputanavina.hr\/en\/wp-json\/wp\/v2\/product\/4219","targetHints":{"allow":["GET"]}}],"collection":[{"href":"https:\/\/nesputanavina.hr\/en\/wp-json\/wp\/v2\/product"}],"about":[{"href":"https:\/\/nesputanavina.hr\/en\/wp-json\/wp\/v2\/types\/product"}],"wp:featuredmedia":[{"embeddable":true,"href":"https:\/\/nesputanavina.hr\/en\/wp-json\/wp\/v2\/media\/4225"}],"wp:attachment":[{"href":"https:\/\/nesputanavina.hr\/en\/wp-json\/wp\/v2\/media?parent=4219"}],"wp:term":[{"taxonomy":"product_brand","embeddable":true,"href":"https:\/\/nesputanavina.hr\/en\/wp-json\/wp\/v2\/product_brand?post=4219"},{"taxonomy":"product_cat","embeddable":true,"href":"https:\/\/nesputanavina.hr\/en\/wp-json\/wp\/v2\/product_cat?post=4219"},{"taxonomy":"product_tag","embeddable":true,"href":"https:\/\/nesputanavina.hr\/en\/wp-json\/wp\/v2\/product_tag?post=4219"}],"curies":[{"name":"wp","href":"https:\/\/api.w.org\/{rel}","templated":true}]}}