{"id":4247,"date":"2024-10-28T15:13:45","date_gmt":"2024-10-28T14:13:45","guid":{"rendered":"https:\/\/nesputanavina.hr\/shop\/mira-nestarec-mira-riesling\/"},"modified":"2026-03-27T20:58:06","modified_gmt":"2026-03-27T19:58:06","slug":"mira-nestarec-mira-riesling","status":"publish","type":"product","link":"https:\/\/nesputanavina.hr\/en\/shop\/mira-nestarec-mira-riesling\/","title":{"rendered":"Mira Riesling 2023"},"content":{"rendered":"<div class=\"flex max-w-full flex-col flex-grow\">\n<div class=\"min-h-8 text-message flex w-full flex-col items-end gap-2 whitespace-normal break-words text-start [.text-message+&amp;]:mt-5\" dir=\"auto\" data-message-author-role=\"assistant\" data-message-id=\"168c8927-bffc-45bd-b6d7-d498c8dded1c\" data-message-model-slug=\"gpt-4o-mini\">\n<div class=\"flex w-full flex-col gap-1 empty:hidden first:pt-[3px]\">\n<div class=\"markdown prose w-full break-words dark:prose-invert light\">\n<p>MIRA je vinarija unutar vinarije, projekt koji se razvija uz Milan Nestarec u Velikim B\u00edlovicama, u \u010ce\u0161koj. No, MIRA je prije svega Mira, Mirka Nestarcov\u00e1 \u2013 biv\u0161a balerina i plesa\u010dica koja donosi slobodan, gotovo umjetni\u010dki pristup vinogradarstvu. MIRA se temelji na slobodi: vinogradi se uzgajaju s minimalnim obrezivanjem, a vino fermentira spontano u drvu i betonu, uz minimalne tehnolo\u0161ke intervencije. Vina Mire Nestarec nose nevjerojatnu energiju i karakter. Riesling dolazi iz vinograda starog vi\u0161e od 30 godina, smje\u0161tenog na pje\u0161\u010danom tlu, a njegovo bogatstvo i dubina odra\u017eavaju se u svakom gutljaju. Etiketa prikazuje Vaslava Nijinskog, poznatog ruskog plesa\u010da i koreografa, \u0161to savr\u0161eno odgovara karakteru ovog vina, koje nosi virtuoznost, dubinu i intenzitet.<\/p>\n<\/div>\n<\/div>\n<\/div>\n<\/div>\n","protected":false},"excerpt":{"rendered":"<p>MIRA je vinarija unutar vinarije, projekt koji se razvija uz Milan Nestarec u Velikim B\u00edlovicama, u \u010ce\u0161koj. No, MIRA je prije svega Mira, Mirka Nestarcov\u00e1 \u2013 biv\u0161a balerina i plesa\u010dica koja donosi slobodan, gotovo umjetni\u010dki pristup vinogradarstvu. MIRA se temelji na slobodi: vinogradi se uzgajaju s minimalnim obrezivanjem, a vino fermentira spontano u drvu i [&hellip;]<\/p>\n","protected":false},"featured_media":4943,"template":"","meta":{"_acf_changed":false,"_et_pb_use_builder":"","_et_pb_old_content":"","_et_gb_content_width":"","inline_featured_image":false},"product_brand":[],"product_cat":[122],"product_tag":[],"class_list":{"0":"post-4247","1":"product","2":"type-product","3":"status-publish","4":"has-post-thumbnail","6":"product_cat-aktivno","7":"pa_nesputani-izbor-rariteti","8":"pa_stil-vina-mineralna-i-elegantna","9":"pa_tip-vina-bijela","10":"pa_uzgoj-organski","11":"pa_volumen-boce-750ml","13":"first","14":"instock","15":"taxable","16":"shipping-taxable","17":"purchasable","18":"product-type-simple"},"acf":[],"_links":{"self":[{"href":"https:\/\/nesputanavina.hr\/en\/wp-json\/wp\/v2\/product\/4247","targetHints":{"allow":["GET"]}}],"collection":[{"href":"https:\/\/nesputanavina.hr\/en\/wp-json\/wp\/v2\/product"}],"about":[{"href":"https:\/\/nesputanavina.hr\/en\/wp-json\/wp\/v2\/types\/product"}],"wp:featuredmedia":[{"embeddable":true,"href":"https:\/\/nesputanavina.hr\/en\/wp-json\/wp\/v2\/media\/4943"}],"wp:attachment":[{"href":"https:\/\/nesputanavina.hr\/en\/wp-json\/wp\/v2\/media?parent=4247"}],"wp:term":[{"taxonomy":"product_brand","embeddable":true,"href":"https:\/\/nesputanavina.hr\/en\/wp-json\/wp\/v2\/product_brand?post=4247"},{"taxonomy":"product_cat","embeddable":true,"href":"https:\/\/nesputanavina.hr\/en\/wp-json\/wp\/v2\/product_cat?post=4247"},{"taxonomy":"product_tag","embeddable":true,"href":"https:\/\/nesputanavina.hr\/en\/wp-json\/wp\/v2\/product_tag?post=4247"}],"curies":[{"name":"wp","href":"https:\/\/api.w.org\/{rel}","templated":true}]}}