{"id":4254,"date":"2024-10-28T15:13:46","date_gmt":"2024-10-28T14:13:46","guid":{"rendered":"https:\/\/nesputanavina.hr\/shop\/dluhe-gretfy-alba-terra\/"},"modified":"2026-04-14T11:33:27","modified_gmt":"2026-04-14T09:33:27","slug":"dluhe-gretfy-alba-terra","status":"publish","type":"product","link":"https:\/\/nesputanavina.hr\/en\/shop\/dluhe-gretfy-alba-terra\/","title":{"rendered":"Alba Terra 2022"},"content":{"rendered":"<p>Dluhe Grefty Alba Terra je aromati\u010dno bijelo vino koje se isti\u010de sortama karakteristi\u010dnim za uzgoj u ju\u017enoj Moravskoj \u2013 70% m\u00fcller-thurgaua i 30% neubergera. Vino je macerirano \u010detiri dana na ko\u017eicama, \u0161to mu daje dodatnu kompleksnost i teksturu. Na nepcu se osjete profinjene note bazginih cvjetova, citrusne kore, zrelih nektarina i svje\u017ee jabuke.<\/p>\n","protected":false},"excerpt":{"rendered":"<p>Dluhe Grefty Alba Terra je aromati\u010dno bijelo vino koje se isti\u010de sortama karakteristi\u010dnim za uzgoj u ju\u017enoj Moravskoj \u2013 70% m\u00fcller-thurgaua i 30% neubergera. Vino je macerirano \u010detiri dana na ko\u017eicama, \u0161to mu daje dodatnu kompleksnost i teksturu. Na nepcu se osjete profinjene note bazginih cvjetova, citrusne kore, zrelih nektarina i svje\u017ee jabuke.<\/p>\n","protected":false},"featured_media":4338,"template":"","meta":{"_acf_changed":false,"_et_pb_use_builder":"","_et_pb_old_content":"","_et_gb_content_width":"","inline_featured_image":false},"product_brand":[],"product_cat":[122],"product_tag":[],"class_list":{"0":"post-4254","1":"product","2":"type-product","3":"status-publish","4":"has-post-thumbnail","6":"product_cat-aktivno","7":"pa_stil-vina-lagana-i-svjeza","8":"pa_tip-vina-bijela-macerirana","9":"pa_uzgoj-organski","10":"pa_volumen-boce-750ml","12":"first","13":"instock","14":"taxable","15":"shipping-taxable","16":"purchasable","17":"product-type-simple"},"acf":[],"_links":{"self":[{"href":"https:\/\/nesputanavina.hr\/en\/wp-json\/wp\/v2\/product\/4254","targetHints":{"allow":["GET"]}}],"collection":[{"href":"https:\/\/nesputanavina.hr\/en\/wp-json\/wp\/v2\/product"}],"about":[{"href":"https:\/\/nesputanavina.hr\/en\/wp-json\/wp\/v2\/types\/product"}],"wp:featuredmedia":[{"embeddable":true,"href":"https:\/\/nesputanavina.hr\/en\/wp-json\/wp\/v2\/media\/4338"}],"wp:attachment":[{"href":"https:\/\/nesputanavina.hr\/en\/wp-json\/wp\/v2\/media?parent=4254"}],"wp:term":[{"taxonomy":"product_brand","embeddable":true,"href":"https:\/\/nesputanavina.hr\/en\/wp-json\/wp\/v2\/product_brand?post=4254"},{"taxonomy":"product_cat","embeddable":true,"href":"https:\/\/nesputanavina.hr\/en\/wp-json\/wp\/v2\/product_cat?post=4254"},{"taxonomy":"product_tag","embeddable":true,"href":"https:\/\/nesputanavina.hr\/en\/wp-json\/wp\/v2\/product_tag?post=4254"}],"curies":[{"name":"wp","href":"https:\/\/api.w.org\/{rel}","templated":true}]}}