{"id":4256,"date":"2024-10-28T15:13:46","date_gmt":"2024-10-28T14:13:46","guid":{"rendered":"https:\/\/nesputanavina.hr\/shop\/slobodne-v-cutis-pinoter\/"},"modified":"2026-04-14T11:33:31","modified_gmt":"2026-04-14T09:33:31","slug":"slobodne-v-cutis-pinoter","status":"publish","type":"product","link":"https:\/\/nesputanavina.hr\/en\/shop\/slobodne-v-cutis-pinoter\/","title":{"rendered":"Cutis Pinoter 2020"},"content":{"rendered":"<p>Slobodne Vinarstvo Cutis Pinoter 2020 je macerirani pinot sivi koji odra\u017eava harmoni\u010dnost izme\u0111u strukture i svje\u017eine. Ovaj oran\u017e privla\u010di svojim nje\u017eno floralnim karakterom, uz nagla\u0161ene note grejpfruta, naran\u010de i ko\u0161tuni\u010davog vo\u0107a. Njegova kompleksnost dolazi do izra\u017eaja kroz dublje slojeve okusa, dok istovremeno zadr\u017eava iznimnu pitkost, \u010dine\u0107i ga idealnim izborom za u\u017eivanje u razli\u010ditim prilikama.<\/p>\n<p>&nbsp;<\/p>\n","protected":false},"excerpt":{"rendered":"<p>Slobodne Vinarstvo Cutis Pinoter 2020 je macerirani pinot sivi koji odra\u017eava harmoni\u010dnost izme\u0111u strukture i svje\u017eine. Ovaj oran\u017e privla\u010di svojim nje\u017eno floralnim karakterom, uz nagla\u0161ene note grejpfruta, naran\u010de i ko\u0161tuni\u010davog vo\u0107a. Njegova kompleksnost dolazi do izra\u017eaja kroz dublje slojeve okusa, dok istovremeno zadr\u017eava iznimnu pitkost, \u010dine\u0107i ga idealnim izborom za u\u017eivanje u razli\u010ditim prilikama. &nbsp;<\/p>\n","protected":false},"featured_media":4342,"template":"","meta":{"_acf_changed":false,"_et_pb_use_builder":"","_et_pb_old_content":"","_et_gb_content_width":"","inline_featured_image":false},"product_brand":[],"product_cat":[122],"product_tag":[],"class_list":{"0":"post-4256","1":"product","2":"type-product","3":"status-publish","4":"has-post-thumbnail","6":"product_cat-aktivno","7":"pa_stil-vina-bogata-i-slojevita","8":"pa_tip-vina-bijela-macerirana","9":"pa_uzgoj-organski","10":"pa_volumen-boce-750ml","12":"first","13":"instock","14":"taxable","15":"shipping-taxable","16":"purchasable","17":"product-type-simple"},"acf":[],"_links":{"self":[{"href":"https:\/\/nesputanavina.hr\/en\/wp-json\/wp\/v2\/product\/4256","targetHints":{"allow":["GET"]}}],"collection":[{"href":"https:\/\/nesputanavina.hr\/en\/wp-json\/wp\/v2\/product"}],"about":[{"href":"https:\/\/nesputanavina.hr\/en\/wp-json\/wp\/v2\/types\/product"}],"wp:featuredmedia":[{"embeddable":true,"href":"https:\/\/nesputanavina.hr\/en\/wp-json\/wp\/v2\/media\/4342"}],"wp:attachment":[{"href":"https:\/\/nesputanavina.hr\/en\/wp-json\/wp\/v2\/media?parent=4256"}],"wp:term":[{"taxonomy":"product_brand","embeddable":true,"href":"https:\/\/nesputanavina.hr\/en\/wp-json\/wp\/v2\/product_brand?post=4256"},{"taxonomy":"product_cat","embeddable":true,"href":"https:\/\/nesputanavina.hr\/en\/wp-json\/wp\/v2\/product_cat?post=4256"},{"taxonomy":"product_tag","embeddable":true,"href":"https:\/\/nesputanavina.hr\/en\/wp-json\/wp\/v2\/product_tag?post=4256"}],"curies":[{"name":"wp","href":"https:\/\/api.w.org\/{rel}","templated":true}]}}