{"id":4258,"date":"2024-10-28T15:13:46","date_gmt":"2024-10-28T14:13:46","guid":{"rendered":"https:\/\/nesputanavina.hr\/shop\/slobodne-v-partisan-cru-red\/"},"modified":"2026-03-27T20:58:08","modified_gmt":"2026-03-27T19:58:08","slug":"slobodne-v-partisan-cru-red","status":"publish","type":"product","link":"https:\/\/nesputanavina.hr\/en\/shop\/slobodne-v-partisan-cru-red\/","title":{"rendered":"Partisan cru red 2017"},"content":{"rendered":"<p>Vrh ponude vinarije Slobodn\u00e9 Vinarstvo predstavlja ovo elegantno, odle\u017eano vino iz Slova\u010dke. Oslanjaju\u0107i se na tradiciju, vinarija ostaje vjerna \u010disto\u0107i i autenti\u010dnosti, pritom izbjegavaju\u0107i kori\u0161tenje modernih enolo\u0161kih sredstava. Nesvakida\u0161nja kupa\u017ea rezultira savr\u0161eno uravnote\u017eenim vinom s rustikalnom teksturom, so\u010dnim tijelom i zelenkastim zavr\u0161etkom. Idealno je poslu\u017eiti blago rashla\u0111eno!<\/p>\n","protected":false},"excerpt":{"rendered":"<p>Vrh ponude vinarije Slobodn\u00e9 Vinarstvo predstavlja ovo elegantno, odle\u017eano vino iz Slova\u010dke. Oslanjaju\u0107i se na tradiciju, vinarija ostaje vjerna \u010disto\u0107i i autenti\u010dnosti, pritom izbjegavaju\u0107i kori\u0161tenje modernih enolo\u0161kih sredstava. Nesvakida\u0161nja kupa\u017ea rezultira savr\u0161eno uravnote\u017eenim vinom s rustikalnom teksturom, so\u010dnim tijelom i zelenkastim zavr\u0161etkom. Idealno je poslu\u017eiti blago rashla\u0111eno!<\/p>\n","protected":false},"featured_media":4344,"template":"","meta":{"_acf_changed":false,"_et_pb_use_builder":"","_et_pb_old_content":"","_et_gb_content_width":"","inline_featured_image":false},"product_brand":[],"product_cat":[122],"product_tag":[],"class_list":{"0":"post-4258","1":"product","2":"type-product","3":"status-publish","4":"has-post-thumbnail","6":"product_cat-aktivno","7":"pa_stil-vina-mineralna-i-elegantna","8":"pa_tip-vina-crvena","9":"pa_uzgoj-organski","10":"pa_volumen-boce-750ml","12":"first","13":"instock","14":"taxable","15":"shipping-taxable","16":"purchasable","17":"product-type-simple"},"acf":[],"_links":{"self":[{"href":"https:\/\/nesputanavina.hr\/en\/wp-json\/wp\/v2\/product\/4258","targetHints":{"allow":["GET"]}}],"collection":[{"href":"https:\/\/nesputanavina.hr\/en\/wp-json\/wp\/v2\/product"}],"about":[{"href":"https:\/\/nesputanavina.hr\/en\/wp-json\/wp\/v2\/types\/product"}],"wp:featuredmedia":[{"embeddable":true,"href":"https:\/\/nesputanavina.hr\/en\/wp-json\/wp\/v2\/media\/4344"}],"wp:attachment":[{"href":"https:\/\/nesputanavina.hr\/en\/wp-json\/wp\/v2\/media?parent=4258"}],"wp:term":[{"taxonomy":"product_brand","embeddable":true,"href":"https:\/\/nesputanavina.hr\/en\/wp-json\/wp\/v2\/product_brand?post=4258"},{"taxonomy":"product_cat","embeddable":true,"href":"https:\/\/nesputanavina.hr\/en\/wp-json\/wp\/v2\/product_cat?post=4258"},{"taxonomy":"product_tag","embeddable":true,"href":"https:\/\/nesputanavina.hr\/en\/wp-json\/wp\/v2\/product_tag?post=4258"}],"curies":[{"name":"wp","href":"https:\/\/api.w.org\/{rel}","templated":true}]}}