{"id":4259,"date":"2024-10-28T15:13:46","date_gmt":"2024-10-28T14:13:46","guid":{"rendered":"https:\/\/nesputanavina.hr\/shop\/slobodne-v-alternativa\/"},"modified":"2026-03-27T20:58:09","modified_gmt":"2026-03-27T19:58:09","slug":"slobodne-v-alternativa","status":"publish","type":"product","link":"https:\/\/nesputanavina.hr\/en\/shop\/slobodne-v-alternativa\/","title":{"rendered":"Alternativa 2018"},"content":{"rendered":"<p>Slobodn\u00e9 Vinarstvo Alternativa 2018 isti\u010de se kao elegantno i autenti\u010dno monosortno vino napravljeno od frankovke \u2013 sorte poznate kao blaufr\u00e4nkisch ili kekfrankos u susjednim regijama. Ovo vino predstavlja posvetu tradiciji i terroiru, izra\u0111eno od pa\u017eljivo selektiranih ba\u010dvi koje nude savr\u0161en spoj kompleksnosti i elegancije. Fermentirano na ko\u017eicama kroz \u010detiri tjedna i odle\u017eano 18 mjeseci u hrastovim ba\u010dvama, Alternativa donosi bogate arome tamnog bobi\u010dastog vo\u0107a, nje\u017enu paprenost i suptilne herbalne note.<\/p>\n","protected":false},"excerpt":{"rendered":"<p>Slobodn\u00e9 Vinarstvo Alternativa 2018 isti\u010de se kao elegantno i autenti\u010dno monosortno vino napravljeno od frankovke \u2013 sorte poznate kao blaufr\u00e4nkisch ili kekfrankos u susjednim regijama. Ovo vino predstavlja posvetu tradiciji i terroiru, izra\u0111eno od pa\u017eljivo selektiranih ba\u010dvi koje nude savr\u0161en spoj kompleksnosti i elegancije. Fermentirano na ko\u017eicama kroz \u010detiri tjedna i odle\u017eano 18 mjeseci u [&hellip;]<\/p>\n","protected":false},"featured_media":4347,"template":"","meta":{"_acf_changed":false,"_et_pb_use_builder":"","_et_pb_old_content":"","_et_gb_content_width":"","inline_featured_image":false},"product_brand":[],"product_cat":[122],"product_tag":[],"class_list":{"0":"post-4259","1":"product","2":"type-product","3":"status-publish","4":"has-post-thumbnail","6":"product_cat-aktivno","7":"pa_stil-vina-mineralna-i-elegantna","8":"pa_tip-vina-crvena","9":"pa_uzgoj-organski","10":"pa_volumen-boce-750ml","12":"first","13":"instock","14":"taxable","15":"shipping-taxable","16":"purchasable","17":"product-type-simple"},"acf":[],"_links":{"self":[{"href":"https:\/\/nesputanavina.hr\/en\/wp-json\/wp\/v2\/product\/4259","targetHints":{"allow":["GET"]}}],"collection":[{"href":"https:\/\/nesputanavina.hr\/en\/wp-json\/wp\/v2\/product"}],"about":[{"href":"https:\/\/nesputanavina.hr\/en\/wp-json\/wp\/v2\/types\/product"}],"wp:featuredmedia":[{"embeddable":true,"href":"https:\/\/nesputanavina.hr\/en\/wp-json\/wp\/v2\/media\/4347"}],"wp:attachment":[{"href":"https:\/\/nesputanavina.hr\/en\/wp-json\/wp\/v2\/media?parent=4259"}],"wp:term":[{"taxonomy":"product_brand","embeddable":true,"href":"https:\/\/nesputanavina.hr\/en\/wp-json\/wp\/v2\/product_brand?post=4259"},{"taxonomy":"product_cat","embeddable":true,"href":"https:\/\/nesputanavina.hr\/en\/wp-json\/wp\/v2\/product_cat?post=4259"},{"taxonomy":"product_tag","embeddable":true,"href":"https:\/\/nesputanavina.hr\/en\/wp-json\/wp\/v2\/product_tag?post=4259"}],"curies":[{"name":"wp","href":"https:\/\/api.w.org\/{rel}","templated":true}]}}