{"id":4262,"date":"2024-10-28T15:13:47","date_gmt":"2024-10-28T14:13:47","guid":{"rendered":"https:\/\/nesputanavina.hr\/shop\/basa-jantar\/"},"modified":"2026-03-27T20:58:08","modified_gmt":"2026-03-27T19:58:08","slug":"basa-jantar","status":"publish","type":"product","link":"https:\/\/nesputanavina.hr\/en\/shop\/basa-jantar\/","title":{"rendered":"Jantar 2019"},"content":{"rendered":"<p>Ba\u0161a Jantar je jedinstveni pinot sivi koji dolazi s osun\u010danih padina Fru\u0161ke gore. Bojan stvara vina inspiriran stilom prijatelja vinara iz Gori\u0161kih brda i Gorizie, vina koja su bogata, slojevita, kontemplativna i izra\u017eajna \u2014 ba\u0161 onakva kakva voli piti. Jantar nosi naziv po amber tonu, karakteristi\u010dnom za macerirani pinot sivi, koji ve\u0107 samom bojom daje naslutiti kakav okus o\u010dekivati. Ovo je i prvo vino vinarije Ba\u0161a, bogato strukturirano i mineralno, s aromama karamele, meda, dima i ko\u017ee.<\/p>\n","protected":false},"excerpt":{"rendered":"<p>Ba\u0161a Jantar je jedinstveni pinot sivi koji dolazi s osun\u010danih padina Fru\u0161ke gore. Bojan stvara vina inspiriran stilom prijatelja vinara iz Gori\u0161kih brda i Gorizie, vina koja su bogata, slojevita, kontemplativna i izra\u017eajna \u2014 ba\u0161 onakva kakva voli piti. Jantar nosi naziv po amber tonu, karakteristi\u010dnom za macerirani pinot sivi, koji ve\u0107 samom bojom daje [&hellip;]<\/p>\n","protected":false},"featured_media":4308,"template":"","meta":{"_acf_changed":false,"_et_pb_use_builder":"","_et_pb_old_content":"","_et_gb_content_width":"","inline_featured_image":false},"product_brand":[],"product_cat":[122],"product_tag":[],"class_list":{"0":"post-4262","1":"product","2":"type-product","3":"status-publish","4":"has-post-thumbnail","6":"product_cat-aktivno","7":"pa_nesputani-izbor-hrana-za-misli","8":"pa_stil-vina-mineralna-i-elegantna","9":"pa_stil-vina-bogata-i-slojevita","10":"pa_tip-vina-bijela-macerirana","11":"pa_uzgoj-organski","12":"pa_volumen-boce-750ml","14":"first","15":"instock","16":"taxable","17":"shipping-taxable","18":"purchasable","19":"product-type-simple"},"acf":[],"_links":{"self":[{"href":"https:\/\/nesputanavina.hr\/en\/wp-json\/wp\/v2\/product\/4262","targetHints":{"allow":["GET"]}}],"collection":[{"href":"https:\/\/nesputanavina.hr\/en\/wp-json\/wp\/v2\/product"}],"about":[{"href":"https:\/\/nesputanavina.hr\/en\/wp-json\/wp\/v2\/types\/product"}],"wp:featuredmedia":[{"embeddable":true,"href":"https:\/\/nesputanavina.hr\/en\/wp-json\/wp\/v2\/media\/4308"}],"wp:attachment":[{"href":"https:\/\/nesputanavina.hr\/en\/wp-json\/wp\/v2\/media?parent=4262"}],"wp:term":[{"taxonomy":"product_brand","embeddable":true,"href":"https:\/\/nesputanavina.hr\/en\/wp-json\/wp\/v2\/product_brand?post=4262"},{"taxonomy":"product_cat","embeddable":true,"href":"https:\/\/nesputanavina.hr\/en\/wp-json\/wp\/v2\/product_cat?post=4262"},{"taxonomy":"product_tag","embeddable":true,"href":"https:\/\/nesputanavina.hr\/en\/wp-json\/wp\/v2\/product_tag?post=4262"}],"curies":[{"name":"wp","href":"https:\/\/api.w.org\/{rel}","templated":true}]}}