{"id":4263,"date":"2024-10-28T15:13:47","date_gmt":"2024-10-28T14:13:47","guid":{"rendered":"https:\/\/nesputanavina.hr\/shop\/basa-tamjanika\/"},"modified":"2026-03-27T20:58:08","modified_gmt":"2026-03-27T19:58:08","slug":"basa-tamjanika","status":"publish","type":"product","link":"https:\/\/nesputanavina.hr\/en\/shop\/basa-tamjanika\/","title":{"rendered":"Tamjanika 2020"},"content":{"rendered":"<p>Ba\u0161ina Tamjanika je izniman mu\u0161kat koji zaslu\u017euje pa\u017enju svih ljubitelja vina. Ova aromati\u010dna sorta pokazuje svoju zrelost kroz profinjene note bazge, breskve i jasmina, koje ne dominiraju, ve\u0107 daju dodatnu dimenziju ekspresiji. Arome su lijepo uravnote\u017eene sa strukturom i suho\u0107om vina, zadr\u017eavaju\u0107i se na nepcu za nezaboravan do\u017eivljaj. Savr\u0161en izbor za gurmanske u\u017eitke!<\/p>\n","protected":false},"excerpt":{"rendered":"<p>Ba\u0161ina Tamjanika je izniman mu\u0161kat koji zaslu\u017euje pa\u017enju svih ljubitelja vina. Ova aromati\u010dna sorta pokazuje svoju zrelost kroz profinjene note bazge, breskve i jasmina, koje ne dominiraju, ve\u0107 daju dodatnu dimenziju ekspresiji. Arome su lijepo uravnote\u017eene sa strukturom i suho\u0107om vina, zadr\u017eavaju\u0107i se na nepcu za nezaboravan do\u017eivljaj. Savr\u0161en izbor za gurmanske u\u017eitke!<\/p>\n","protected":false},"featured_media":4310,"template":"","meta":{"_acf_changed":false,"_et_pb_use_builder":"","_et_pb_old_content":"","_et_gb_content_width":"","inline_featured_image":false},"product_brand":[],"product_cat":[122],"product_tag":[],"class_list":{"0":"post-4263","1":"product","2":"type-product","3":"status-publish","4":"has-post-thumbnail","6":"product_cat-aktivno","7":"pa_nesputani-izbor-hrana-za-misli","8":"pa_stil-vina-mineralna-i-elegantna","9":"pa_stil-vina-bogata-i-slojevita","10":"pa_tip-vina-bijela-macerirana","11":"pa_uzgoj-organski","12":"pa_volumen-boce-750ml","14":"first","15":"instock","16":"taxable","17":"shipping-taxable","18":"purchasable","19":"product-type-simple"},"acf":[],"_links":{"self":[{"href":"https:\/\/nesputanavina.hr\/en\/wp-json\/wp\/v2\/product\/4263","targetHints":{"allow":["GET"]}}],"collection":[{"href":"https:\/\/nesputanavina.hr\/en\/wp-json\/wp\/v2\/product"}],"about":[{"href":"https:\/\/nesputanavina.hr\/en\/wp-json\/wp\/v2\/types\/product"}],"wp:featuredmedia":[{"embeddable":true,"href":"https:\/\/nesputanavina.hr\/en\/wp-json\/wp\/v2\/media\/4310"}],"wp:attachment":[{"href":"https:\/\/nesputanavina.hr\/en\/wp-json\/wp\/v2\/media?parent=4263"}],"wp:term":[{"taxonomy":"product_brand","embeddable":true,"href":"https:\/\/nesputanavina.hr\/en\/wp-json\/wp\/v2\/product_brand?post=4263"},{"taxonomy":"product_cat","embeddable":true,"href":"https:\/\/nesputanavina.hr\/en\/wp-json\/wp\/v2\/product_cat?post=4263"},{"taxonomy":"product_tag","embeddable":true,"href":"https:\/\/nesputanavina.hr\/en\/wp-json\/wp\/v2\/product_tag?post=4263"}],"curies":[{"name":"wp","href":"https:\/\/api.w.org\/{rel}","templated":true}]}}