{"id":4264,"date":"2024-10-28T15:13:47","date_gmt":"2024-10-28T14:13:47","guid":{"rendered":"https:\/\/nesputanavina.hr\/shop\/basa-furmint\/"},"modified":"2026-03-27T20:58:08","modified_gmt":"2026-03-27T19:58:08","slug":"basa-furmint","status":"publish","type":"product","link":"https:\/\/nesputanavina.hr\/en\/shop\/basa-furmint\/","title":{"rendered":"Furmint 2020"},"content":{"rendered":"<div class=\"flex max-w-full flex-col flex-grow\">\n<div class=\"min-h-8 text-message flex w-full flex-col items-end gap-2 whitespace-normal break-words [.text-message+&amp;]:mt-5\" dir=\"auto\" data-message-author-role=\"assistant\" data-message-id=\"57f73474-6de9-4a5c-a58d-e77d58bea366\" data-message-model-slug=\"gpt-4o\">\n<div class=\"flex w-full flex-col gap-1 empty:hidden first:pt-[3px]\">\n<div class=\"markdown prose w-full break-words dark:prose-invert light\">\n<p>Ba\u0161a Furmint je vino izrazite mineralnosti, koje je tri godine odle\u017eavalo na finom talogu u drvenim ba\u010dvama, omek\u0161avaju\u0107i, ali zadr\u017eavaju\u0107i svoju jasno\u0107u i eleganciju. Divlje, a istovremeno delikatno, s dugotrajnim zavr\u0161etkom \u2013 vino koje ne\u0107e ostaviti ravnodu\u0161nim.<\/p>\n<\/div>\n<\/div>\n<\/div>\n<\/div>\n","protected":false},"excerpt":{"rendered":"<p>Ba\u0161a Furmint je vino izrazite mineralnosti, koje je tri godine odle\u017eavalo na finom talogu u drvenim ba\u010dvama, omek\u0161avaju\u0107i, ali zadr\u017eavaju\u0107i svoju jasno\u0107u i eleganciju. Divlje, a istovremeno delikatno, s dugotrajnim zavr\u0161etkom \u2013 vino koje ne\u0107e ostaviti ravnodu\u0161nim.<\/p>\n","protected":false},"featured_media":4312,"template":"","meta":{"_acf_changed":false,"_et_pb_use_builder":"","_et_pb_old_content":"","_et_gb_content_width":"","inline_featured_image":false},"product_brand":[],"product_cat":[122],"product_tag":[],"class_list":{"0":"post-4264","1":"product","2":"type-product","3":"status-publish","4":"has-post-thumbnail","6":"product_cat-aktivno","7":"pa_nesputani-izbor-hrana-za-misli","8":"pa_stil-vina-mineralna-i-elegantna","9":"pa_stil-vina-bogata-i-slojevita","10":"pa_tip-vina-bijela-macerirana","11":"pa_uzgoj-organski","12":"pa_volumen-boce-750ml","14":"first","15":"instock","16":"taxable","17":"shipping-taxable","18":"purchasable","19":"product-type-simple"},"acf":[],"_links":{"self":[{"href":"https:\/\/nesputanavina.hr\/en\/wp-json\/wp\/v2\/product\/4264","targetHints":{"allow":["GET"]}}],"collection":[{"href":"https:\/\/nesputanavina.hr\/en\/wp-json\/wp\/v2\/product"}],"about":[{"href":"https:\/\/nesputanavina.hr\/en\/wp-json\/wp\/v2\/types\/product"}],"wp:featuredmedia":[{"embeddable":true,"href":"https:\/\/nesputanavina.hr\/en\/wp-json\/wp\/v2\/media\/4312"}],"wp:attachment":[{"href":"https:\/\/nesputanavina.hr\/en\/wp-json\/wp\/v2\/media?parent=4264"}],"wp:term":[{"taxonomy":"product_brand","embeddable":true,"href":"https:\/\/nesputanavina.hr\/en\/wp-json\/wp\/v2\/product_brand?post=4264"},{"taxonomy":"product_cat","embeddable":true,"href":"https:\/\/nesputanavina.hr\/en\/wp-json\/wp\/v2\/product_cat?post=4264"},{"taxonomy":"product_tag","embeddable":true,"href":"https:\/\/nesputanavina.hr\/en\/wp-json\/wp\/v2\/product_tag?post=4264"}],"curies":[{"name":"wp","href":"https:\/\/api.w.org\/{rel}","templated":true}]}}