{"id":4265,"date":"2024-10-28T15:13:47","date_gmt":"2024-10-28T14:13:47","guid":{"rendered":"https:\/\/nesputanavina.hr\/shop\/m-vajcner-veltlinske-zelene\/"},"modified":"2026-04-14T11:33:27","modified_gmt":"2026-04-14T09:33:27","slug":"m-vajcner-veltlinske-zelene","status":"publish","type":"product","link":"https:\/\/nesputanavina.hr\/en\/shop\/m-vajcner-veltlinske-zelene\/","title":{"rendered":"Veltlinske Zelene 2022"},"content":{"rendered":"<p>Martin Vaj\u010dnerov zeleni veltlinac dolazi iz specifi\u010dnog terroira Moravske, izra\u017eavaju\u0107i prirodu tla kroz mineralnost i karakteristi\u010dne za\u010dinske note. Puno je hrskave kiseline koja osvje\u017eava nepce, srednjeg je tijela koje prati nje\u017ena aromati\u010dna paprenost i herbalne note.<\/p>\n<p>&nbsp;<\/p>\n","protected":false},"excerpt":{"rendered":"<p>Martin Vaj\u010dnerov zeleni veltlinac dolazi iz specifi\u010dnog terroira Moravske, izra\u017eavaju\u0107i prirodu tla kroz mineralnost i karakteristi\u010dne za\u010dinske note. Puno je hrskave kiseline koja osvje\u017eava nepce, srednjeg je tijela koje prati nje\u017ena aromati\u010dna paprenost i herbalne note. &nbsp;<\/p>\n","protected":false},"featured_media":4314,"template":"","meta":{"_acf_changed":false,"_et_pb_use_builder":"","_et_pb_old_content":"","_et_gb_content_width":"","inline_featured_image":false},"product_brand":[],"product_cat":[122],"product_tag":[],"class_list":{"0":"post-4265","1":"product","2":"type-product","3":"status-publish","4":"has-post-thumbnail","6":"product_cat-aktivno","7":"pa_stil-vina-lagana-i-svjeza","8":"pa_tip-vina-bijela","9":"pa_uzgoj-organski","10":"pa_volumen-boce-750ml","12":"first","13":"instock","14":"taxable","15":"shipping-taxable","16":"purchasable","17":"product-type-simple"},"acf":[],"_links":{"self":[{"href":"https:\/\/nesputanavina.hr\/en\/wp-json\/wp\/v2\/product\/4265","targetHints":{"allow":["GET"]}}],"collection":[{"href":"https:\/\/nesputanavina.hr\/en\/wp-json\/wp\/v2\/product"}],"about":[{"href":"https:\/\/nesputanavina.hr\/en\/wp-json\/wp\/v2\/types\/product"}],"wp:featuredmedia":[{"embeddable":true,"href":"https:\/\/nesputanavina.hr\/en\/wp-json\/wp\/v2\/media\/4314"}],"wp:attachment":[{"href":"https:\/\/nesputanavina.hr\/en\/wp-json\/wp\/v2\/media?parent=4265"}],"wp:term":[{"taxonomy":"product_brand","embeddable":true,"href":"https:\/\/nesputanavina.hr\/en\/wp-json\/wp\/v2\/product_brand?post=4265"},{"taxonomy":"product_cat","embeddable":true,"href":"https:\/\/nesputanavina.hr\/en\/wp-json\/wp\/v2\/product_cat?post=4265"},{"taxonomy":"product_tag","embeddable":true,"href":"https:\/\/nesputanavina.hr\/en\/wp-json\/wp\/v2\/product_tag?post=4265"}],"curies":[{"name":"wp","href":"https:\/\/api.w.org\/{rel}","templated":true}]}}