{"id":4266,"date":"2024-10-28T15:13:47","date_gmt":"2024-10-28T14:13:47","guid":{"rendered":"https:\/\/nesputanavina.hr\/shop\/m-vajcner-satov\/"},"modified":"2026-04-14T11:33:27","modified_gmt":"2026-04-14T09:33:27","slug":"m-vajcner-satov","status":"publish","type":"product","link":"https:\/\/nesputanavina.hr\/en\/shop\/m-vajcner-satov\/","title":{"rendered":"\u0160atov 2022"},"content":{"rendered":"<p>\u0160atov, djelo mladog i talentiranog \u010de\u0161kog vinara Martina Vaj\u010dnera, predstavlja mje\u0161avinu bijelih sorti s vinograda u \u0160atovu. Kupa\u017ea obuhva\u0107a rajnski rizling, zeleni veltlinac, pinot sivi i malvaziju. Vino dolazi iz \u010de\u0161ke vinogradarske podregije Znojmo, poznate po vrhunskim vinima. Proizvedeno je spontanim vrenjem i dozrijevanjem bez mije\u0161anja na grubim kvascima, u moravskim ba\u010dvama od bagrema i hrasta. Dio gro\u017e\u0111a podvrgnut je polukarbonskoj maceraciji. Vino nije bistreno niti filtrirano, a nije mu dodan ni sumpor. Svje\u017e, lagan i pitak izbor!<\/p>\n","protected":false},"excerpt":{"rendered":"<p>\u0160atov, djelo mladog i talentiranog \u010de\u0161kog vinara Martina Vaj\u010dnera, predstavlja mje\u0161avinu bijelih sorti s vinograda u \u0160atovu. Kupa\u017ea obuhva\u0107a rajnski rizling, zeleni veltlinac, pinot sivi i malvaziju. Vino dolazi iz \u010de\u0161ke vinogradarske podregije Znojmo, poznate po vrhunskim vinima. Proizvedeno je spontanim vrenjem i dozrijevanjem bez mije\u0161anja na grubim kvascima, u moravskim ba\u010dvama od bagrema i [&hellip;]<\/p>\n","protected":false},"featured_media":4318,"template":"","meta":{"_acf_changed":false,"_et_pb_use_builder":"","_et_pb_old_content":"","_et_gb_content_width":"","inline_featured_image":false},"product_brand":[],"product_cat":[122],"product_tag":[],"class_list":{"0":"post-4266","1":"product","2":"type-product","3":"status-publish","4":"has-post-thumbnail","6":"product_cat-aktivno","7":"pa_nesputani-izbor-laganini-vina","8":"pa_stil-vina-lagana-i-svjeza","9":"pa_tip-vina-bijela","10":"pa_uzgoj-organski","11":"pa_volumen-boce-750ml","13":"first","14":"outofstock","15":"taxable","16":"shipping-taxable","17":"purchasable","18":"product-type-simple"},"acf":[],"_links":{"self":[{"href":"https:\/\/nesputanavina.hr\/en\/wp-json\/wp\/v2\/product\/4266","targetHints":{"allow":["GET"]}}],"collection":[{"href":"https:\/\/nesputanavina.hr\/en\/wp-json\/wp\/v2\/product"}],"about":[{"href":"https:\/\/nesputanavina.hr\/en\/wp-json\/wp\/v2\/types\/product"}],"wp:featuredmedia":[{"embeddable":true,"href":"https:\/\/nesputanavina.hr\/en\/wp-json\/wp\/v2\/media\/4318"}],"wp:attachment":[{"href":"https:\/\/nesputanavina.hr\/en\/wp-json\/wp\/v2\/media?parent=4266"}],"wp:term":[{"taxonomy":"product_brand","embeddable":true,"href":"https:\/\/nesputanavina.hr\/en\/wp-json\/wp\/v2\/product_brand?post=4266"},{"taxonomy":"product_cat","embeddable":true,"href":"https:\/\/nesputanavina.hr\/en\/wp-json\/wp\/v2\/product_cat?post=4266"},{"taxonomy":"product_tag","embeddable":true,"href":"https:\/\/nesputanavina.hr\/en\/wp-json\/wp\/v2\/product_tag?post=4266"}],"curies":[{"name":"wp","href":"https:\/\/api.w.org\/{rel}","templated":true}]}}