{"id":4267,"date":"2024-10-28T15:13:47","date_gmt":"2024-10-28T14:13:47","guid":{"rendered":"https:\/\/nesputanavina.hr\/shop\/m-vajcner-amphora-sea-sediment\/"},"modified":"2026-04-14T11:33:29","modified_gmt":"2026-04-14T09:33:29","slug":"m-vajcner-amphora-sea-sediment","status":"publish","type":"product","link":"https:\/\/nesputanavina.hr\/en\/shop\/m-vajcner-amphora-sea-sediment\/","title":{"rendered":"Amphora sea sediment 2021\/2022"},"content":{"rendered":"<div class=\"flex max-w-full flex-col flex-grow\">\n<div class=\"min-h-8 text-message flex w-full flex-col items-end gap-2 whitespace-normal break-words [.text-message+&amp;]:mt-5\" dir=\"auto\" data-message-author-role=\"assistant\" data-message-id=\"5520fe4f-86ce-4653-8851-fcdc93b86469\" data-message-model-slug=\"gpt-4o\">\n<div class=\"flex w-full flex-col gap-1 empty:hidden first:pt-[3px]\">\n<div class=\"markdown prose w-full break-words dark:prose-invert light\">\n<p>Amphora Sea Sediment vino je intrigantna mje\u0161avina pet razli\u010ditih sorti: p\u00e1lave (lokalni moravski kri\u017eanac traminca i m\u00fcller-thurgaua), rizlinga, zelenog veltlinca, malvazije i pinot sivog. Ovo vino macerirano je 12 mjeseci u glinenim amforama te je zatim dozrijevalo u francuskim hrastovim ba\u010dvama. Aromatski profil isti\u010de se izra\u017eenim notama cvijeta naran\u010de, origana i blagom papreno\u0161\u0107u. Na nepcu je vino zaokru\u017eeno, punog tijela, s nagla\u0161enim finim taninima. Radi se o karakternom oran\u017e vinu divljeg duha! Odli\u010dno se sla\u017ee sa zrelim sirevima, a preporu\u010duje se poslu\u017eiti ga lagano rashla\u0111eno.<\/p>\n<\/div>\n<\/div>\n<\/div>\n<\/div>\n","protected":false},"excerpt":{"rendered":"<p>Amphora Sea Sediment vino je intrigantna mje\u0161avina pet razli\u010ditih sorti: p\u00e1lave (lokalni moravski kri\u017eanac traminca i m\u00fcller-thurgaua), rizlinga, zelenog veltlinca, malvazije i pinot sivog. Ovo vino macerirano je 12 mjeseci u glinenim amforama te je zatim dozrijevalo u francuskim hrastovim ba\u010dvama. Aromatski profil isti\u010de se izra\u017eenim notama cvijeta naran\u010de, origana i blagom papreno\u0161\u0107u. Na nepcu [&hellip;]<\/p>\n","protected":false},"featured_media":4319,"template":"","meta":{"_acf_changed":false,"_et_pb_use_builder":"","_et_pb_old_content":"","_et_gb_content_width":"","inline_featured_image":false},"product_brand":[],"product_cat":[92],"product_tag":[],"class_list":{"0":"post-4267","1":"product","2":"type-product","3":"status-publish","4":"has-post-thumbnail","6":"product_cat-hiddenproducts","7":"pa_nesputani-izbor-hrana-za-misli","8":"pa_stil-vina-bogata-i-slojevita","9":"pa_tip-vina-bijela-macerirana","10":"pa_uzgoj-organski","11":"pa_volumen-boce-750ml","13":"first","14":"outofstock","15":"taxable","16":"shipping-taxable","17":"purchasable","18":"product-type-simple"},"acf":[],"_links":{"self":[{"href":"https:\/\/nesputanavina.hr\/en\/wp-json\/wp\/v2\/product\/4267","targetHints":{"allow":["GET"]}}],"collection":[{"href":"https:\/\/nesputanavina.hr\/en\/wp-json\/wp\/v2\/product"}],"about":[{"href":"https:\/\/nesputanavina.hr\/en\/wp-json\/wp\/v2\/types\/product"}],"wp:featuredmedia":[{"embeddable":true,"href":"https:\/\/nesputanavina.hr\/en\/wp-json\/wp\/v2\/media\/4319"}],"wp:attachment":[{"href":"https:\/\/nesputanavina.hr\/en\/wp-json\/wp\/v2\/media?parent=4267"}],"wp:term":[{"taxonomy":"product_brand","embeddable":true,"href":"https:\/\/nesputanavina.hr\/en\/wp-json\/wp\/v2\/product_brand?post=4267"},{"taxonomy":"product_cat","embeddable":true,"href":"https:\/\/nesputanavina.hr\/en\/wp-json\/wp\/v2\/product_cat?post=4267"},{"taxonomy":"product_tag","embeddable":true,"href":"https:\/\/nesputanavina.hr\/en\/wp-json\/wp\/v2\/product_tag?post=4267"}],"curies":[{"name":"wp","href":"https:\/\/api.w.org\/{rel}","templated":true}]}}