{"id":4268,"date":"2024-10-28T15:13:47","date_gmt":"2024-10-28T14:13:47","guid":{"rendered":"https:\/\/nesputanavina.hr\/shop\/m-vajcner-qvevri\/"},"modified":"2026-03-27T20:58:08","modified_gmt":"2026-03-27T19:58:08","slug":"m-vajcner-qvevri","status":"publish","type":"product","link":"https:\/\/nesputanavina.hr\/en\/shop\/m-vajcner-qvevri\/","title":{"rendered":"Qvevri 2021"},"content":{"rendered":"<p>Qvevri vino od sorti zweigelt i pinot crni dolazi iz vinske regije Znojmo. Gro\u017e\u0111e je macerirano 12 mjeseci na ko\u017eicama u lokalnim terakota amforama, nakon \u010dega je vino dozrijevalo u francuskim hrastovim ba\u010dvama. Nije filtrirano ni bistreno, a tijekom proizvodnje nije dodan sumpor. Rezultat je izuzetno aromati\u010dno vino profinjenog okusa s glatkim, dobro integriranim taninima.<\/p>\n","protected":false},"excerpt":{"rendered":"<p>Qvevri vino od sorti zweigelt i pinot crni dolazi iz vinske regije Znojmo. Gro\u017e\u0111e je macerirano 12 mjeseci na ko\u017eicama u lokalnim terakota amforama, nakon \u010dega je vino dozrijevalo u francuskim hrastovim ba\u010dvama. Nije filtrirano ni bistreno, a tijekom proizvodnje nije dodan sumpor. Rezultat je izuzetno aromati\u010dno vino profinjenog okusa s glatkim, dobro integriranim taninima.<\/p>\n","protected":false},"featured_media":4321,"template":"","meta":{"_acf_changed":false,"_et_pb_use_builder":"","_et_pb_old_content":"","_et_gb_content_width":"","inline_featured_image":false},"product_brand":[],"product_cat":[122],"product_tag":[],"class_list":{"0":"post-4268","1":"product","2":"type-product","3":"status-publish","4":"has-post-thumbnail","6":"product_cat-aktivno","7":"pa_stil-vina-vocna-i-socna","8":"pa_tip-vina-crvena","9":"pa_uzgoj-organski","10":"pa_volumen-boce-750ml","12":"first","13":"instock","14":"taxable","15":"shipping-taxable","16":"purchasable","17":"product-type-simple"},"acf":[],"_links":{"self":[{"href":"https:\/\/nesputanavina.hr\/en\/wp-json\/wp\/v2\/product\/4268","targetHints":{"allow":["GET"]}}],"collection":[{"href":"https:\/\/nesputanavina.hr\/en\/wp-json\/wp\/v2\/product"}],"about":[{"href":"https:\/\/nesputanavina.hr\/en\/wp-json\/wp\/v2\/types\/product"}],"wp:featuredmedia":[{"embeddable":true,"href":"https:\/\/nesputanavina.hr\/en\/wp-json\/wp\/v2\/media\/4321"}],"wp:attachment":[{"href":"https:\/\/nesputanavina.hr\/en\/wp-json\/wp\/v2\/media?parent=4268"}],"wp:term":[{"taxonomy":"product_brand","embeddable":true,"href":"https:\/\/nesputanavina.hr\/en\/wp-json\/wp\/v2\/product_brand?post=4268"},{"taxonomy":"product_cat","embeddable":true,"href":"https:\/\/nesputanavina.hr\/en\/wp-json\/wp\/v2\/product_cat?post=4268"},{"taxonomy":"product_tag","embeddable":true,"href":"https:\/\/nesputanavina.hr\/en\/wp-json\/wp\/v2\/product_tag?post=4268"}],"curies":[{"name":"wp","href":"https:\/\/api.w.org\/{rel}","templated":true}]}}