{"id":4269,"date":"2024-10-28T15:13:47","date_gmt":"2024-10-28T14:13:47","guid":{"rendered":"https:\/\/nesputanavina.hr\/shop\/muster-sgaminegg\/"},"modified":"2026-03-27T20:58:13","modified_gmt":"2026-03-27T19:58:13","slug":"muster-sgaminegg","status":"publish","type":"product","link":"https:\/\/nesputanavina.hr\/en\/shop\/muster-sgaminegg\/","title":{"rendered":"Sgaminegg 2021"},"content":{"rendered":"<p>Sgaminegg dolazi od staroslavenskog naziva za kamenito tlo na kojem rastu vinogradi obitelji Muster. Loza za ovo vino posa\u0111ena je na \u010distom opoku, glinovitom tlu bogatom kamenjem, na ne\u0161to vi\u0161oj nadmorskoj visini od ve\u0107ine vinograda, gdje su loze najstarije i korijenje najdublje. Sgaminegg nudi bogatstvo kompleksnosti i intenziteta: izra\u017eenu mineralnost, svje\u017einu i slojevitost s rasko\u0161nim notama zrelih citrusa.<\/p>\n","protected":false},"excerpt":{"rendered":"<p>Sgaminegg dolazi od staroslavenskog naziva za kamenito tlo na kojem rastu vinogradi obitelji Muster. Loza za ovo vino posa\u0111ena je na \u010distom opoku, glinovitom tlu bogatom kamenjem, na ne\u0161to vi\u0161oj nadmorskoj visini od ve\u0107ine vinograda, gdje su loze najstarije i korijenje najdublje. Sgaminegg nudi bogatstvo kompleksnosti i intenziteta: izra\u017eenu mineralnost, svje\u017einu i slojevitost s rasko\u0161nim [&hellip;]<\/p>\n","protected":false},"featured_media":4331,"template":"","meta":{"_acf_changed":false,"_et_pb_use_builder":"","_et_pb_old_content":"","_et_gb_content_width":"","inline_featured_image":false},"product_brand":[],"product_cat":[122,125],"product_tag":[],"class_list":{"0":"post-4269","1":"product","2":"type-product","3":"status-publish","4":"has-post-thumbnail","6":"product_cat-aktivno","7":"product_cat-nesputani-izbor","8":"pa_nesputani-izbor-hrana-za-misli","9":"pa_stil-vina-mineralna-i-elegantna","10":"pa_stil-vina-bogata-i-slojevita","11":"pa_tip-vina-bijela","12":"pa_uzgoj-biodinamicki","13":"pa_volumen-boce-750ml","15":"first","16":"instock","17":"taxable","18":"shipping-taxable","19":"purchasable","20":"product-type-simple"},"acf":[],"_links":{"self":[{"href":"https:\/\/nesputanavina.hr\/en\/wp-json\/wp\/v2\/product\/4269","targetHints":{"allow":["GET"]}}],"collection":[{"href":"https:\/\/nesputanavina.hr\/en\/wp-json\/wp\/v2\/product"}],"about":[{"href":"https:\/\/nesputanavina.hr\/en\/wp-json\/wp\/v2\/types\/product"}],"wp:featuredmedia":[{"embeddable":true,"href":"https:\/\/nesputanavina.hr\/en\/wp-json\/wp\/v2\/media\/4331"}],"wp:attachment":[{"href":"https:\/\/nesputanavina.hr\/en\/wp-json\/wp\/v2\/media?parent=4269"}],"wp:term":[{"taxonomy":"product_brand","embeddable":true,"href":"https:\/\/nesputanavina.hr\/en\/wp-json\/wp\/v2\/product_brand?post=4269"},{"taxonomy":"product_cat","embeddable":true,"href":"https:\/\/nesputanavina.hr\/en\/wp-json\/wp\/v2\/product_cat?post=4269"},{"taxonomy":"product_tag","embeddable":true,"href":"https:\/\/nesputanavina.hr\/en\/wp-json\/wp\/v2\/product_tag?post=4269"}],"curies":[{"name":"wp","href":"https:\/\/api.w.org\/{rel}","templated":true}]}}