{"id":4272,"date":"2024-10-28T15:13:48","date_gmt":"2024-10-28T14:13:48","guid":{"rendered":"https:\/\/nesputanavina.hr\/shop\/muster-erde\/"},"modified":"2026-03-27T20:58:14","modified_gmt":"2026-03-27T19:58:14","slug":"muster-erde","status":"publish","type":"product","link":"https:\/\/nesputanavina.hr\/en\/shop\/muster-erde\/","title":{"rendered":"Erde 2020"},"content":{"rendered":"<p>Erde je vrhunac ponude Muster vinarije. Ime &#8220;Erde&#8221;, \u0161to na njema\u010dkom zna\u010di &#8220;zemlja&#8221;, isti\u010de temeljnu povezanost s tlom iz kojeg ovo vino potje\u010de. Ova kupa\u017ea sauvignona i chardonnaya (ili morillona, kako ga nazivaju lokalci) prolazi dugu maceraciju koja traje do 12 mjeseci, rezultiraju\u0107i vinom bogatim biljnim notama i aromama zrelog vo\u0107a, a sve to poduprto prepoznatljivim mineralnim i strukturiranim karakterom koji proizlazi iz specifi\u010dnog opok tla. Kompleksan profil poziva na istra\u017eivanje i u\u017eivanje te je doista jedinstven primjerak vrhunskog terroira, pri \u010demu mislim i na rad vinara &#8211; majstora svog zanata.<\/p>\n","protected":false},"excerpt":{"rendered":"<p>Erde je vrhunac ponude Muster vinarije. Ime &#8220;Erde&#8221;, \u0161to na njema\u010dkom zna\u010di &#8220;zemlja&#8221;, isti\u010de temeljnu povezanost s tlom iz kojeg ovo vino potje\u010de. Ova kupa\u017ea sauvignona i chardonnaya (ili morillona, kako ga nazivaju lokalci) prolazi dugu maceraciju koja traje do 12 mjeseci, rezultiraju\u0107i vinom bogatim biljnim notama i aromama zrelog vo\u0107a, a sve to poduprto [&hellip;]<\/p>\n","protected":false},"featured_media":4297,"template":"","meta":{"_acf_changed":false,"_et_pb_use_builder":"","_et_pb_old_content":"","_et_gb_content_width":"","inline_featured_image":false},"product_brand":[],"product_cat":[122,125],"product_tag":[],"class_list":{"0":"post-4272","1":"product","2":"type-product","3":"status-publish","4":"has-post-thumbnail","6":"product_cat-aktivno","7":"product_cat-nesputani-izbor","8":"pa_nesputani-izbor-hrana-za-misli","9":"pa_nesputani-izbor-rariteti","10":"pa_stil-vina-mineralna-i-elegantna","11":"pa_stil-vina-bogata-i-slojevita","12":"pa_tip-vina-bijela-macerirana","13":"pa_uzgoj-biodinamicki","14":"pa_volumen-boce-750ml","16":"first","17":"instock","18":"taxable","19":"shipping-taxable","20":"purchasable","21":"product-type-simple"},"acf":[],"_links":{"self":[{"href":"https:\/\/nesputanavina.hr\/en\/wp-json\/wp\/v2\/product\/4272","targetHints":{"allow":["GET"]}}],"collection":[{"href":"https:\/\/nesputanavina.hr\/en\/wp-json\/wp\/v2\/product"}],"about":[{"href":"https:\/\/nesputanavina.hr\/en\/wp-json\/wp\/v2\/types\/product"}],"wp:featuredmedia":[{"embeddable":true,"href":"https:\/\/nesputanavina.hr\/en\/wp-json\/wp\/v2\/media\/4297"}],"wp:attachment":[{"href":"https:\/\/nesputanavina.hr\/en\/wp-json\/wp\/v2\/media?parent=4272"}],"wp:term":[{"taxonomy":"product_brand","embeddable":true,"href":"https:\/\/nesputanavina.hr\/en\/wp-json\/wp\/v2\/product_brand?post=4272"},{"taxonomy":"product_cat","embeddable":true,"href":"https:\/\/nesputanavina.hr\/en\/wp-json\/wp\/v2\/product_cat?post=4272"},{"taxonomy":"product_tag","embeddable":true,"href":"https:\/\/nesputanavina.hr\/en\/wp-json\/wp\/v2\/product_tag?post=4272"}],"curies":[{"name":"wp","href":"https:\/\/api.w.org\/{rel}","templated":true}]}}