{"id":4275,"date":"2024-10-28T15:13:48","date_gmt":"2024-10-28T14:13:48","guid":{"rendered":"https:\/\/nesputanavina.hr\/shop\/werlitsch-gluck\/"},"modified":"2026-04-29T18:24:15","modified_gmt":"2026-04-29T16:24:15","slug":"werlitsch-gluck","status":"publish","type":"product","link":"https:\/\/nesputanavina.hr\/en\/shop\/werlitsch-gluck\/","title":{"rendered":"Gluck 2021"},"content":{"rendered":"<p>Werlitsch Gl\u00fcck je jedinstveno naran\u010dasto vino pionira prirodnog vinarstva u \u0160tajerskoj, Ewalda Tscheppea. Nakon dulje maceracije i dvogodi\u0161njeg odle\u017eavanja u velikim hrastovim ba\u010dvama, ovaj Sauvignon Blanc pru\u017ea puninu, profinjenost i energi\u010dnu mineralnost, s bogatim notama ko\u0161tuni\u010davog vo\u0107a, bilja i zrelih tanina. Vino za poseban u\u017eitak! Preporu\u010dena temperatura serviranja je 12 do 14 \u00b0C.<\/p>\n","protected":false},"excerpt":{"rendered":"<p>Werlitsch Gl\u00fcck je jedinstveno naran\u010dasto vino pionira prirodnog vinarstva u \u0160tajerskoj, Ewalda Tscheppea. Nakon dulje maceracije i dvogodi\u0161njeg odle\u017eavanja u velikim hrastovim ba\u010dvama, ovaj Sauvignon Blanc pru\u017ea puninu, profinjenost i energi\u010dnu mineralnost, s bogatim notama ko\u0161tuni\u010davog vo\u0107a, bilja i zrelih tanina. Vino za poseban u\u017eitak! Preporu\u010dena temperatura serviranja je 12 do 14 \u00b0C.<\/p>\n","protected":false},"featured_media":4307,"template":"","meta":{"_acf_changed":false,"_et_pb_use_builder":"","_et_pb_old_content":"","_et_gb_content_width":"","inline_featured_image":false},"product_brand":[],"product_cat":[122,125],"product_tag":[],"class_list":{"0":"post-4275","1":"product","2":"type-product","3":"status-publish","4":"has-post-thumbnail","6":"product_cat-aktivno","7":"product_cat-nesputani-izbor","8":"pa_nesputani-izbor-hrana-za-misli","9":"pa_nesputani-izbor-rariteti","10":"pa_stil-vina-mineralna-i-elegantna","11":"pa_stil-vina-bogata-i-slojevita","12":"pa_tip-vina-bijela-macerirana","13":"pa_uzgoj-biodinamicki","14":"pa_volumen-boce-750ml","16":"first","17":"instock","18":"taxable","19":"shipping-taxable","20":"purchasable","21":"product-type-simple"},"acf":[],"_links":{"self":[{"href":"https:\/\/nesputanavina.hr\/en\/wp-json\/wp\/v2\/product\/4275","targetHints":{"allow":["GET"]}}],"collection":[{"href":"https:\/\/nesputanavina.hr\/en\/wp-json\/wp\/v2\/product"}],"about":[{"href":"https:\/\/nesputanavina.hr\/en\/wp-json\/wp\/v2\/types\/product"}],"wp:featuredmedia":[{"embeddable":true,"href":"https:\/\/nesputanavina.hr\/en\/wp-json\/wp\/v2\/media\/4307"}],"wp:attachment":[{"href":"https:\/\/nesputanavina.hr\/en\/wp-json\/wp\/v2\/media?parent=4275"}],"wp:term":[{"taxonomy":"product_brand","embeddable":true,"href":"https:\/\/nesputanavina.hr\/en\/wp-json\/wp\/v2\/product_brand?post=4275"},{"taxonomy":"product_cat","embeddable":true,"href":"https:\/\/nesputanavina.hr\/en\/wp-json\/wp\/v2\/product_cat?post=4275"},{"taxonomy":"product_tag","embeddable":true,"href":"https:\/\/nesputanavina.hr\/en\/wp-json\/wp\/v2\/product_tag?post=4275"}],"curies":[{"name":"wp","href":"https:\/\/api.w.org\/{rel}","templated":true}]}}