{"id":4370,"date":"2024-11-02T15:07:26","date_gmt":"2024-11-02T14:07:26","guid":{"rendered":"https:\/\/nesputanavina.hr\/shop\/tomac-marany\/"},"modified":"2026-04-14T11:33:24","modified_gmt":"2026-04-14T09:33:24","slug":"tomac-marany","status":"publish","type":"product","link":"https:\/\/nesputanavina.hr\/en\/shop\/tomac-marany\/","title":{"rendered":"Marany 2023"},"content":{"rendered":"<div class=\"flex max-w-full flex-col flex-grow\">\n<div class=\"min-h-8 text-message flex w-full flex-col items-end gap-2 whitespace-normal break-words [.text-message+&amp;]:mt-5\" dir=\"auto\" data-message-author-role=\"assistant\" data-message-id=\"8ffee293-b4d2-495d-ba2b-7c91f6a39818\" data-message-model-slug=\"gpt-4o\">\n<div class=\"flex w-full flex-col gap-1 empty:hidden first:pt-[3px]\">\n<div class=\"markdown prose w-full break-words dark:prose-invert dark\">\n<p>Tomac Marany nosi simboli\u010dno ime izvedeno iz gruzijskog naziva \u201cMarany\u201d \u2013 prostora za tradicionalnu proizvodnju vina, poznatog i kao \u201cvrt amfora\u201d. Obitelj Tomac odlu\u010dila je 2023. godinu napraviti od \u010distog traminca &#8211; \u010dista sre\u0107a za nas! Vino je pro\u0161lo proces odle\u017eavanja u tradicionalnim gruzijskim amforama te neutralnim drvenim ba\u010dvama, \u0161to je omogu\u0107ilo slo\u017eeni razvoj aroma i strukture. Marany je na nosu aromati\u010dan, a na nepcu bogat aromama ko\u0161tuni\u010davog vo\u0107a i korice naran\u010de, uz zemljane tonove gline koji doprinose ugodnoj suho\u0107i. Jedinstveno vino, s dozom divljine, koje lijepo spaja gruzijsku tradiciju i ple\u0161ivi\u010dki terroir.<\/p>\n<\/div>\n<\/div>\n<\/div>\n<\/div>\n","protected":false},"excerpt":{"rendered":"<p>Tomac Marany nosi simboli\u010dno ime izvedeno iz gruzijskog naziva \u201cMarany\u201d \u2013 prostora za tradicionalnu proizvodnju vina, poznatog i kao \u201cvrt amfora\u201d. Obitelj Tomac odlu\u010dila je 2023. godinu napraviti od \u010distog traminca &#8211; \u010dista sre\u0107a za nas! Vino je pro\u0161lo proces odle\u017eavanja u tradicionalnim gruzijskim amforama te neutralnim drvenim ba\u010dvama, \u0161to je omogu\u0107ilo slo\u017eeni razvoj aroma [&hellip;]<\/p>\n","protected":false},"featured_media":4396,"template":"","meta":{"_acf_changed":false,"_et_pb_use_builder":"","_et_pb_old_content":"","_et_gb_content_width":"","inline_featured_image":false},"product_brand":[],"product_cat":[92],"product_tag":[],"class_list":{"0":"post-4370","1":"product","2":"type-product","3":"status-publish","4":"has-post-thumbnail","6":"product_cat-hiddenproducts","7":"pa_stil-vina-lagana-i-svjeza","8":"pa_tip-vina-bijela-macerirana","9":"pa_uzgoj-biodinamicki","10":"pa_volumen-boce-750ml","12":"first","13":"outofstock","14":"taxable","15":"shipping-taxable","16":"purchasable","17":"product-type-simple"},"acf":[],"_links":{"self":[{"href":"https:\/\/nesputanavina.hr\/en\/wp-json\/wp\/v2\/product\/4370","targetHints":{"allow":["GET"]}}],"collection":[{"href":"https:\/\/nesputanavina.hr\/en\/wp-json\/wp\/v2\/product"}],"about":[{"href":"https:\/\/nesputanavina.hr\/en\/wp-json\/wp\/v2\/types\/product"}],"wp:featuredmedia":[{"embeddable":true,"href":"https:\/\/nesputanavina.hr\/en\/wp-json\/wp\/v2\/media\/4396"}],"wp:attachment":[{"href":"https:\/\/nesputanavina.hr\/en\/wp-json\/wp\/v2\/media?parent=4370"}],"wp:term":[{"taxonomy":"product_brand","embeddable":true,"href":"https:\/\/nesputanavina.hr\/en\/wp-json\/wp\/v2\/product_brand?post=4370"},{"taxonomy":"product_cat","embeddable":true,"href":"https:\/\/nesputanavina.hr\/en\/wp-json\/wp\/v2\/product_cat?post=4370"},{"taxonomy":"product_tag","embeddable":true,"href":"https:\/\/nesputanavina.hr\/en\/wp-json\/wp\/v2\/product_tag?post=4370"}],"curies":[{"name":"wp","href":"https:\/\/api.w.org\/{rel}","templated":true}]}}