{"id":4372,"date":"2024-11-02T15:07:27","date_gmt":"2024-11-02T14:07:27","guid":{"rendered":"https:\/\/nesputanavina.hr\/shop\/tomac-blanc-de-noirs\/"},"modified":"2026-04-14T11:33:24","modified_gmt":"2026-04-14T09:33:24","slug":"tomac-blanc-de-noirs","status":"publish","type":"product","link":"https:\/\/nesputanavina.hr\/en\/shop\/tomac-blanc-de-noirs\/","title":{"rendered":"Blanc de Noirs Brut Nature"},"content":{"rendered":"<p>Tomac Blanc de Noirs je elegantan i osebujan pjenu\u0161ac proizveden isklju\u010divo od crnog pinota, pa\u017eljivo izra\u0111en po tradicionalnoj metodi. Vino se odlikuje suptilnim vo\u0107nim aromama, uz lijepo izbalansirane tonove brio\u0161a i badema koji se razvijaju kroz trogodi\u0161nje odle\u017eavanje na finom talogu. Na nepcu, Blanc de Noirs nudi postojanu mineralnost, \u017eivahnu kiselost i elegantno, kremasto perlanje, pru\u017eaju\u0107i bogato i dugotrajno iskustvo koje zavr\u0161ava finom svje\u017einom.<\/p>\n","protected":false},"excerpt":{"rendered":"<p>Tomac Blanc de Noirs je elegantan i osebujan pjenu\u0161ac proizveden isklju\u010divo od crnog pinota, pa\u017eljivo izra\u0111en po tradicionalnoj metodi. Vino se odlikuje suptilnim vo\u0107nim aromama, uz lijepo izbalansirane tonove brio\u0161a i badema koji se razvijaju kroz trogodi\u0161nje odle\u017eavanje na finom talogu. Na nepcu, Blanc de Noirs nudi postojanu mineralnost, \u017eivahnu kiselost i elegantno, kremasto perlanje, [&hellip;]<\/p>\n","protected":false},"featured_media":4377,"template":"","meta":{"_acf_changed":false,"_et_pb_use_builder":"","_et_pb_old_content":"","_et_gb_content_width":"","inline_featured_image":false},"product_brand":[],"product_cat":[92],"product_tag":[],"class_list":{"0":"post-4372","1":"product","2":"type-product","3":"status-publish","4":"has-post-thumbnail","6":"product_cat-hiddenproducts","7":"pa_stil-vina-bogata-i-slojevita","8":"pa_tip-vina-pjenusavo-tradicionalna-metoda","9":"pa_uzgoj-biodinamicki","10":"pa_volumen-boce-750ml","12":"first","13":"outofstock","14":"taxable","15":"shipping-taxable","16":"purchasable","17":"product-type-simple"},"acf":[],"_links":{"self":[{"href":"https:\/\/nesputanavina.hr\/en\/wp-json\/wp\/v2\/product\/4372","targetHints":{"allow":["GET"]}}],"collection":[{"href":"https:\/\/nesputanavina.hr\/en\/wp-json\/wp\/v2\/product"}],"about":[{"href":"https:\/\/nesputanavina.hr\/en\/wp-json\/wp\/v2\/types\/product"}],"wp:featuredmedia":[{"embeddable":true,"href":"https:\/\/nesputanavina.hr\/en\/wp-json\/wp\/v2\/media\/4377"}],"wp:attachment":[{"href":"https:\/\/nesputanavina.hr\/en\/wp-json\/wp\/v2\/media?parent=4372"}],"wp:term":[{"taxonomy":"product_brand","embeddable":true,"href":"https:\/\/nesputanavina.hr\/en\/wp-json\/wp\/v2\/product_brand?post=4372"},{"taxonomy":"product_cat","embeddable":true,"href":"https:\/\/nesputanavina.hr\/en\/wp-json\/wp\/v2\/product_cat?post=4372"},{"taxonomy":"product_tag","embeddable":true,"href":"https:\/\/nesputanavina.hr\/en\/wp-json\/wp\/v2\/product_tag?post=4372"}],"curies":[{"name":"wp","href":"https:\/\/api.w.org\/{rel}","templated":true}]}}