{"id":4373,"date":"2024-11-02T15:07:27","date_gmt":"2024-11-02T14:07:27","guid":{"rendered":"https:\/\/nesputanavina.hr\/shop\/ghira-kalamita\/"},"modified":"2026-04-14T11:33:25","modified_gmt":"2026-04-14T09:33:25","slug":"ghira-kalamita","status":"publish","type":"product","link":"https:\/\/nesputanavina.hr\/en\/shop\/ghira-kalamita\/","title":{"rendered":"Kalamita 2023"},"content":{"rendered":"<p>Ghira Malvazija svje\u017ee je, lagano vino s organskih vinograda u okolici Novigrada, iza kojeg stoji talentirani vinar Damir Miheli\u0107. Ovo vino o\u010darava notama \u017eute jabuke, koje se razvijaju u bogate tonove saliniteta i badema, ostavljaju\u0107i dugotrajan dojam na nepcu. Njegova mineralnost i prozra\u010dna tekstura daju ovoj malvaziji posebnu pitkost i jedinstvenost.<\/p>\n","protected":false},"excerpt":{"rendered":"<p>Ghira Malvazija svje\u017ee je, lagano vino s organskih vinograda u okolici Novigrada, iza kojeg stoji talentirani vinar Damir Miheli\u0107. Ovo vino o\u010darava notama \u017eute jabuke, koje se razvijaju u bogate tonove saliniteta i badema, ostavljaju\u0107i dugotrajan dojam na nepcu. Njegova mineralnost i prozra\u010dna tekstura daju ovoj malvaziji posebnu pitkost i jedinstvenost.<\/p>\n","protected":false},"featured_media":4380,"template":"","meta":{"_acf_changed":false,"_et_pb_use_builder":"","_et_pb_old_content":"","_et_gb_content_width":"","inline_featured_image":false},"product_brand":[],"product_cat":[92],"product_tag":[],"class_list":{"0":"post-4373","1":"product","2":"type-product","3":"status-publish","4":"has-post-thumbnail","6":"product_cat-hiddenproducts","7":"pa_stil-vina-lagana-i-svjeza","8":"pa_tip-vina-bijela","9":"pa_uzgoj-organski","10":"pa_volumen-boce-750ml","12":"first","13":"outofstock","14":"taxable","15":"shipping-taxable","16":"purchasable","17":"product-type-simple"},"acf":[],"_links":{"self":[{"href":"https:\/\/nesputanavina.hr\/en\/wp-json\/wp\/v2\/product\/4373","targetHints":{"allow":["GET"]}}],"collection":[{"href":"https:\/\/nesputanavina.hr\/en\/wp-json\/wp\/v2\/product"}],"about":[{"href":"https:\/\/nesputanavina.hr\/en\/wp-json\/wp\/v2\/types\/product"}],"wp:featuredmedia":[{"embeddable":true,"href":"https:\/\/nesputanavina.hr\/en\/wp-json\/wp\/v2\/media\/4380"}],"wp:attachment":[{"href":"https:\/\/nesputanavina.hr\/en\/wp-json\/wp\/v2\/media?parent=4373"}],"wp:term":[{"taxonomy":"product_brand","embeddable":true,"href":"https:\/\/nesputanavina.hr\/en\/wp-json\/wp\/v2\/product_brand?post=4373"},{"taxonomy":"product_cat","embeddable":true,"href":"https:\/\/nesputanavina.hr\/en\/wp-json\/wp\/v2\/product_cat?post=4373"},{"taxonomy":"product_tag","embeddable":true,"href":"https:\/\/nesputanavina.hr\/en\/wp-json\/wp\/v2\/product_tag?post=4373"}],"curies":[{"name":"wp","href":"https:\/\/api.w.org\/{rel}","templated":true}]}}