{"id":4375,"date":"2024-11-02T15:07:27","date_gmt":"2024-11-02T14:07:27","guid":{"rendered":"https:\/\/nesputanavina.hr\/shop\/kosovec-skrlet-ovnek\/"},"modified":"2026-04-14T11:33:25","modified_gmt":"2026-04-14T09:33:25","slug":"kosovec-skrlet-ovnek","status":"publish","type":"product","link":"https:\/\/nesputanavina.hr\/en\/shop\/kosovec-skrlet-ovnek\/","title":{"rendered":"\u0160krlet Ovnek 2022"},"content":{"rendered":"<p>Kosovec Ovnek \u0160krlet predstavlja originalnu interpretaciju \u0161krleta, autohtone sorte iz Moslavine, koju je Ivan Kosovec, pionir prirodnog vinarstva na tom podru\u010dju, odlu\u010dio revitalizirati. Ovnek je poseban jer kombinira dva stila vinifikacije: izravno pre\u0161anje i maceraciju, \u010dime se posti\u017ee jedinstvena ravnote\u017ea svje\u017eine, suho\u0107e i aromatike. Ovaj \u0161krlet isti\u010de se mineralnim, elegantnim karakterom, uz blage citrusne i biljne note, dok na nepcu nudi strukturu koja ga \u010dini iznimno pitkim i harmoni\u010dnim.<\/p>\n","protected":false},"excerpt":{"rendered":"<p>Kosovec Ovnek \u0160krlet predstavlja originalnu interpretaciju \u0161krleta, autohtone sorte iz Moslavine, koju je Ivan Kosovec, pionir prirodnog vinarstva na tom podru\u010dju, odlu\u010dio revitalizirati. Ovnek je poseban jer kombinira dva stila vinifikacije: izravno pre\u0161anje i maceraciju, \u010dime se posti\u017ee jedinstvena ravnote\u017ea svje\u017eine, suho\u0107e i aromatike. Ovaj \u0161krlet isti\u010de se mineralnim, elegantnim karakterom, uz blage citrusne i [&hellip;]<\/p>\n","protected":false},"featured_media":4386,"template":"","meta":{"_acf_changed":false,"_et_pb_use_builder":"","_et_pb_old_content":"","_et_gb_content_width":"","inline_featured_image":false},"product_brand":[],"product_cat":[122],"product_tag":[],"class_list":{"0":"post-4375","1":"product","2":"type-product","3":"status-publish","4":"has-post-thumbnail","6":"product_cat-aktivno","7":"pa_nesputani-izbor-laganini-vina","8":"pa_stil-vina-lagana-i-svjeza","9":"pa_tip-vina-bijela","10":"pa_uzgoj-organski","11":"pa_volumen-boce-750ml","13":"first","14":"instock","15":"taxable","16":"shipping-taxable","17":"purchasable","18":"product-type-simple"},"acf":[],"_links":{"self":[{"href":"https:\/\/nesputanavina.hr\/en\/wp-json\/wp\/v2\/product\/4375","targetHints":{"allow":["GET"]}}],"collection":[{"href":"https:\/\/nesputanavina.hr\/en\/wp-json\/wp\/v2\/product"}],"about":[{"href":"https:\/\/nesputanavina.hr\/en\/wp-json\/wp\/v2\/types\/product"}],"wp:featuredmedia":[{"embeddable":true,"href":"https:\/\/nesputanavina.hr\/en\/wp-json\/wp\/v2\/media\/4386"}],"wp:attachment":[{"href":"https:\/\/nesputanavina.hr\/en\/wp-json\/wp\/v2\/media?parent=4375"}],"wp:term":[{"taxonomy":"product_brand","embeddable":true,"href":"https:\/\/nesputanavina.hr\/en\/wp-json\/wp\/v2\/product_brand?post=4375"},{"taxonomy":"product_cat","embeddable":true,"href":"https:\/\/nesputanavina.hr\/en\/wp-json\/wp\/v2\/product_cat?post=4375"},{"taxonomy":"product_tag","embeddable":true,"href":"https:\/\/nesputanavina.hr\/en\/wp-json\/wp\/v2\/product_tag?post=4375"}],"curies":[{"name":"wp","href":"https:\/\/api.w.org\/{rel}","templated":true}]}}