{"id":4376,"date":"2024-11-02T15:07:27","date_gmt":"2024-11-02T14:07:27","guid":{"rendered":"https:\/\/nesputanavina.hr\/shop\/kosovec-skrlet-selekcija\/"},"modified":"2026-03-27T20:58:04","modified_gmt":"2026-03-27T19:58:04","slug":"kosovec-skrlet-selekcija","status":"publish","type":"product","link":"https:\/\/nesputanavina.hr\/en\/shop\/kosovec-skrlet-selekcija\/","title":{"rendered":"\u0160krlet Selekcija 2018"},"content":{"rendered":"<p>Kosovec \u0160krlet Selekcija predstavlja jedno od istaknutih hrvatskih prirodnih vina, stvorenih od autohtone sorte \u0161krlet, kojoj se Ivan Kosovec posvetio s posebnom pa\u017enjom kao pionir takvog vinarstva u Moslavini. Ovo vino izra\u0111eno je od najkvalitetnijeg probranog gro\u017e\u0111a, koje nakon berbe prolazi vi\u0161etjednu maceraciju na ko\u017eicama. Zahvaljuju\u0107i tom procesu, razvija duboku strukturu i slo\u017een karakter, ali zadr\u017eava \u017eivahnu svje\u017einu. \u0160krlet Selekcija isti\u010de se aromama korice naran\u010de, blagim za\u010dinskim notama te vo\u0107nim notama dunje i suhog vo\u0107a, \u0161to mu daje dodatnu slojevitost i kompleksnost.<\/p>\n","protected":false},"excerpt":{"rendered":"<p>Kosovec \u0160krlet Selekcija predstavlja jedno od istaknutih hrvatskih prirodnih vina, stvorenih od autohtone sorte \u0161krlet, kojoj se Ivan Kosovec posvetio s posebnom pa\u017enjom kao pionir takvog vinarstva u Moslavini. Ovo vino izra\u0111eno je od najkvalitetnijeg probranog gro\u017e\u0111a, koje nakon berbe prolazi vi\u0161etjednu maceraciju na ko\u017eicama. Zahvaljuju\u0107i tom procesu, razvija duboku strukturu i slo\u017een karakter, ali [&hellip;]<\/p>\n","protected":false},"featured_media":4387,"template":"","meta":{"_acf_changed":false,"_et_pb_use_builder":"","_et_pb_old_content":"","_et_gb_content_width":"","inline_featured_image":false},"product_brand":[],"product_cat":[122],"product_tag":[],"class_list":{"0":"post-4376","1":"product","2":"type-product","3":"status-publish","4":"has-post-thumbnail","6":"product_cat-aktivno","7":"pa_nesputani-izbor-hrana-za-misli","8":"pa_stil-vina-bogata-i-slojevita","9":"pa_tip-vina-bijela-macerirana","10":"pa_uzgoj-organski","11":"pa_volumen-boce-750ml","13":"first","14":"instock","15":"taxable","16":"shipping-taxable","17":"purchasable","18":"product-type-simple"},"acf":[],"_links":{"self":[{"href":"https:\/\/nesputanavina.hr\/en\/wp-json\/wp\/v2\/product\/4376","targetHints":{"allow":["GET"]}}],"collection":[{"href":"https:\/\/nesputanavina.hr\/en\/wp-json\/wp\/v2\/product"}],"about":[{"href":"https:\/\/nesputanavina.hr\/en\/wp-json\/wp\/v2\/types\/product"}],"wp:featuredmedia":[{"embeddable":true,"href":"https:\/\/nesputanavina.hr\/en\/wp-json\/wp\/v2\/media\/4387"}],"wp:attachment":[{"href":"https:\/\/nesputanavina.hr\/en\/wp-json\/wp\/v2\/media?parent=4376"}],"wp:term":[{"taxonomy":"product_brand","embeddable":true,"href":"https:\/\/nesputanavina.hr\/en\/wp-json\/wp\/v2\/product_brand?post=4376"},{"taxonomy":"product_cat","embeddable":true,"href":"https:\/\/nesputanavina.hr\/en\/wp-json\/wp\/v2\/product_cat?post=4376"},{"taxonomy":"product_tag","embeddable":true,"href":"https:\/\/nesputanavina.hr\/en\/wp-json\/wp\/v2\/product_tag?post=4376"}],"curies":[{"name":"wp","href":"https:\/\/api.w.org\/{rel}","templated":true}]}}