{"id":4417,"date":"2024-11-04T17:39:19","date_gmt":"2024-11-04T16:39:19","guid":{"rendered":"https:\/\/nesputanavina.hr\/shop\/keltis-mario-roze\/"},"modified":"2026-04-14T11:33:35","modified_gmt":"2026-04-14T09:33:35","slug":"keltis-mario-roze","status":"publish","type":"product","link":"https:\/\/nesputanavina.hr\/en\/shop\/keltis-mario-roze\/","title":{"rendered":"Mario Roze 2022"},"content":{"rendered":"<p>Keltis Mario Roze je pjenu\u0161ac tradicionalne kupa\u017ee pinot crnog i chardonnaya, koji odu\u0161evljava svojom iznimnom svje\u017einom. Ovaj pjenu\u0161ac nudi lijepu puno\u0107u uz suho\u0107u koja ga \u010dini idealnim izborom za svaku priliku. Mjehuri\u0107i su sitni i \u017eivahni, dodaju\u0107i dinami\u010dnost svakom gutljaju. Aromatski profil najvi\u0161e podsje\u0107a na cvije\u0107e, so\u010dne jagode i oguljene jabuke.<\/p>\n","protected":false},"excerpt":{"rendered":"<p>Keltis Mario Roze je pjenu\u0161ac tradicionalne kupa\u017ee pinot crnog i chardonnaya, koji odu\u0161evljava svojom iznimnom svje\u017einom. Ovaj pjenu\u0161ac nudi lijepu puno\u0107u uz suho\u0107u koja ga \u010dini idealnim izborom za svaku priliku. Mjehuri\u0107i su sitni i \u017eivahni, dodaju\u0107i dinami\u010dnost svakom gutljaju. Aromatski profil najvi\u0161e podsje\u0107a na cvije\u0107e, so\u010dne jagode i oguljene jabuke.<\/p>\n","protected":false},"featured_media":4423,"template":"","meta":{"_acf_changed":false,"_et_pb_use_builder":"","_et_pb_old_content":"","_et_gb_content_width":"","inline_featured_image":false},"product_brand":[],"product_cat":[92],"product_tag":[],"class_list":{"0":"post-4417","1":"product","2":"type-product","3":"status-publish","4":"has-post-thumbnail","6":"product_cat-hiddenproducts","7":"pa_stil-vina-mineralna-i-elegantna","8":"pa_tip-vina-pjenusavo-tradicionalna-metoda","9":"pa_uzgoj-biodinamicki","10":"pa_volumen-boce-750ml","12":"first","13":"outofstock","14":"taxable","15":"shipping-taxable","16":"purchasable","17":"product-type-simple"},"acf":[],"_links":{"self":[{"href":"https:\/\/nesputanavina.hr\/en\/wp-json\/wp\/v2\/product\/4417","targetHints":{"allow":["GET"]}}],"collection":[{"href":"https:\/\/nesputanavina.hr\/en\/wp-json\/wp\/v2\/product"}],"about":[{"href":"https:\/\/nesputanavina.hr\/en\/wp-json\/wp\/v2\/types\/product"}],"wp:featuredmedia":[{"embeddable":true,"href":"https:\/\/nesputanavina.hr\/en\/wp-json\/wp\/v2\/media\/4423"}],"wp:attachment":[{"href":"https:\/\/nesputanavina.hr\/en\/wp-json\/wp\/v2\/media?parent=4417"}],"wp:term":[{"taxonomy":"product_brand","embeddable":true,"href":"https:\/\/nesputanavina.hr\/en\/wp-json\/wp\/v2\/product_brand?post=4417"},{"taxonomy":"product_cat","embeddable":true,"href":"https:\/\/nesputanavina.hr\/en\/wp-json\/wp\/v2\/product_cat?post=4417"},{"taxonomy":"product_tag","embeddable":true,"href":"https:\/\/nesputanavina.hr\/en\/wp-json\/wp\/v2\/product_tag?post=4417"}],"curies":[{"name":"wp","href":"https:\/\/api.w.org\/{rel}","templated":true}]}}