{"id":4418,"date":"2024-11-04T17:39:19","date_gmt":"2024-11-04T16:39:19","guid":{"rendered":"https:\/\/nesputanavina.hr\/shop\/keltis-mufi\/"},"modified":"2026-04-14T11:33:35","modified_gmt":"2026-04-14T09:33:35","slug":"keltis-mufi","status":"publish","type":"product","link":"https:\/\/nesputanavina.hr\/en\/shop\/keltis-mufi\/","title":{"rendered":"Mufi 2023"},"content":{"rendered":"<p>Pitak i osvje\u017eavaju\u0107i pjenu\u0161ac napravljen ancestralnom metodom. Vino je buteljirano prije zavr\u0161etka fermentacije, koja se zavr\u0161ava pod pritiskom u boci. Zbog svoje svje\u017eine prozvan je i \u201climunada s mjehuri\u0107ima\u201d. Osim izra\u017eenih citrusnih nota, mo\u017ee se osjetiti i suptilna mu\u0161katna aromatika. Perlanje je nje\u017eno i blago, a vino je potpuno suho i bez dodatka sulfita.<\/p>\n","protected":false},"excerpt":{"rendered":"<p>Pitak i osvje\u017eavaju\u0107i pjenu\u0161ac napravljen ancestralnom metodom. Vino je buteljirano prije zavr\u0161etka fermentacije, koja se zavr\u0161ava pod pritiskom u boci. Zbog svoje svje\u017eine prozvan je i \u201climunada s mjehuri\u0107ima\u201d. Osim izra\u017eenih citrusnih nota, mo\u017ee se osjetiti i suptilna mu\u0161katna aromatika. Perlanje je nje\u017eno i blago, a vino je potpuno suho i bez dodatka sulfita.<\/p>\n","protected":false},"featured_media":4425,"template":"","meta":{"_acf_changed":false,"_et_pb_use_builder":"","_et_pb_old_content":"","_et_gb_content_width":"","inline_featured_image":false},"product_brand":[],"product_cat":[92],"product_tag":[],"class_list":{"0":"post-4418","1":"product","2":"type-product","3":"status-publish","4":"has-post-thumbnail","6":"product_cat-hiddenproducts","7":"pa_nesputani-izbor-laganini-vina","8":"pa_stil-vina-lagana-i-svjeza","9":"pa_tip-vina-pjenusavo-pet-nat","10":"pa_uzgoj-biodinamicki","11":"pa_volumen-boce-750ml","13":"first","14":"outofstock","15":"taxable","16":"shipping-taxable","17":"purchasable","18":"product-type-simple"},"acf":[],"_links":{"self":[{"href":"https:\/\/nesputanavina.hr\/en\/wp-json\/wp\/v2\/product\/4418","targetHints":{"allow":["GET"]}}],"collection":[{"href":"https:\/\/nesputanavina.hr\/en\/wp-json\/wp\/v2\/product"}],"about":[{"href":"https:\/\/nesputanavina.hr\/en\/wp-json\/wp\/v2\/types\/product"}],"wp:featuredmedia":[{"embeddable":true,"href":"https:\/\/nesputanavina.hr\/en\/wp-json\/wp\/v2\/media\/4425"}],"wp:attachment":[{"href":"https:\/\/nesputanavina.hr\/en\/wp-json\/wp\/v2\/media?parent=4418"}],"wp:term":[{"taxonomy":"product_brand","embeddable":true,"href":"https:\/\/nesputanavina.hr\/en\/wp-json\/wp\/v2\/product_brand?post=4418"},{"taxonomy":"product_cat","embeddable":true,"href":"https:\/\/nesputanavina.hr\/en\/wp-json\/wp\/v2\/product_cat?post=4418"},{"taxonomy":"product_tag","embeddable":true,"href":"https:\/\/nesputanavina.hr\/en\/wp-json\/wp\/v2\/product_tag?post=4418"}],"curies":[{"name":"wp","href":"https:\/\/api.w.org\/{rel}","templated":true}]}}