{"id":4732,"date":"2024-11-26T11:29:26","date_gmt":"2024-11-26T10:29:26","guid":{"rendered":"https:\/\/nesputanavina.hr\/shop\/j-zillinger-v-zweigelt\/"},"modified":"2026-04-14T11:33:25","modified_gmt":"2026-04-14T09:33:25","slug":"j-zillinger-v-zweigelt","status":"publish","type":"product","link":"https:\/\/nesputanavina.hr\/en\/shop\/j-zillinger-v-zweigelt\/","title":{"rendered":"Velue Zweigelt 2021"},"content":{"rendered":"<p>J. Zillinger Velue Zweigelt je lagano i pristupa\u010dno crno vino, koje obiluje vo\u0107nim aromama tre\u0161nje i \u0161ipka. S niskim sadr\u017eajem tanina i ugodnom kiselosti, ovo vino je svje\u017ee i harmoni\u010dno, pru\u017eaju\u0107i izvrsnu vrijednost za visoku kvalitetu.<\/p>\n","protected":false},"excerpt":{"rendered":"<p>J. Zillinger Velue Zweigelt je lagano i pristupa\u010dno crno vino, koje obiluje vo\u0107nim aromama tre\u0161nje i \u0161ipka. S niskim sadr\u017eajem tanina i ugodnom kiselosti, ovo vino je svje\u017ee i harmoni\u010dno, pru\u017eaju\u0107i izvrsnu vrijednost za visoku kvalitetu.<\/p>\n","protected":false},"featured_media":4865,"template":"","meta":{"_acf_changed":false,"_et_pb_use_builder":"","_et_pb_old_content":"","_et_gb_content_width":"","inline_featured_image":false},"product_brand":[],"product_cat":[122],"product_tag":[],"class_list":{"0":"post-4732","1":"product","2":"type-product","3":"status-publish","4":"has-post-thumbnail","6":"product_cat-aktivno","7":"pa_nesputani-izbor-laganini-vina","8":"pa_stil-vina-lagana-i-svjeza","9":"pa_tip-vina-crvena","10":"pa_uzgoj-biodinamicki","11":"pa_volumen-boce-750ml","13":"first","14":"instock","15":"taxable","16":"shipping-taxable","17":"purchasable","18":"product-type-simple"},"acf":[],"_links":{"self":[{"href":"https:\/\/nesputanavina.hr\/en\/wp-json\/wp\/v2\/product\/4732","targetHints":{"allow":["GET"]}}],"collection":[{"href":"https:\/\/nesputanavina.hr\/en\/wp-json\/wp\/v2\/product"}],"about":[{"href":"https:\/\/nesputanavina.hr\/en\/wp-json\/wp\/v2\/types\/product"}],"wp:featuredmedia":[{"embeddable":true,"href":"https:\/\/nesputanavina.hr\/en\/wp-json\/wp\/v2\/media\/4865"}],"wp:attachment":[{"href":"https:\/\/nesputanavina.hr\/en\/wp-json\/wp\/v2\/media?parent=4732"}],"wp:term":[{"taxonomy":"product_brand","embeddable":true,"href":"https:\/\/nesputanavina.hr\/en\/wp-json\/wp\/v2\/product_brand?post=4732"},{"taxonomy":"product_cat","embeddable":true,"href":"https:\/\/nesputanavina.hr\/en\/wp-json\/wp\/v2\/product_cat?post=4732"},{"taxonomy":"product_tag","embeddable":true,"href":"https:\/\/nesputanavina.hr\/en\/wp-json\/wp\/v2\/product_tag?post=4732"}],"curies":[{"name":"wp","href":"https:\/\/api.w.org\/{rel}","templated":true}]}}